{"id":702,"date":"2023-08-28T09:21:52","date_gmt":"2023-08-28T07:21:52","guid":{"rendered":"https:\/\/simplebeez.com\/privacy-policy\/"},"modified":"2023-08-28T09:24:26","modified_gmt":"2023-08-28T07:24:26","slug":"zasady-ochrany-osobnich-udaju","status":"publish","type":"page","link":"https:\/\/www.simplebeez.com\/cs\/zasady-ochrany-osobnich-udaju\/","title":{"rendered":"Z\u00e1sady ochrany osobn\u00edch \u00fadaj\u016f"},"content":{"rendered":"\n<p><strong>Datum \u00fa\u010dinnosti: 25.8.2023<\/strong><\/p>\n\n\n\n<p>Va\u0161e soukrom\u00ed je pro n\u00e1s d\u016fle\u017eit\u00e9. Tato Z\u00e1sady ochrany osobn\u00edch \u00fadaj\u016f popisuj\u00ed, jak\u00fdm zp\u016fsobem sb\u00edr\u00e1me, pou\u017e\u00edv\u00e1me a chr\u00e1n\u00edme va\u0161e osobn\u00ed \u00fadaje. Pros\u00edm, pozorn\u011b si je p\u0159e\u010dt\u011bte.<\/p>\n\n\n\n<p><strong>Sb\u011br osobn\u00edch \u00fadaj\u016f<\/strong><\/p>\n\n\n\n<p>P\u0159i registraci na na\u0161em webu shroma\u017e\u010fujeme n\u00e1sleduj\u00edc\u00ed osobn\u00ed \u00fadaje:<\/p>\n\n\n\n<p>Jm\u00e9no<\/p>\n\n\n\n<p>E-mailov\u00e1 adresa<\/p>\n\n\n\n<p><strong>\u00da\u010del zpracov\u00e1n\u00ed osobn\u00edch \u00fadaj\u016f<\/strong><\/p>\n\n\n\n<p>Va\u0161e osobn\u00ed \u00fadaje budou zpracov\u00e1v\u00e1ny pro n\u00e1sleduj\u00edc\u00ed \u00fa\u010dely:<\/p>\n\n\n\n<p>Zas\u00edl\u00e1n\u00ed relevantn\u00edch informac\u00ed a aktualizac\u00ed<\/p>\n\n\n\n<p>Vylep\u0161en\u00ed na\u0161ich slu\u017eeb a produkt\u016f<\/p>\n\n\n\n<p>Odpov\u011bdi na va\u0161e ot\u00e1zky<\/p>\n\n\n\n<p><strong>Sd\u00edlen\u00ed osobn\u00edch \u00fadaj\u016f<\/strong><\/p>\n\n\n\n<p>Neposkytujeme va\u0161e osobn\u00ed \u00fadaje t\u0159et\u00edm stran\u00e1m bez va\u0161eho souhlasu, s v\u00fdjimkou situac\u00ed, kdy je to nezbytn\u00e9 pro pln\u011bn\u00ed na\u0161ich slu\u017eeb nebo pokud n\u00e1s k tomu z\u00e1vazn\u011b zavazuje pr\u00e1vn\u00ed p\u0159edpis.<\/p>\n\n\n\n<p><strong>Bezpe\u010dnost osobn\u00edch \u00fadaj\u016f<\/strong><\/p>\n\n\n\n<p>Va\u0161e osobn\u00ed \u00fadaje jsou u n\u00e1s v bezpe\u010d\u00ed. Pou\u017e\u00edv\u00e1me bezpe\u010dnostn\u00ed opat\u0159en\u00ed, kter\u00e1 chr\u00e1n\u00ed va\u0161e \u00fadaje p\u0159ed neopr\u00e1vn\u011bn\u00fdm p\u0159\u00edstupem, ztr\u00e1tou, zneu\u017eit\u00edm nebo zm\u011bnou.<\/p>\n\n\n\n<p><strong>Cookies<\/strong><\/p>\n\n\n\n<p>Na\u0161e webov\u00e9 str\u00e1nky mohou vyu\u017e\u00edvat cookies. Tyto soubory cookies pom\u00e1haj\u00ed zlep\u0161ovat va\u0161i u\u017eivatelskou zku\u0161enost a sledovat n\u00e1v\u0161t\u011bvnost na\u0161eho webu. M\u016f\u017eete je kdykoli zak\u00e1zat ve sv\u00e9m prohl\u00ed\u017ee\u010di, pokud si to p\u0159ejete.<\/p>\n\n\n\n<p><strong>Pr\u00e1va u\u017eivatel\u016f<\/strong><\/p>\n\n\n\n<p>M\u00e1te pr\u00e1vo \u017e\u00e1dat o p\u0159\u00edstup ke sv\u00fdm osobn\u00edm \u00fadaj\u016fm, jejich opravu, smaz\u00e1n\u00ed nebo omezen\u00ed zpracov\u00e1n\u00ed. M\u016f\u017eete tak\u00e9 kdykoli odvolat sv\u016fj souhlas se zpracov\u00e1n\u00edm \u00fadaj\u016f.<\/p>\n\n\n\n<p><strong>Kontakt<\/strong><\/p>\n\n\n\n<p>Pokud m\u00e1te jak\u00e9koliv dotazy ohledn\u011b t\u00e9to Z\u00e1sady ochrany osobn\u00edch \u00fadaj\u016f nebo chcete uplatnit sv\u00e1 pr\u00e1va, obra\u0165te se na n\u00e1s na [e-mailov\u00e1 adresa pro kontakt].<\/p>\n\n\n\n<p><strong>Zm\u011bny v Z\u00e1sad\u00e1ch ochrany osobn\u00edch \u00fadaj\u016f<\/strong><\/p>\n\n\n\n<p>Tato Z\u00e1sada ochrany osobn\u00edch \u00fadaj\u016f m\u016f\u017ee b\u00fdt aktualizov\u00e1na. Aktu\u00e1ln\u00ed verzi v\u017edy najdete na na\u0161em webu s uveden\u00fdm datem \u00fa\u010dinnosti.<\/p>\n\n\n\n<p>Va\u0161e pou\u017e\u00edv\u00e1n\u00ed na\u0161ich slu\u017eeb po zm\u011bn\u011b t\u00e9to Z\u00e1sady ochrany osobn\u00edch \u00fadaj\u016f znamen\u00e1 va\u0161e souhlas s aktualizovanou verz\u00ed.<\/p>\n","protected":false},"excerpt":{"rendered":"<p>Datum \u00fa\u010dinnosti: 25.8.2023 Va\u0161e soukrom\u00ed je pro n\u00e1s d\u016fle\u017eit\u00e9. Tato Z\u00e1sady ochrany osobn\u00edch \u00fadaj\u016f popisuj\u00ed, jak\u00fdm zp\u016fsobem sb\u00edr\u00e1me, pou\u017e\u00edv\u00e1me a chr\u00e1n\u00edme va\u0161e osobn\u00ed \u00fadaje. Pros\u00edm, pozorn\u011b si je p\u0159e\u010dt\u011bte. Sb\u011br osobn\u00edch \u00fadaj\u016f P\u0159i registraci na na\u0161em webu shroma\u017e\u010fujeme n\u00e1sleduj\u00edc\u00ed osobn\u00ed \u00fadaje: Jm\u00e9no E-mailov\u00e1 adresa \u00da\u010del zpracov\u00e1n\u00ed osobn\u00edch \u00fadaj\u016f Va\u0161e osobn\u00ed \u00fadaje budou zpracov\u00e1v\u00e1ny pro n\u00e1sleduj\u00edc\u00ed [&hellip;]<\/p>\n","protected":false},"author":1,"featured_media":0,"parent":0,"menu_order":0,"comment_status":"closed","ping_status":"closed","template":"","meta":{"footnotes":""},"class_list":["post-702","page","type-page","status-publish","hentry"],"meta_box":{"simplebeez_hero_title":"","simplebeez_hero_subtitle":"","simplebeez_hero_btn_text":"","simplebeez_hero_btn_url":"","simplebeez_hero_btn_image_left":[],"simplebeez_hero_btn_image_right":[],"simplebeez_cta_field_title":"","simplebeez_cta_field_subtitle":"","simplebeez_cta_field_btntext":"","simplebeez_cta_field_btn_url":"","radio":"","simplebeez_who_we_are_field_title":"","simplebeez_who_we_are_field_description":"","simplebeez_who_we_are_field_text_btn":"","simplebeez_who_we_are_field_btn_link":"","simplebeez_who_we_are_field_images":[],"simplebeez_our_services_title":"","simplebeez_our_services_box_group":[],"simplebeez_company_number_title":"","simplebeez_company_number_description":"","simplebeez_company_number_btn_text":"","simplebeez_company_number_btn_link":"","simplebeez_company_number_group":[],"simplebeez_header_image":[],"simplebeez_tiles_group":[],"simplebeez_contact_form_title":"","simplebeez_contact_form_description":"","simplebeez_solution_first_section_title":"","simplebeez_solution_first_section_description":"","simplebeez_solution_first_section_sub_description":"","simplebeez_solution_first_section_images":[],"simplebeez_image_boxes_heading_h2":"","simplebeez_image_boxes_group":[],"simplebeez_navigation_tabs_group":[],"simplebeez_heading_h2_title":"","simplebeez_our_features_heading_h2":"","simplebeez_our_features_field_title":"","simplebeez_our_features_box_group":[],"simplebeez_our_features_and_more_field_title":"","simplebeez_faq_title":"","simplebeez_faq_box_group":[],"simplebeez_carrers_title":"","simplebeez_carrers_subtitle":"","simplebeez_carrers_description":"","simplebeez_carrers_blockquet_right":"","simplebeez_carrers_title_jobs":"","simplebeez_carrers_group_jobs":[],"simplebeez_carrers_group_image_carousel":[],"simplebeez_carrers_group_benefits":[],"simplebeez_partners_group":[],"simplebeez_white_papers_group":[],"simplebeez_modal_title":"","simplebeez_modal_input_text":"","simplebeez_modal_valid_text":"","simplebeez_modal_checkbox_title":"","simplebeez_modal_btn_send":"","simplebeez_modal_btn_close":"","simplebeez_contact_us_contact_title":"","simplebeez_contact_us_open_hours_title":"","simplebeez_contact_us_open_hours_description":"","simplebeez_contact_us_title":"","simplebeez_contact_us_description":"","simplebeez_contact_us_group_image":[],"latest_blog_post_title":"","latest_blog_post_btn_text":""},"_links":{"self":[{"href":"https:\/\/www.simplebeez.com\/cs\/wp-json\/wp\/v2\/pages\/702","targetHints":{"allow":["GET"]}}],"collection":[{"href":"https:\/\/www.simplebeez.com\/cs\/wp-json\/wp\/v2\/pages"}],"about":[{"href":"https:\/\/www.simplebeez.com\/cs\/wp-json\/wp\/v2\/types\/page"}],"author":[{"embeddable":true,"href":"https:\/\/www.simplebeez.com\/cs\/wp-json\/wp\/v2\/users\/1"}],"replies":[{"embeddable":true,"href":"https:\/\/www.simplebeez.com\/cs\/wp-json\/wp\/v2\/comments?post=702"}],"version-history":[{"count":1,"href":"https:\/\/www.simplebeez.com\/cs\/wp-json\/wp\/v2\/pages\/702\/revisions"}],"predecessor-version":[{"id":703,"href":"https:\/\/www.simplebeez.com\/cs\/wp-json\/wp\/v2\/pages\/702\/revisions\/703"}],"wp:attachment":[{"href":"https:\/\/www.simplebeez.com\/cs\/wp-json\/wp\/v2\/media?parent=702"}],"curies":[{"name":"wp","href":"https:\/\/api.w.org\/{rel}","templated":true}]}}