{"id":685,"date":"2023-08-22T09:38:04","date_gmt":"2023-08-22T07:38:04","guid":{"rendered":"https:\/\/simplebeez.com\/solutions\/"},"modified":"2023-09-07T20:50:37","modified_gmt":"2023-09-07T18:50:37","slug":"solutions","status":"publish","type":"page","link":"https:\/\/www.simplebeez.com\/cs\/solutions\/","title":{"rendered":"\u0158e\u0161en\u00ed"},"content":{"rendered":"","protected":false},"excerpt":{"rendered":"","protected":false},"author":1,"featured_media":0,"parent":0,"menu_order":0,"comment_status":"closed","ping_status":"closed","template":"","meta":{"footnotes":""},"class_list":["post-685","page","type-page","status-publish","hentry"],"meta_box":{"simplebeez_hero_title":"","simplebeez_hero_subtitle":"","simplebeez_hero_btn_text":"","simplebeez_hero_btn_url":"","simplebeez_hero_btn_image_left":[],"simplebeez_hero_btn_image_right":[],"simplebeez_cta_field_title":"Jsme tu, abychom v\u00e1m pomohli","simplebeez_cta_field_subtitle":"Napl\u00e1nujte si hovor s na\u0161imi konzulta\u010dn\u00edmi odborn\u00edky","simplebeez_cta_field_btntext":"Kontaktujte n\u00e1s","simplebeez_cta_field_btn_url":462,"radio":"color_primary","simplebeez_who_we_are_field_title":"","simplebeez_who_we_are_field_description":"","simplebeez_who_we_are_field_text_btn":"","simplebeez_who_we_are_field_btn_link":"","simplebeez_who_we_are_field_images":[],"simplebeez_our_services_title":"P\u0159ehled na\u0161ich CPM \u0159e\u0161en\u00ed","simplebeez_our_services_box_group":[{"simplebeez_our_services_box_title":"Konsolida\u010dn\u00ed starter kit","simplebeez_our_services_box_description":"osv\u011bd\u010den\u00e9 postupy a urychlen\u00ed dod\u00e1vky konsolidace postaven\u00e9 na b\u00e1zi platformy OneStream CPM","simplebeez_our_services_link":"509"},{"simplebeez_our_services_box_title":"Rekonciliace \u00fa\u010dt\u016f","simplebeez_our_services_box_description":"integrovan\u00e9 drillovateln\u00e9 \u0159e\u0161en\u00ed pro sn\u00ed\u017een\u00ed rizika chyb ve finan\u010dn\u00edch v\u00fdkazech","simplebeez_our_services_link":"480"},{"simplebeez_our_services_box_title":"Transak\u010dn\u00ed p\u00e1rov\u00e1n\u00ed","simplebeez_our_services_box_description":"\u0159\u00edzen\u00ed automatizovan\u00e9ho p\u00e1rov\u00e1n\u00ed velk\u00e9ho objemu transakc\u00ed jako sou\u010d\u00e1st z\u00e1v\u011brky","simplebeez_our_services_link":"467"},{"simplebeez_our_services_box_title":"Pl\u00e1nov\u00e1n\u00ed, rozpo\u010dtov\u00e1n\u00ed & forecasting","simplebeez_our_services_box_description":"p\u0159edkonfigurovan\u00e9 pl\u00e1novac\u00ed \u0159e\u0161en\u00ed p\u0159ipraven\u00e9 zmodernizovat va\u0161e schopnosti pl\u00e1nov\u00e1n\u00ed","simplebeez_our_services_link":"465"},{"simplebeez_our_services_box_title":"ESG reporting","simplebeez_our_services_box_description":"\u0159e\u0161en\u00ed pro ESG reporting sjednocen\u00e9 s finan\u010dn\u00edm reportingem v jedin\u00e9 aplikaci","simplebeez_our_services_link":"463"},{"simplebeez_our_services_box_title":"OneStream metadata manager","simplebeez_our_services_box_description":"schopnost zpracov\u00e1vat hromadn\u00e9 zm\u011bny a revize metadat aplikac\u00ed OneStream","simplebeez_our_services_link":"509"}],"simplebeez_company_number_title":"","simplebeez_company_number_description":"","simplebeez_company_number_btn_text":"","simplebeez_company_number_btn_link":"","simplebeez_company_number_group":[],"simplebeez_header_image":[],"simplebeez_tiles_group":[],"simplebeez_contact_form_title":"","simplebeez_contact_form_description":"","simplebeez_solution_first_section_title":"","simplebeez_solution_first_section_description":"","simplebeez_solution_first_section_sub_description":"","simplebeez_solution_first_section_images":[],"simplebeez_image_boxes_heading_h2":"","simplebeez_image_boxes_group":[],"simplebeez_navigation_tabs_group":[],"simplebeez_heading_h2_title":"","simplebeez_our_features_heading_h2":"","simplebeez_our_features_field_title":"","simplebeez_our_features_box_group":[],"simplebeez_our_features_and_more_field_title":"","simplebeez_faq_title":"","simplebeez_faq_box_group":[],"simplebeez_carrers_title":"","simplebeez_carrers_subtitle":"","simplebeez_carrers_description":"","simplebeez_carrers_blockquet_right":"","simplebeez_carrers_title_jobs":"","simplebeez_carrers_group_jobs":[],"simplebeez_carrers_group_image_carousel":[],"simplebeez_carrers_group_benefits":[],"simplebeez_partners_group":[],"simplebeez_white_papers_group":[],"simplebeez_modal_title":"","simplebeez_modal_input_text":"","simplebeez_modal_valid_text":"","simplebeez_modal_checkbox_title":"","simplebeez_modal_btn_send":"","simplebeez_modal_btn_close":"","simplebeez_contact_us_contact_title":"","simplebeez_contact_us_open_hours_title":"","simplebeez_contact_us_open_hours_description":"","simplebeez_contact_us_title":"","simplebeez_contact_us_description":"","simplebeez_contact_us_group_image":[],"latest_blog_post_title":"","latest_blog_post_btn_text":""},"_links":{"self":[{"href":"https:\/\/www.simplebeez.com\/cs\/wp-json\/wp\/v2\/pages\/685","targetHints":{"allow":["GET"]}}],"collection":[{"href":"https:\/\/www.simplebeez.com\/cs\/wp-json\/wp\/v2\/pages"}],"about":[{"href":"https:\/\/www.simplebeez.com\/cs\/wp-json\/wp\/v2\/types\/page"}],"author":[{"embeddable":true,"href":"https:\/\/www.simplebeez.com\/cs\/wp-json\/wp\/v2\/users\/1"}],"replies":[{"embeddable":true,"href":"https:\/\/www.simplebeez.com\/cs\/wp-json\/wp\/v2\/comments?post=685"}],"version-history":[{"count":2,"href":"https:\/\/www.simplebeez.com\/cs\/wp-json\/wp\/v2\/pages\/685\/revisions"}],"predecessor-version":[{"id":697,"href":"https:\/\/www.simplebeez.com\/cs\/wp-json\/wp\/v2\/pages\/685\/revisions\/697"}],"wp:attachment":[{"href":"https:\/\/www.simplebeez.com\/cs\/wp-json\/wp\/v2\/media?parent=685"}],"curies":[{"name":"wp","href":"https:\/\/api.w.org\/{rel}","templated":true}]}}