{"id":569,"date":"2023-08-17T10:43:14","date_gmt":"2023-08-17T08:43:14","guid":{"rendered":"https:\/\/simplebeez.com\/our-services\/esg-planning-reporting\/"},"modified":"2023-09-07T16:58:52","modified_gmt":"2023-09-07T14:58:52","slug":"esg-planning-reporting","status":"publish","type":"page","link":"https:\/\/www.simplebeez.com\/cs\/our-services\/esg-planning-reporting\/","title":{"rendered":"ESG pl\u00e1nov\u00e1n\u00ed &#038; reporting"},"content":{"rendered":"","protected":false},"excerpt":{"rendered":"","protected":false},"author":1,"featured_media":0,"parent":504,"menu_order":8,"comment_status":"closed","ping_status":"closed","template":"","meta":{"footnotes":""},"class_list":["post-569","page","type-page","status-publish","hentry"],"meta_box":{"simplebeez_hero_title":"","simplebeez_hero_subtitle":"","simplebeez_hero_btn_text":"","simplebeez_hero_btn_url":"","simplebeez_hero_btn_image_left":[],"simplebeez_hero_btn_image_right":[],"simplebeez_cta_field_title":"Jsme tu, abychom v\u00e1m pomohli","simplebeez_cta_field_subtitle":"Napl\u00e1nujte si bezplatn\u00fd hovor s na\u0161\u00edm konzultantem","simplebeez_cta_field_btntext":"Kontaktujte n\u00e1s","simplebeez_cta_field_btn_url":462,"radio":"color_primary","simplebeez_who_we_are_field_title":"","simplebeez_who_we_are_field_description":"","simplebeez_who_we_are_field_text_btn":"","simplebeez_who_we_are_field_btn_link":"","simplebeez_who_we_are_field_images":[],"simplebeez_our_services_title":"Co poskytujeme a dod\u00e1v\u00e1me","simplebeez_our_services_box_group":[{"simplebeez_our_services_box_title":"Vyu\u017e\u00edv\u00e1me osv\u011bd\u010den\u00fd reporting framework OneStream CPM pro ESG","simplebeez_our_services_box_description":"k urychlen\u00ed implementace pomoc\u00ed out-of-the-box CPM frameworku a datov\u00e9 inteligence\r\n"},{"simplebeez_our_services_box_title":"P\u0159edkonfigurovan\u00e9 metriky ESG a vlastn\u00ed kalkulace \u010di KPI","simplebeez_our_services_box_description":"konfigurace pravidel v\u00fdpo\u010dtu metrik ESG, podobn\u011b jako je standardem pro finan\u010dn\u00ed data, KPI nebo pom\u011brov\u00e9 ukazatele"},{"simplebeez_our_services_box_title":"Propojen\u00ed ESG reportingu s finan\u010dn\u00edm reportingem","simplebeez_our_services_box_description":"umo\u017e\u0148uj\u00edc\u00ed organizac\u00edm zpracov\u00e1vat, agregovat, konsolidovat a reportovat v\u0161e na jednom m\u00edst\u011b"},{"simplebeez_our_services_box_title":"\u0160pi\u010dkov\u00e1 podpora auditing a log\u016f","simplebeez_our_services_box_description":"pro zlep\u0161en\u00ed jistoty ve va\u0161e data a pr\u016fkaznost, \u017ee va\u0161e data a v\u00fdpo\u010dty jsou spolehliv\u00e9 a ov\u011b\u0159en\u00e9."},{"simplebeez_our_services_box_title":"Nativn\u00ed BI, dashboarding a vizualizace dat","simplebeez_our_services_box_description":"poskytuj\u00edc\u00ed z\u00fa\u010dastn\u011bn\u00fdm stran\u00e1m pohodl\u00ed pro anal\u00fdzu a proch\u00e1zen\u00ed podkladov\u00fdch zdrojov\u00fdch dat a v\u00fdpo\u010dt\u016f."},{"simplebeez_our_services_box_title":"Poradensk\u00e9 slu\u017eby v oblasti ESG master data managementu","simplebeez_our_services_box_description":"proto\u017ee kvalita model\u016f master dat, jejich zm\u011bn a strategie vykazov\u00e1n\u00ed je z\u00e1sadn\u00ed."}],"simplebeez_company_number_title":"","simplebeez_company_number_description":"","simplebeez_company_number_btn_text":"","simplebeez_company_number_btn_link":"","simplebeez_company_number_group":[],"simplebeez_header_image":[],"simplebeez_tiles_group":[],"simplebeez_contact_form_title":"","simplebeez_contact_form_description":"","simplebeez_solution_first_section_title":"","simplebeez_solution_first_section_description":"","simplebeez_solution_first_section_sub_description":"","simplebeez_solution_first_section_images":[],"simplebeez_image_boxes_heading_h2":"","simplebeez_image_boxes_group":[{"simplebeez_image_boxes_field_image":["248"],"simplebeez_image_boxes_field_title":"Integrovan\u00fd ESG Reporting","simplebeez_image_boxes_field_description":"Poskytov\u00e1n\u00ed jednotn\u00e9 platformy pro sb\u011br, spr\u00e1vu, zpracov\u00e1n\u00ed a anal\u00fdzu dat ESG spolu s finan\u010dn\u00edmi daty."},{"simplebeez_image_boxes_field_image":["247"],"simplebeez_image_boxes_field_title":"Vylep\u0161en\u00e1 ESG Transparentnost a Reporting","simplebeez_image_boxes_field_description":"Vykazov\u00e1n\u00ed udr\u017eiteln\u00e9ho ESG vede ke struktur\u00e1m a form\u00e1t\u016fm pou\u017e\u00edvan\u00fdm pro finan\u010dn\u00ed v\u00fdkaznictv\u00ed, \u010d\u00edm\u017e uspokojuje rostouc\u00ed popt\u00e1vku po informac\u00edch ESG ze strany investor\u016f, regul\u00e1tor\u016f a dal\u0161\u00edch zainteresovan\u00fdch stran, posiluje d\u016fv\u011bru a pov\u011bst."},{"simplebeez_image_boxes_field_image":["249"],"simplebeez_image_boxes_field_title":"Zjednodu\u0161en\u00fd Sb\u011br Dat ESG a jejich Validace","simplebeez_image_boxes_field_description":"Zjednodu\u0161en\u00ed z\u00edsk\u00e1v\u00e1n\u00ed dat, transformac\u00ed, konverzn\u00edch v\u00fdpo\u010dt\u016f a vestav\u011bn\u00fdch kontrol validace dat v\u010d. auditov\u00e1n\u00ed."}],"simplebeez_navigation_tabs_group":[{"simplebeez_navigation_tabs_field_icon":["246"],"simplebeez_navigation_tabs_field_title":"Kredibilita a transparentnost","simplebeez_navigation_tabs_field_description":"Vysl\u00e1n\u00ed sign\u00e1lu v\u011b\u0159itel\u016fm, investor\u016fm, ratingov\u00fdm agentur\u00e1m, zam\u011bstnanc\u016fm nebo z\u00fa\u010dastn\u011bn\u00e9mu dodavatelsk\u00e9mu \u0159et\u011bzci o tom, jak v\u00e1\u017en\u011b berete sv\u00e9 z\u00e1vazky ESG. Va\u0161e nefinan\u010dn\u00ed v\u00fdkaznictv\u00ed ESG p\u0159ijme standardn\u00ed postupy a kontroly, jak\u00e9 existuj\u00ed ve finan\u010dn\u00edm v\u00fdkaznictv\u00ed a reportingu. Tak\u00e9 nebudou \u017e\u00edt odd\u011blen\u011b, ale pln\u011b integrov\u00e1ny v kontextu standardn\u00edho \u00fa\u010detn\u00edho finan\u010dn\u00edho v\u00fdkaznictv\u00ed."},{"simplebeez_navigation_tabs_field_icon":["246"],"simplebeez_navigation_tabs_field_title":"Sjednocen\u00ed finan\u010dn\u00edho a ESG reportingu","simplebeez_navigation_tabs_field_description":"Dramatick\u00e9 zv\u00fd\u0161en\u00ed rychlosti a flexibility p\u0159i pl\u00e1nov\u00e1n\u00ed, reportov\u00e1n\u00ed, m\u011b\u0159en\u00ed, agregaci nebo konsolidaci v\u00fdkonnosti ESG v souladu s financemi. Nab\u00edz\u00edme celosv\u011btov\u011b osv\u011bd\u010denou platformu OneStream CPM a \u0159e\u0161en\u00ed ESG Blueprint pro urychlen\u00ed implementace a nab\u00edz\u00edme pln\u011b slad\u011bn\u00e9 finan\u010dn\u00ed a nefinan\u010dn\u00ed v\u00fdkaznictv\u00ed v jedin\u00e9m zdroji pravdy. T\u00edm se sni\u017euj\u00ed n\u00e1klady na \u00fadr\u017ebu, vlastnictv\u00ed a riziko chyb."},{"simplebeez_navigation_tabs_field_icon":["246"],"simplebeez_navigation_tabs_field_title":"Centralizace procesn\u00edho vlastnictv\u00ed","simplebeez_navigation_tabs_field_description":"Pos\u00edlen\u00ed t\u00fdmu finan\u010dn\u00edho \u0159editele se schopnost\u00ed z\u00edskat p\u0159ehled o finan\u010dn\u00ed v\u00fdkonnosti a v\u00fdkonnosti ESG a rychle reportovat v\u0161em zainteresovan\u00fdm stran\u00e1m. Vzhledem k tomu, \u017ee se v\u00fdkaznictv\u00ed ESG st\u00e1v\u00e1 povinn\u00fdm a auditovan\u00fdm, bude muset v\u00fdkaznictv\u00ed ESG p\u0159ijmout podobn\u00e9 kontroly a procesy jako finan\u010dn\u00ed v\u00fdkaznictv\u00ed. Zm\u011bna tak\u00e9 p\u0159esune vlastnictv\u00ed proces\u016f pro ob\u011b agendy sm\u011brem k CFO. Proto dod\u00e1v\u00e1me \u0159e\u0161en\u00ed, kter\u00e1 jsou konzistentn\u00ed, integrovan\u00e1, zjednodu\u0161en\u00e1 a poskytuj\u00ed lep\u0161\u00ed vlastnictv\u00ed a flexibilitu."}],"simplebeez_heading_h2_title":"Va\u0161e benefity","simplebeez_our_features_heading_h2":"","simplebeez_our_features_field_title":"","simplebeez_our_features_box_group":[],"simplebeez_our_features_and_more_field_title":"","simplebeez_faq_title":"","simplebeez_faq_box_group":[],"simplebeez_carrers_title":"","simplebeez_carrers_subtitle":"","simplebeez_carrers_description":"","simplebeez_carrers_blockquet_right":"","simplebeez_carrers_title_jobs":"","simplebeez_carrers_group_jobs":[],"simplebeez_carrers_group_image_carousel":[],"simplebeez_carrers_group_benefits":[],"simplebeez_partners_group":[],"simplebeez_white_papers_group":[],"simplebeez_modal_title":"","simplebeez_modal_input_text":"","simplebeez_modal_valid_text":"","simplebeez_modal_checkbox_title":"","simplebeez_modal_btn_send":"","simplebeez_modal_btn_close":"","simplebeez_contact_us_contact_title":"","simplebeez_contact_us_open_hours_title":"","simplebeez_contact_us_open_hours_description":"","simplebeez_contact_us_title":"","simplebeez_contact_us_description":"","simplebeez_contact_us_group_image":[],"latest_blog_post_title":"Nejnov\u011bj\u0161\u00ed p\u0159\u00edsp\u011bvky","latest_blog_post_btn_text":"ZOBRAZIT V\u00cdCE"},"_links":{"self":[{"href":"https:\/\/www.simplebeez.com\/cs\/wp-json\/wp\/v2\/pages\/569","targetHints":{"allow":["GET"]}}],"collection":[{"href":"https:\/\/www.simplebeez.com\/cs\/wp-json\/wp\/v2\/pages"}],"about":[{"href":"https:\/\/www.simplebeez.com\/cs\/wp-json\/wp\/v2\/types\/page"}],"author":[{"embeddable":true,"href":"https:\/\/www.simplebeez.com\/cs\/wp-json\/wp\/v2\/users\/1"}],"replies":[{"embeddable":true,"href":"https:\/\/www.simplebeez.com\/cs\/wp-json\/wp\/v2\/comments?post=569"}],"version-history":[{"count":2,"href":"https:\/\/www.simplebeez.com\/cs\/wp-json\/wp\/v2\/pages\/569\/revisions"}],"predecessor-version":[{"id":792,"href":"https:\/\/www.simplebeez.com\/cs\/wp-json\/wp\/v2\/pages\/569\/revisions\/792"}],"up":[{"embeddable":true,"href":"https:\/\/www.simplebeez.com\/cs\/wp-json\/wp\/v2\/pages\/504"}],"wp:attachment":[{"href":"https:\/\/www.simplebeez.com\/cs\/wp-json\/wp\/v2\/media?parent=569"}],"curies":[{"name":"wp","href":"https:\/\/api.w.org\/{rel}","templated":true}]}}