{"id":564,"date":"2023-08-17T10:39:36","date_gmt":"2023-08-17T08:39:36","guid":{"rendered":"https:\/\/simplebeez.com\/company-2\/"},"modified":"2023-09-07T09:09:38","modified_gmt":"2023-09-07T07:09:38","slug":"company","status":"publish","type":"page","link":"https:\/\/www.simplebeez.com\/cs\/company\/","title":{"rendered":"O n\u00e1s"},"content":{"rendered":"","protected":false},"excerpt":{"rendered":"","protected":false},"author":1,"featured_media":0,"parent":0,"menu_order":0,"comment_status":"closed","ping_status":"closed","template":"","meta":{"footnotes":""},"class_list":["post-564","page","type-page","status-publish","hentry"],"meta_box":{"simplebeez_hero_title":"","simplebeez_hero_subtitle":"","simplebeez_hero_btn_text":"","simplebeez_hero_btn_url":"","simplebeez_hero_btn_image_left":[],"simplebeez_hero_btn_image_right":[],"simplebeez_cta_field_title":"Jsme tu, abychom V\u00e1m pomohli","simplebeez_cta_field_subtitle":"Napl\u00e1nujte si hovor s na\u0161imi konzulta\u010dn\u00edmi odborn\u00edky","simplebeez_cta_field_btntext":"Kontaktujte n\u00e1s","simplebeez_cta_field_btn_url":462,"radio":"color_primary","simplebeez_who_we_are_field_title":"","simplebeez_who_we_are_field_description":"","simplebeez_who_we_are_field_text_btn":"","simplebeez_who_we_are_field_btn_link":"","simplebeez_who_we_are_field_images":[],"simplebeez_our_services_title":"N\u00e1\u0161 p\u0159\u00edstup & metodologie","simplebeez_our_services_box_group":[{"simplebeez_our_services_box_title":"Maximalizace dopad\u016f & hodnoty","simplebeez_our_services_box_description":"Na\u0161e \u0159e\u0161en\u00ed podporuj\u00ed r\u016fst, efektivitu a \u00fasp\u011bch. Vyu\u017eit\u00edm na\u0161ich odborn\u00fdch znalost\u00ed a inovativn\u00edho p\u0159\u00edstupu m\u016f\u017eete dos\u00e1hnout maxim\u00e1ln\u00ed hodnoty a vid\u011bt skute\u010dn\u00e9 m\u011b\u0159iteln\u00e9 v\u00fdsledky"},{"simplebeez_our_services_box_title":"Rychl\u00e1 identifikace probl\u00e9m\u016f & p\u0159\u00edle\u017eitost\u00ed","simplebeez_our_services_box_description":"Specializujeme se na to, abychom v\u00e1m pomohli identifikovat rizika a p\u0159\u00edle\u017eitosti k r\u016fstu, poskytneme v\u00e1m n\u00e1stroje a informace, kter\u00e9 pot\u0159ebujete, abyste mohli \u010dinit informovan\u00e1 rozhodnut\u00ed v\u010das"},{"simplebeez_our_services_box_title":"Rychl\u00e1 akce & zam\u011b\u0159en\u00ed na v\u00fdsledek","simplebeez_our_services_box_description":"Ch\u00e1peme pot\u0159ebu hbitosti a rychl\u00e9 akce. Na\u0161e mal\u00e1 velikost n\u00e1m umo\u017e\u0148uje b\u00fdt pohotov\u00ed a efektivn\u00ed, abychom mohli rychle reagovat na va\u0161e pot\u0159eby a efektivn\u011b poskytovat v\u00fdsledky"}],"simplebeez_company_number_title":"","simplebeez_company_number_description":"","simplebeez_company_number_btn_text":"","simplebeez_company_number_btn_link":"","simplebeez_company_number_group":[],"simplebeez_header_image":[],"simplebeez_tiles_group":[],"simplebeez_contact_form_title":"","simplebeez_contact_form_description":"","simplebeez_solution_first_section_title":"","simplebeez_solution_first_section_description":"","simplebeez_solution_first_section_sub_description":"","simplebeez_solution_first_section_images":[],"simplebeez_image_boxes_heading_h2":"","simplebeez_image_boxes_group":[],"simplebeez_navigation_tabs_group":[],"simplebeez_heading_h2_title":"","simplebeez_our_features_heading_h2":"","simplebeez_our_features_field_title":"","simplebeez_our_features_box_group":[],"simplebeez_our_features_and_more_field_title":"","simplebeez_faq_title":"","simplebeez_faq_box_group":[],"simplebeez_carrers_title":"","simplebeez_carrers_subtitle":"","simplebeez_carrers_description":"","simplebeez_carrers_blockquet_right":"","simplebeez_carrers_title_jobs":"","simplebeez_carrers_group_jobs":[],"simplebeez_carrers_group_image_carousel":[],"simplebeez_carrers_group_benefits":[],"simplebeez_partners_group":[],"simplebeez_white_papers_group":[],"simplebeez_modal_title":"","simplebeez_modal_input_text":"","simplebeez_modal_valid_text":"","simplebeez_modal_checkbox_title":"","simplebeez_modal_btn_send":"","simplebeez_modal_btn_close":"","simplebeez_contact_us_contact_title":"","simplebeez_contact_us_open_hours_title":"","simplebeez_contact_us_open_hours_description":"","simplebeez_contact_us_title":"","simplebeez_contact_us_description":"","simplebeez_contact_us_group_image":[],"latest_blog_post_title":"","latest_blog_post_btn_text":""},"_links":{"self":[{"href":"https:\/\/www.simplebeez.com\/cs\/wp-json\/wp\/v2\/pages\/564","targetHints":{"allow":["GET"]}}],"collection":[{"href":"https:\/\/www.simplebeez.com\/cs\/wp-json\/wp\/v2\/pages"}],"about":[{"href":"https:\/\/www.simplebeez.com\/cs\/wp-json\/wp\/v2\/types\/page"}],"author":[{"embeddable":true,"href":"https:\/\/www.simplebeez.com\/cs\/wp-json\/wp\/v2\/users\/1"}],"replies":[{"embeddable":true,"href":"https:\/\/www.simplebeez.com\/cs\/wp-json\/wp\/v2\/comments?post=564"}],"version-history":[{"count":3,"href":"https:\/\/www.simplebeez.com\/cs\/wp-json\/wp\/v2\/pages\/564\/revisions"}],"predecessor-version":[{"id":766,"href":"https:\/\/www.simplebeez.com\/cs\/wp-json\/wp\/v2\/pages\/564\/revisions\/766"}],"wp:attachment":[{"href":"https:\/\/www.simplebeez.com\/cs\/wp-json\/wp\/v2\/media?parent=564"}],"curies":[{"name":"wp","href":"https:\/\/api.w.org\/{rel}","templated":true}]}}