{"id":559,"date":"2023-08-17T10:28:15","date_gmt":"2023-08-17T08:28:15","guid":{"rendered":"https:\/\/simplebeez.com\/home-2\/"},"modified":"2023-09-07T20:41:51","modified_gmt":"2023-09-07T18:41:51","slug":"home","status":"publish","type":"page","link":"https:\/\/www.simplebeez.com\/cs\/","title":{"rendered":"Home"},"content":{"rendered":"","protected":false},"excerpt":{"rendered":"","protected":false},"author":1,"featured_media":0,"parent":0,"menu_order":0,"comment_status":"closed","ping_status":"closed","template":"","meta":{"footnotes":""},"class_list":["post-559","page","type-page","status-publish","hentry"],"meta_box":{"simplebeez_hero_title":"Zlep\u0161ujeme finan\u010dn\u00ed \u0159\u00edzen\u00ed, realizujeme transformace","simplebeez_hero_subtitle":"Poskytujeme jednodu\u0161\u0161\u00ed, chyt\u0159ej\u0161\u00ed a smyslupln\u011bj\u0161\u00ed \u0159e\u0161en\u00ed pro agendu CFO.","simplebeez_hero_btn_text":"ZA\u010cN\u011aME","simplebeez_hero_btn_url":"https:\/\/simplebeez.com\/company\/our-story\/","simplebeez_hero_btn_image_left":[],"simplebeez_hero_btn_image_right":[],"simplebeez_cta_field_title":"Jsme tu, abychom v\u00e1m pomohli","simplebeez_cta_field_subtitle":"Napl\u00e1nujte si hovor s na\u0161imi odborn\u00edky","simplebeez_cta_field_btntext":"Kontaktujte n\u00e1s","simplebeez_cta_field_btn_url":462,"radio":"color_primary","simplebeez_who_we_are_field_title":"Kdo jsme","simplebeez_who_we_are_field_description":"<p>V neust\u00e1le se m\u011bn\u00edc\u00edm sv\u011bt\u011b jsou pro \u00fasp\u011bch rozhoduj\u00edc\u00ed rychlost, flexibilita a p\u0159esnost.<\/p>\n<p>V SIMPLEBEEZ umo\u017e\u0148ujeme finan\u010dn\u00edm \u0159editel\u016fm dos\u00e1hnout t\u011bchto kvalit zjednodu\u0161en\u00edm proces\u016f, implementacemi inovativn\u00edch metodologi\u00ed a poskytov\u00e1n\u00edm chyt\u0159ej\u0161\u00edch CPM \u0159e\u0161en\u00ed.<\/p>\n<p>N\u00e1\u0161 t\u00fdm cross-funk\u010dn\u00edch odborn\u00edk\u016f poskytuje interim management, poradenstv\u00ed, implementaci technologi\u00ed a podp\u016frn\u00e9 slu\u017eby, kter\u00e9 na\u0161im klient\u016fm pom\u00e1haj\u00ed l\u00e9pe porozum\u011bt jejich finan\u010dn\u00edm dat\u016fm a dosahovat nejlep\u0161\u00edho v\u00fdkonu.<\/p>\n<p>S na\u0161imi rozs\u00e1hl\u00fdmi znalostmi v oblasti financ\u00ed, CPM technologi\u00ed a \u0159\u00edzen\u00ed zm\u011bn vytv\u00e1\u0159\u00edme \u0159e\u0161en\u00ed na m\u00edru, kter\u00e1 reaguj\u00ed na specifick\u00e9 pot\u0159eby na\u0161ich klient\u016f a pom\u00e1haj\u00ed jim z\u016fstat p\u0159ed konkurenc\u00ed.<\/p>\n","simplebeez_who_we_are_field_text_btn":"Chci vid\u011bt v\u00edce","simplebeez_who_we_are_field_btn_link":504,"simplebeez_who_we_are_field_images":[{"width":285,"height":150,"file":"2023\/07\/2020_SMPartnerPosts_FB2.jpg","filesize":96194,"sizes":{"medium":{"file":"2020_SMPartnerPosts_FB2-571x300.jpg","width":571,"height":300,"mime-type":"image\/jpeg","filesize":30844,"url":"https:\/\/www.simplebeez.com\/wp-content\/uploads\/2023\/07\/2020_SMPartnerPosts_FB2-571x300.jpg"},"large":{"file":"2020_SMPartnerPosts_FB2-1110x583.jpg","width":1110,"height":583,"mime-type":"image\/jpeg","filesize":82064,"url":"https:\/\/www.simplebeez.com\/wp-content\/uploads\/2023\/07\/2020_SMPartnerPosts_FB2-1110x583.jpg"},"thumbnail":{"file":"2020_SMPartnerPosts_FB2-285x150.jpg","width":285,"height":150,"mime-type":"image\/jpeg","filesize":10712,"url":"https:\/\/www.simplebeez.com\/wp-content\/uploads\/2023\/07\/2020_SMPartnerPosts_FB2-285x150.jpg"},"medium_large":{"file":"2020_SMPartnerPosts_FB2-768x403.jpg","width":768,"height":403,"mime-type":"image\/jpeg","filesize":48459,"url":"https:\/\/www.simplebeez.com\/wp-content\/uploads\/2023\/07\/2020_SMPartnerPosts_FB2-768x403.jpg"}},"image_meta":{"aperture":"0","credit":"","camera":"","caption":"","created_timestamp":"0","copyright":"","focal_length":"0","iso":"0","shutter_speed":"0","title":"","orientation":"0","keywords":[]},"ID":"419","name":"2020_SMPartnerPosts_FB2.jpg","path":"\/home\/simplebeezcom\/public_html\/wp-content\/uploads\/2023\/07\/2020_SMPartnerPosts_FB2.jpg","url":"https:\/\/www.simplebeez.com\/wp-content\/uploads\/2023\/07\/2020_SMPartnerPosts_FB2-285x150.jpg","full_url":"https:\/\/www.simplebeez.com\/wp-content\/uploads\/2023\/07\/2020_SMPartnerPosts_FB2.jpg","title":"2020_SMPartnerPosts_FB2","caption":"","description":"","alt":"","srcset":"https:\/\/www.simplebeez.com\/wp-content\/uploads\/2023\/07\/2020_SMPartnerPosts_FB2-285x150.jpg 285w, https:\/\/www.simplebeez.com\/wp-content\/uploads\/2023\/07\/2020_SMPartnerPosts_FB2-571x300.jpg 571w, https:\/\/www.simplebeez.com\/wp-content\/uploads\/2023\/07\/2020_SMPartnerPosts_FB2-1110x583.jpg 1110w, https:\/\/www.simplebeez.com\/wp-content\/uploads\/2023\/07\/2020_SMPartnerPosts_FB2-768x403.jpg 768w, https:\/\/www.simplebeez.com\/wp-content\/uploads\/2023\/07\/2020_SMPartnerPosts_FB2.jpg 1200w"},{"width":285,"height":150,"file":"2023\/07\/2020_SMPartnerPosts_Eng_FB3.jpg","filesize":111485,"sizes":{"medium":{"file":"2020_SMPartnerPosts_Eng_FB3-571x300.jpg","width":571,"height":300,"mime-type":"image\/jpeg","filesize":35878,"url":"https:\/\/www.simplebeez.com\/wp-content\/uploads\/2023\/07\/2020_SMPartnerPosts_Eng_FB3-571x300.jpg"},"large":{"file":"2020_SMPartnerPosts_Eng_FB3-1110x583.jpg","width":1110,"height":583,"mime-type":"image\/jpeg","filesize":94630,"url":"https:\/\/www.simplebeez.com\/wp-content\/uploads\/2023\/07\/2020_SMPartnerPosts_Eng_FB3-1110x583.jpg"},"thumbnail":{"file":"2020_SMPartnerPosts_Eng_FB3-285x150.jpg","width":285,"height":150,"mime-type":"image\/jpeg","filesize":12647,"url":"https:\/\/www.simplebeez.com\/wp-content\/uploads\/2023\/07\/2020_SMPartnerPosts_Eng_FB3-285x150.jpg"},"medium_large":{"file":"2020_SMPartnerPosts_Eng_FB3-768x403.jpg","width":768,"height":403,"mime-type":"image\/jpeg","filesize":55124,"url":"https:\/\/www.simplebeez.com\/wp-content\/uploads\/2023\/07\/2020_SMPartnerPosts_Eng_FB3-768x403.jpg"}},"image_meta":{"aperture":"0","credit":"","camera":"","caption":"","created_timestamp":"0","copyright":"","focal_length":"0","iso":"0","shutter_speed":"0","title":"","orientation":"0","keywords":[]},"ID":"418","name":"2020_SMPartnerPosts_Eng_FB3.jpg","path":"\/home\/simplebeezcom\/public_html\/wp-content\/uploads\/2023\/07\/2020_SMPartnerPosts_Eng_FB3.jpg","url":"https:\/\/www.simplebeez.com\/wp-content\/uploads\/2023\/07\/2020_SMPartnerPosts_Eng_FB3-285x150.jpg","full_url":"https:\/\/www.simplebeez.com\/wp-content\/uploads\/2023\/07\/2020_SMPartnerPosts_Eng_FB3.jpg","title":"2020_SMPartnerPosts_Eng_FB3","caption":"","description":"","alt":"","srcset":"https:\/\/www.simplebeez.com\/wp-content\/uploads\/2023\/07\/2020_SMPartnerPosts_Eng_FB3-285x150.jpg 285w, https:\/\/www.simplebeez.com\/wp-content\/uploads\/2023\/07\/2020_SMPartnerPosts_Eng_FB3-571x300.jpg 571w, https:\/\/www.simplebeez.com\/wp-content\/uploads\/2023\/07\/2020_SMPartnerPosts_Eng_FB3-1110x583.jpg 1110w, https:\/\/www.simplebeez.com\/wp-content\/uploads\/2023\/07\/2020_SMPartnerPosts_Eng_FB3-768x403.jpg 768w, https:\/\/www.simplebeez.com\/wp-content\/uploads\/2023\/07\/2020_SMPartnerPosts_Eng_FB3.jpg 1200w"},{"width":285,"height":150,"file":"2023\/07\/2020_SMPartnerPosts_FB4.jpg","filesize":122797,"sizes":{"medium":{"file":"2020_SMPartnerPosts_FB4-571x300.jpg","width":571,"height":300,"mime-type":"image\/jpeg","filesize":37406,"url":"https:\/\/www.simplebeez.com\/wp-content\/uploads\/2023\/07\/2020_SMPartnerPosts_FB4-571x300.jpg"},"large":{"file":"2020_SMPartnerPosts_FB4-1110x583.jpg","width":1110,"height":583,"mime-type":"image\/jpeg","filesize":100029,"url":"https:\/\/www.simplebeez.com\/wp-content\/uploads\/2023\/07\/2020_SMPartnerPosts_FB4-1110x583.jpg"},"thumbnail":{"file":"2020_SMPartnerPosts_FB4-285x150.jpg","width":285,"height":150,"mime-type":"image\/jpeg","filesize":13109,"url":"https:\/\/www.simplebeez.com\/wp-content\/uploads\/2023\/07\/2020_SMPartnerPosts_FB4-285x150.jpg"},"medium_large":{"file":"2020_SMPartnerPosts_FB4-768x403.jpg","width":768,"height":403,"mime-type":"image\/jpeg","filesize":57631,"url":"https:\/\/www.simplebeez.com\/wp-content\/uploads\/2023\/07\/2020_SMPartnerPosts_FB4-768x403.jpg"}},"image_meta":{"aperture":"0","credit":"","camera":"","caption":"","created_timestamp":"0","copyright":"","focal_length":"0","iso":"0","shutter_speed":"0","title":"","orientation":"0","keywords":[]},"ID":"420","name":"2020_SMPartnerPosts_FB4.jpg","path":"\/home\/simplebeezcom\/public_html\/wp-content\/uploads\/2023\/07\/2020_SMPartnerPosts_FB4.jpg","url":"https:\/\/www.simplebeez.com\/wp-content\/uploads\/2023\/07\/2020_SMPartnerPosts_FB4-285x150.jpg","full_url":"https:\/\/www.simplebeez.com\/wp-content\/uploads\/2023\/07\/2020_SMPartnerPosts_FB4.jpg","title":"2020_SMPartnerPosts_FB4","caption":"","description":"","alt":"","srcset":"https:\/\/www.simplebeez.com\/wp-content\/uploads\/2023\/07\/2020_SMPartnerPosts_FB4-285x150.jpg 285w, https:\/\/www.simplebeez.com\/wp-content\/uploads\/2023\/07\/2020_SMPartnerPosts_FB4-571x300.jpg 571w, https:\/\/www.simplebeez.com\/wp-content\/uploads\/2023\/07\/2020_SMPartnerPosts_FB4-1110x583.jpg 1110w, https:\/\/www.simplebeez.com\/wp-content\/uploads\/2023\/07\/2020_SMPartnerPosts_FB4-768x403.jpg 768w, https:\/\/www.simplebeez.com\/wp-content\/uploads\/2023\/07\/2020_SMPartnerPosts_FB4.jpg 1200w"}],"simplebeez_our_services_title":"Nab\u00eddka slu\u017eeb","simplebeez_our_services_box_group":[{"simplebeez_our_services_box_title":"Finan\u010dn\u00ed z\u00e1v\u011brka a konsolidace","simplebeez_our_services_box_description":"poskytov\u00e1n\u00ed \u0161k\u00e1lovateln\u00fdch konsolida\u010dn\u00edch CPM \u0159e\u0161en\u00ed jako z\u00e1klad transformace financ\u00ed","simplebeez_our_services_link":"469"},{"simplebeez_our_services_box_title":"Finan\u010dn\u00ed pl\u00e1nov\u00e1n\u00ed & xP&A","simplebeez_our_services_box_description":"zav\u00e1d\u011bn\u00ed inovativn\u00edch metod, proces\u016f a \u0159e\u0161en\u00ed CPM pro z\u00edsk\u00e1n\u00ed strategick\u00e9 v\u00fdhody p\u0159i pl\u00e1nov\u00e1n\u00ed","simplebeez_our_services_link":"537"},{"simplebeez_our_services_box_title":"Mana\u017eersk\u00fd reporting & anal\u00fdza","simplebeez_our_services_box_description":"umo\u017en\u011bn\u00ed organizac\u00edm s rozli\u010dn\u00fdmi mana\u017eersk\u00fdmi pot\u0159ebami reporting v jedin\u00e9 renomovan\u00e9 aplikaci CPM","simplebeez_our_services_link":"538"},{"simplebeez_our_services_box_title":"Spr\u00e1va master dat","simplebeez_our_services_box_description":"nasazen\u00ed prvot\u0159\u00eddn\u00edch \u0159e\u0161en\u00ed pro spr\u00e1vu finan\u010dn\u00edch a nefinan\u010dn\u00edch kmenov\u00fdch dat v\u010d. auditov\u00e1n\u00ed","simplebeez_our_services_link":"539"},{"simplebeez_our_services_box_title":"CPM infrastruktura a datov\u00e1 integrace","simplebeez_our_services_box_description":"pomoc p\u0159i p\u0159echodu do cloudu a zaji\u0161t\u011bn\u00ed bezprobl\u00e9mov\u00e9 integrace dat","simplebeez_our_services_link":"540"},{"simplebeez_our_services_box_title":"ESG pl\u00e1nov\u00e1n\u00ed a reporting","simplebeez_our_services_box_description":"vyu\u017eit\u00ed OneStream ESG Blueprintu a sjednocen\u00ed finan\u010dn\u00edho a nefinan\u010dn\u00edho ESG reportingu","simplebeez_our_services_link":"569"},{"simplebeez_our_services_box_title":"Podp\u016frn\u00e9 slu\u017eby & outsourcing","simplebeez_our_services_box_description":"\u00fadr\u017eba Va\u0161eho \u0159e\u0161en\u00ed CPM a poskytov\u00e1n\u00ed podpory, \u0161kolen\u00ed a vylep\u0161ov\u00e1n\u00ed","simplebeez_our_services_link":"542"},{"simplebeez_our_services_box_title":"Realizace transformace financ\u00ed","simplebeez_our_services_box_description":"vyhrnut\u00ed ruk\u00e1v\u016f, za\u010dlen\u011bn\u00ed se do Va\u0161eho t\u00fdmu a uskute\u010dn\u011bn\u00ed po\u017eadovan\u00e9 transforma\u010dn\u00ed zm\u011bny","simplebeez_our_services_link":"544"},{"simplebeez_our_services_box_title":"Architektura podnikov\u00fdch syst\u00e9m\u016f","simplebeez_our_services_box_description":"pomoc s definic\u00ed provozn\u00edch model\u016f a z\u00e1kladn\u00ed IT infrastruktury se zam\u011b\u0159en\u00edm na CPM, ERP a BI","simplebeez_our_services_link":"544"}],"simplebeez_company_number_title":"Spole\u010dnost v \u010d\u00edslech","simplebeez_company_number_description":"Pokud p\u0159em\u011bn\u00edme n\u00e1\u0161 p\u0159\u00edb\u011bh na \u010d\u00edsla, tohoto jsme ji\u017e dos\u00e1hli.","simplebeez_company_number_btn_text":"ZA\u010cN\u011aME","simplebeez_company_number_btn_link":504,"simplebeez_company_number_group":[{"simplebeez_company_number_field_number":"10","simplebeez_company_number_field_description_number":"Spokojen\u00fdch korpor\u00e1tn\u00edch klient\u016f"},{"simplebeez_company_number_field_number":"4","simplebeez_company_number_field_description_number":"Roky poskytov\u00e1n\u00ed slu\u017eeb "},{"simplebeez_company_number_field_number":"11","simplebeez_company_number_field_description_number":"Seniorn\u00edch nad\u0161enc\u016f v oblasti financ\u00ed & IT z \u010cR a UK"},{"simplebeez_company_number_field_number":"16","simplebeez_company_number_field_description_number":"Specifick\u00fdch \u0159e\u0161en\u00ed implementov\u00e1no"}],"simplebeez_header_image":[],"simplebeez_tiles_group":[],"simplebeez_contact_form_title":"Kontaktujte n\u00e1s","simplebeez_contact_form_description":"Po\u0161lete n\u00e1m jak\u00fdkoli dotaz a my se v\u00e1m ozveme","simplebeez_solution_first_section_title":"","simplebeez_solution_first_section_description":"","simplebeez_solution_first_section_sub_description":"","simplebeez_solution_first_section_images":[],"simplebeez_image_boxes_heading_h2":"","simplebeez_image_boxes_group":[],"simplebeez_navigation_tabs_group":[],"simplebeez_heading_h2_title":"","simplebeez_our_features_heading_h2":"","simplebeez_our_features_field_title":"","simplebeez_our_features_box_group":[],"simplebeez_our_features_and_more_field_title":"","simplebeez_faq_title":"","simplebeez_faq_box_group":[],"simplebeez_carrers_title":"","simplebeez_carrers_subtitle":"","simplebeez_carrers_description":"","simplebeez_carrers_blockquet_right":"","simplebeez_carrers_title_jobs":"","simplebeez_carrers_group_jobs":[],"simplebeez_carrers_group_image_carousel":[],"simplebeez_carrers_group_benefits":[],"simplebeez_partners_group":[],"simplebeez_white_papers_group":[],"simplebeez_modal_title":"","simplebeez_modal_input_text":"","simplebeez_modal_valid_text":"","simplebeez_modal_checkbox_title":"","simplebeez_modal_btn_send":"","simplebeez_modal_btn_close":"","simplebeez_contact_us_contact_title":"","simplebeez_contact_us_open_hours_title":"","simplebeez_contact_us_open_hours_description":"","simplebeez_contact_us_title":"","simplebeez_contact_us_description":"","simplebeez_contact_us_group_image":[],"latest_blog_post_title":"Nejnov\u011bj\u0161\u00ed p\u0159\u00edsp\u011bvky","latest_blog_post_btn_text":"ZOBRAZIT V\u00cdCE"},"_links":{"self":[{"href":"https:\/\/www.simplebeez.com\/cs\/wp-json\/wp\/v2\/pages\/559","targetHints":{"allow":["GET"]}}],"collection":[{"href":"https:\/\/www.simplebeez.com\/cs\/wp-json\/wp\/v2\/pages"}],"about":[{"href":"https:\/\/www.simplebeez.com\/cs\/wp-json\/wp\/v2\/types\/page"}],"author":[{"embeddable":true,"href":"https:\/\/www.simplebeez.com\/cs\/wp-json\/wp\/v2\/users\/1"}],"replies":[{"embeddable":true,"href":"https:\/\/www.simplebeez.com\/cs\/wp-json\/wp\/v2\/comments?post=559"}],"version-history":[{"count":1,"href":"https:\/\/www.simplebeez.com\/cs\/wp-json\/wp\/v2\/pages\/559\/revisions"}],"predecessor-version":[{"id":560,"href":"https:\/\/www.simplebeez.com\/cs\/wp-json\/wp\/v2\/pages\/559\/revisions\/560"}],"wp:attachment":[{"href":"https:\/\/www.simplebeez.com\/cs\/wp-json\/wp\/v2\/media?parent=559"}],"curies":[{"name":"wp","href":"https:\/\/api.w.org\/{rel}","templated":true}]}}