{"id":548,"date":"2023-06-01T13:20:44","date_gmt":"2023-06-01T11:20:44","guid":{"rendered":"https:\/\/simplebeez.com\/resources\/white-papers\/"},"modified":"2023-09-07T17:23:03","modified_gmt":"2023-09-07T15:23:03","slug":"white-papers","status":"publish","type":"page","link":"https:\/\/www.simplebeez.com\/cs\/resources\/white-papers\/","title":{"rendered":"U\u017eite\u010dn\u00e9 dokumenty"},"content":{"rendered":"","protected":false},"excerpt":{"rendered":"","protected":false},"author":1,"featured_media":0,"parent":545,"menu_order":3,"comment_status":"closed","ping_status":"closed","template":"","meta":{"footnotes":""},"class_list":["post-548","page","type-page","status-publish","hentry"],"meta_box":{"simplebeez_hero_title":"","simplebeez_hero_subtitle":"","simplebeez_hero_btn_text":"","simplebeez_hero_btn_url":"","simplebeez_hero_btn_image_left":[],"simplebeez_hero_btn_image_right":[],"simplebeez_cta_field_title":"","simplebeez_cta_field_subtitle":"","simplebeez_cta_field_btntext":"","simplebeez_cta_field_btn_url":"","radio":"","simplebeez_who_we_are_field_title":"","simplebeez_who_we_are_field_description":"","simplebeez_who_we_are_field_text_btn":"","simplebeez_who_we_are_field_btn_link":"","simplebeez_who_we_are_field_images":[],"simplebeez_our_services_title":"","simplebeez_our_services_box_group":[],"simplebeez_company_number_title":"","simplebeez_company_number_description":"","simplebeez_company_number_btn_text":"","simplebeez_company_number_btn_link":"","simplebeez_company_number_group":[],"simplebeez_header_image":[],"simplebeez_tiles_group":[],"simplebeez_contact_form_title":"","simplebeez_contact_form_description":"","simplebeez_solution_first_section_title":"","simplebeez_solution_first_section_description":"","simplebeez_solution_first_section_sub_description":"","simplebeez_solution_first_section_images":[],"simplebeez_image_boxes_heading_h2":"","simplebeez_image_boxes_group":[],"simplebeez_navigation_tabs_group":[],"simplebeez_heading_h2_title":"","simplebeez_our_features_heading_h2":"","simplebeez_our_features_field_title":"","simplebeez_our_features_box_group":[],"simplebeez_our_features_and_more_field_title":"","simplebeez_faq_title":"","simplebeez_faq_box_group":[],"simplebeez_carrers_title":"","simplebeez_carrers_subtitle":"","simplebeez_carrers_description":"","simplebeez_carrers_blockquet_right":"","simplebeez_carrers_title_jobs":"","simplebeez_carrers_group_jobs":[],"simplebeez_carrers_group_image_carousel":[],"simplebeez_carrers_group_benefits":[],"simplebeez_partners_group":[],"simplebeez_white_papers_group":[{"simplebeez_white_papers_group_image":["709"],"simplebeez_white_papers_group_text":"(EN) Conquering Complexity in the Financial Close","simplebeez_white_papers_group_btn_text":"St\u00e1hnout","simplebeez_white_papers_group_btn_link":["712"]},{"simplebeez_white_papers_group_image":["715"],"simplebeez_white_papers_group_text":"(EN) The Power of an Extensible CPM Platform","simplebeez_white_papers_group_btn_text":"St\u00e1hnout","simplebeez_white_papers_group_btn_link":["718"]},{"simplebeez_white_papers_group_image":["727"],"simplebeez_white_papers_group_text":"(EN) eXtended Planning & Analysis (xP&A)","simplebeez_white_papers_group_btn_text":"St\u00e1hnout","simplebeez_white_papers_group_btn_link":["732"]},{"simplebeez_white_papers_group_image":["734"],"simplebeez_white_papers_group_text":"(EN) Unifying ESG & Financial Reporting","simplebeez_white_papers_group_btn_text":"St\u00e1hnout","simplebeez_white_papers_group_btn_link":["736"]},{"simplebeez_white_papers_group_image":["720"],"simplebeez_white_papers_group_text":"(EN) Conquering Complexity in Mergers and Acquisitions","simplebeez_white_papers_group_btn_text":"St\u00e1hnout","simplebeez_white_papers_group_btn_link":["722"]},{"simplebeez_white_papers_group_image":["668"],"simplebeez_white_papers_group_text":"(EN) OneStream CPM Overview","simplebeez_white_papers_group_btn_text":"St\u00e1hnout","simplebeez_white_papers_group_btn_link":["666"]},{"simplebeez_white_papers_group_image":["741"],"simplebeez_white_papers_group_text":"(CZ) \u0158\u00edzen\u00ed firmy za b\u011bhu","simplebeez_white_papers_group_btn_text":"St\u00e1hnout","simplebeez_white_papers_group_btn_link":["743"]},{"simplebeez_white_papers_group_image":["748"],"simplebeez_white_papers_group_text":"(CZ) Nov\u00e1 \u00farove\u0148 \u0159\u00edzen\u00ed v\u00fdkonnosti d\u00edky inteligentn\u00edmu finan\u010dn\u00edmu \u0159\u00edzen\u00ed","simplebeez_white_papers_group_btn_text":"St\u00e1hnout","simplebeez_white_papers_group_btn_link":["751"]},{"simplebeez_white_papers_group_image":["753"],"simplebeez_white_papers_group_text":"(EN) Bringing Data Integration to the Next Level with OneStream","simplebeez_white_papers_group_btn_text":"St\u00e1hnout","simplebeez_white_papers_group_btn_link":["755"]},{"simplebeez_white_papers_group_image":["760"],"simplebeez_white_papers_group_text":"(EN) Exploring Value Realization with OneStream: A Full Platform of Value","simplebeez_white_papers_group_btn_text":"St\u00e1hnout","simplebeez_white_papers_group_btn_link":["763"]}],"simplebeez_modal_title":"Sta\u017een\u00ed PDF","simplebeez_modal_input_text":"V\u00e1\u0161 Email...","simplebeez_modal_valid_text":"Toto pole je povinn\u00e9.","simplebeez_modal_checkbox_title":"Souhlas\u00edm s t\u00edm, \u017ee budu p\u0159\u00edle\u017eitostn\u011b dost\u00e1vat informace ohledn\u011b SIMPLEBEEZ slu\u017eeb, \u0159e\u0161en\u00edch a dal\u0161\u00edch informac\u00ed.","simplebeez_modal_btn_send":"Odeslat","simplebeez_modal_btn_close":"Zav\u0159\u00edt","simplebeez_contact_us_contact_title":"","simplebeez_contact_us_open_hours_title":"","simplebeez_contact_us_open_hours_description":"","simplebeez_contact_us_title":"","simplebeez_contact_us_description":"","simplebeez_contact_us_group_image":[],"latest_blog_post_title":"","latest_blog_post_btn_text":""},"_links":{"self":[{"href":"https:\/\/www.simplebeez.com\/cs\/wp-json\/wp\/v2\/pages\/548","targetHints":{"allow":["GET"]}}],"collection":[{"href":"https:\/\/www.simplebeez.com\/cs\/wp-json\/wp\/v2\/pages"}],"about":[{"href":"https:\/\/www.simplebeez.com\/cs\/wp-json\/wp\/v2\/types\/page"}],"author":[{"embeddable":true,"href":"https:\/\/www.simplebeez.com\/cs\/wp-json\/wp\/v2\/users\/1"}],"replies":[{"embeddable":true,"href":"https:\/\/www.simplebeez.com\/cs\/wp-json\/wp\/v2\/comments?post=548"}],"version-history":[{"count":3,"href":"https:\/\/www.simplebeez.com\/cs\/wp-json\/wp\/v2\/pages\/548\/revisions"}],"predecessor-version":[{"id":809,"href":"https:\/\/www.simplebeez.com\/cs\/wp-json\/wp\/v2\/pages\/548\/revisions\/809"}],"up":[{"embeddable":true,"href":"https:\/\/www.simplebeez.com\/cs\/wp-json\/wp\/v2\/pages\/545"}],"wp:attachment":[{"href":"https:\/\/www.simplebeez.com\/cs\/wp-json\/wp\/v2\/media?parent=548"}],"curies":[{"name":"wp","href":"https:\/\/api.w.org\/{rel}","templated":true}]}}