{"id":544,"date":"2023-06-01T13:13:17","date_gmt":"2023-06-01T11:13:17","guid":{"rendered":"https:\/\/simplebeez.com\/our-services\/finance-transformation-advisory\/"},"modified":"2023-09-07T20:45:50","modified_gmt":"2023-09-07T18:45:50","slug":"finance-transformation-advisory","status":"publish","type":"page","link":"https:\/\/www.simplebeez.com\/cs\/our-services\/finance-transformation-advisory\/","title":{"rendered":"Veden\u00ed a realizace transformac\u00ed financ\u00ed"},"content":{"rendered":"","protected":false},"excerpt":{"rendered":"","protected":false},"author":1,"featured_media":0,"parent":504,"menu_order":8,"comment_status":"closed","ping_status":"closed","template":"","meta":{"footnotes":""},"class_list":["post-544","page","type-page","status-publish","hentry"],"meta_box":{"simplebeez_hero_title":"","simplebeez_hero_subtitle":"","simplebeez_hero_btn_text":"","simplebeez_hero_btn_url":"","simplebeez_hero_btn_image_left":[],"simplebeez_hero_btn_image_right":[],"simplebeez_cta_field_title":"Jsme tu, abychom v\u00e1m pomohli","simplebeez_cta_field_subtitle":"Pot\u0159ebujete zapojit interim extern\u00ed odborn\u00edky, aby od\u0159\u00eddili, odpracovali a zrealizovali inovace finan\u010dn\u00edch proces\u016f a technologi\u00ed?","simplebeez_cta_field_btntext":"Kontaktuje n\u00e1s","simplebeez_cta_field_btn_url":"","radio":"color_primary","simplebeez_who_we_are_field_title":"","simplebeez_who_we_are_field_description":"","simplebeez_who_we_are_field_text_btn":"","simplebeez_who_we_are_field_btn_link":"","simplebeez_who_we_are_field_images":[],"simplebeez_our_services_title":"Co poskytujeme \u010di dod\u00e1v\u00e1me","simplebeez_our_services_box_group":[{"simplebeez_our_services_box_title":"Fit-gap anal\u00fdza & projektov\u00e1 roadmapa","simplebeez_our_services_box_description":"poskytov\u00e1n\u00ed holistick\u00e9 anal\u00fdzy nedostatk\u016f, c\u00edl\u016f a pl\u00e1nu transformace a sbli\u017eov\u00e1n\u00ed z\u00fa\u010dastn\u011bn\u00fdch stran"},{"simplebeez_our_services_box_title":"C\u00edlov\u00fd provozn\u00ed model financ\u00ed","simplebeez_our_services_box_description":"kter\u00fd v\u00e1m pom\u016f\u017ee definovat budouc\u00ed provozn\u00ed finan\u010dn\u00ed modely za \u00fa\u010delem strategizace transforma\u010dn\u00edch zm\u011bn"},{"simplebeez_our_services_box_title":"CPM vs. ERP poradenstv\u00ed","simplebeez_our_services_box_description":"poskytov\u00e1n\u00ed poradenstv\u00ed v oblasti podnikov\u00e9 aplika\u010dn\u00ed infrastruktury, procesn\u00edch tok\u016f a navrhov\u00e1n\u00ed nejlep\u0161\u00edch technologi\u00ed"},{"simplebeez_our_services_box_title":"Interim exekutiva transforma\u010dn\u00edch zm\u011bn","simplebeez_our_services_box_description":"nasazen\u00ed interim cross-funk\u010dn\u00edch t\u00fdm\u016f, aby si vyhrnuly ruk\u00e1vy a provedly a podpo\u0159ily zm\u011bnu"},{"simplebeez_our_services_box_title":"Zjednodu\u0161en\u00ed va\u0161ich kl\u00ed\u010dov\u00fdch aplikac\u00ed","simplebeez_our_services_box_description":"sjednocen\u00ed a zjednodu\u0161en\u00ed kl\u00ed\u010dov\u00fdch firemn\u00edch \u0159e\u0161en\u00ed pro \u0159\u00edzen\u00ed v\u00fdkonnosti skupiny"},{"simplebeez_our_services_box_title":"Maximalizace n\u00e1vratnosti a p\u0159idan\u00e9 hodnoty projektu","simplebeez_our_services_box_description":"fungujeme jako expertn\u00ed nezaujat\u00ed interim leade\u0159i, kte\u0159\u00ed v\u00e1m pomohou dos\u00e1hnout v\u00fdsledk\u016f a zv\u00fd\u0161it hodnotu"}],"simplebeez_company_number_title":"","simplebeez_company_number_description":"","simplebeez_company_number_btn_text":"","simplebeez_company_number_btn_link":"","simplebeez_company_number_group":[],"simplebeez_header_image":[],"simplebeez_tiles_group":[],"simplebeez_contact_form_title":"","simplebeez_contact_form_description":"","simplebeez_solution_first_section_title":"","simplebeez_solution_first_section_description":"","simplebeez_solution_first_section_sub_description":"","simplebeez_solution_first_section_images":[],"simplebeez_image_boxes_heading_h2":"","simplebeez_image_boxes_group":[{"simplebeez_image_boxes_field_image":["303"],"simplebeez_image_boxes_field_title":"STRATEGIZOVAT","simplebeez_image_boxes_field_description":"Zam\u011b\u0159en\u00ed na poskytov\u00e1n\u00ed v\u00fdkonn\u00e9ho strategick\u00e9ho veden\u00ed pro transformaci financ\u00ed, pomoc finan\u010dn\u00edm \u0159editel\u016fm\r\np\u0159i \u0159\u00edzen\u00ed zm\u011bn v oblasti lidsk\u00fdch, procesn\u00edch a technologick\u00fdch inovac\u00ed v rovnov\u00e1ze"},{"simplebeez_image_boxes_field_image":["304"],"simplebeez_image_boxes_field_title":"POSILOVAT","simplebeez_image_boxes_field_description":"Pos\u00edlen\u00ed finan\u010dn\u00edch \u0159editel\u016f optimalizac\u00ed finan\u010dn\u00edch proces\u016f a vyu\u017eit\u00edm \u0159e\u0161en\u00ed CPM nov\u00e9 generace. Ty\r\nposkytuj\u00ed inovace v oblasti finan\u010dn\u00ed z\u00e1v\u011brky, konsolidac\u00ed, pl\u00e1nov\u00e1n\u00ed, v\u00fdkaznictv\u00ed \u010di ESG reportingu."},{"simplebeez_image_boxes_field_image":["305"],"simplebeez_image_boxes_field_title":"ZLEP\u0160OVAT & PODPOROVAT","simplebeez_image_boxes_field_description":"Vylep\u0161ov\u00e1n\u00ed a podpora infrastruktury, spr\u00e1vy dat a integrac\u00ed, kter\u00e9 umo\u017en\u00ed finan\u010dn\u00edm \u0159editel\u016fm z\u00edsk\u00e1vat komplexn\u011bj\u0161\u00ed a p\u0159esn\u011bj\u0161\u00ed vhled do finan\u010dn\u00ed v\u00fdkonnosti"}],"simplebeez_navigation_tabs_group":[{"simplebeez_navigation_tabs_field_icon":["246"],"simplebeez_navigation_tabs_field_title":"Objektivn\u00ed perspektiva a zku\u0161enost","simplebeez_navigation_tabs_field_description":"P\u0159in\u00e1\u0161\u00edme objektivn\u00ed pohled a bohat\u00e9 zku\u0161enosti s veden\u00edm podobn\u00fdch iniciativ finan\u010dn\u00ed transformace v r\u016fzn\u00fdch organizac\u00edch. Nab\u00edz\u00edme \u010derstv\u00e9 poznatky a transforma\u010dn\u00ed p\u0159\u00edstupy, apolitick\u00e9 postaven\u00ed a osv\u011bd\u010den\u00e9 postupy, kter\u00e9 mohou efektivn\u011b zm\u011bnit v\u00e1\u0161 status quo a podpo\u0159it inovativn\u00ed \u0159e\u0161en\u00ed. Na\u0161e zku\u0161enosti n\u00e1m umo\u017e\u0148uj\u00ed navigovat v\u00e1s slo\u017eitostmi, p\u0159edv\u00eddat v\u00fdzvy a efektivn\u011b implementovat inovativn\u00ed osv\u011bd\u010den\u00e9 strategie."},{"simplebeez_navigation_tabs_field_icon":["246"],"simplebeez_navigation_tabs_field_title":"Intern\u011b chyb\u011bj\u00edc\u00ed specializovan\u00e1 odbornost","simplebeez_navigation_tabs_field_description":"P\u0159in\u00e1\u0161\u00edme do va\u0161eho prost\u0159ed\u00ed n\u00e1\u0161 leadership a specializovan\u00e9 odborn\u00e9 znalosti v oblasti transformace financ\u00ed, \u0159\u00edzen\u00ed zm\u011bn a zlep\u0161ov\u00e1n\u00ed proces\u016f. Na\u0161e odborn\u00e9 znalosti n\u00e1m umo\u017e\u0148uj\u00ed navrhnout a realizovat komplexn\u00ed pl\u00e1ny transformace, kter\u00e9 zajist\u00ed, \u017ee projekt bude v souladu se strategick\u00fdmi c\u00edli organizace a specifick\u00fdmi pot\u0159ebami odv\u011btv\u00ed. Na\u0161e zapojen\u00ed znamen\u00e1, \u017ee budeme chr\u00e1nit a propojovat zainteresovan\u00e9 strany a z\u00e1jmy sponzor\u016f a sni\u017eovat rizika vypl\u00fdvaj\u00edc\u00ed z vnit\u0159n\u00edch rezistenc\u00ed, zaujat\u00fdch n\u00e1zor\u016f, politika\u0159en\u00ed, konfliktn\u00edch z\u00e1jm\u016f nebo nedostatku po\u017eadovan\u00fdch kompetenc\u00ed a kapacit."},{"simplebeez_navigation_tabs_field_icon":["246"],"simplebeez_navigation_tabs_field_title":"Veden\u00ed a \u0159\u00edzen\u00ed stakeholder\u016f","simplebeez_navigation_tabs_field_description":"Spu\u0161t\u011bn\u00ed transformace pouze intern\u011b nemus\u00ed b\u00fdt v mnoha p\u0159\u00edpadech ani mo\u017en\u00e9. Zapojen\u00ed na\u0161ich extern\u00edch exekutivn\u00edch mana\u017eer\u016f p\u0159in\u00e1\u0161\u00ed do projektu finan\u010dn\u00ed transformace siln\u00e9 vedouc\u00ed schopnosti a objektivitu. Vynik\u00e1me ve schopnosti v\u00e9st multi-funk\u010dn\u00ed t\u00fdmy, propojovat IT, finance a provoz, \u0159\u00eddit zainteresovan\u00e9 strany na r\u016fzn\u00fdch \u00farovn\u00edch a podporovat soulad nap\u0159\u00ed\u010d organizac\u00ed. V\u00fdznamn\u011b p\u0159isp\u00edv\u00e1me a usnad\u0148ujeme efektivn\u00ed komunikaci, spolupr\u00e1ci a rozhodov\u00e1n\u00ed, zaji\u0161\u0165ujeme hladk\u00fd pr\u016fb\u011bh projektu a eliminace rezistenc\u00ed a probl\u00e9m\u016f. Po\u017e\u00e1dejte na\u0161e spokojen\u00e9 z\u00e1kazn\u00edky o reference."},{"simplebeez_navigation_tabs_field_icon":["246"],"simplebeez_navigation_tabs_field_title":"Zrychlen\u00e1 realizace projektu","simplebeez_navigation_tabs_field_description":"Na\u0161e inovativn\u00ed metodiky a odborn\u00e9 znalosti n\u00e1m umo\u017e\u0148uj\u00ed zav\u00e1d\u011bt efektivn\u00ed \u0159\u00edzen\u00ed projekt\u016f, stanovovat jasn\u00e9 \u010dasov\u00e9 osy a miln\u00edky a efektivn\u011b zm\u00edr\u0148ovat rizika. Zam\u011b\u0159ujeme se na odborn\u00e9 sm\u011brov\u00e1n\u00ed a realizaci finan\u010dn\u00edch inovac\u00ed a usilujeme o maxim\u00e1ln\u00ed realizaci hodnoty. Dok\u00e1\u017eeme proj\u00edt v\u00fdzvami a usilujeme o v\u010dasn\u00e9 dokon\u010den\u00ed projektu, \u010d\u00edm\u017e se zkr\u00e1t\u00ed doba pot\u0159ebn\u00e1 k realizaci hodnoty pro organizaci."},{"simplebeez_navigation_tabs_field_icon":["246"],"simplebeez_navigation_tabs_field_title":"\u0158\u00edzen\u00ed zm\u011bn a adaptace","simplebeez_navigation_tabs_field_description":"Specializujeme se na realizaci zm\u011bn v oblasti podnikov\u00fdch financ\u00ed proto\u017ee inovace a zm\u011bna je p\u0159irozenou sou\u010d\u00e1st\u00ed na\u0161\u00ed ka\u017edodenn\u00ed \u010dinnosti. Mnohokr\u00e1t jsme vyvinuli strategie \u0159\u00edzen\u00ed zm\u011bn, zapojili kl\u00ed\u010dov\u00e9 zainteresovan\u00e9 strany a vytvo\u0159ili kulturu adaptace inovac\u00ed a neust\u00e1l\u00e9ho zlep\u0161ov\u00e1n\u00ed prost\u0159ednictv\u00edm know-how, spolupr\u00e1ce, veden\u00ed a p\u0159irozen\u00fdch vztah\u016f a vlivu v organizaci. To vede k minimalizaci odporu a maximalizaci u\u017eivatelsk\u00e9ho p\u0159ijet\u00ed."}],"simplebeez_heading_h2_title":"Va\u0161e benefity","simplebeez_our_features_heading_h2":"","simplebeez_our_features_field_title":"","simplebeez_our_features_box_group":[],"simplebeez_our_features_and_more_field_title":"","simplebeez_faq_title":"","simplebeez_faq_box_group":[],"simplebeez_carrers_title":"","simplebeez_carrers_subtitle":"","simplebeez_carrers_description":"","simplebeez_carrers_blockquet_right":"","simplebeez_carrers_title_jobs":"","simplebeez_carrers_group_jobs":[],"simplebeez_carrers_group_image_carousel":[],"simplebeez_carrers_group_benefits":[],"simplebeez_partners_group":[],"simplebeez_white_papers_group":[],"simplebeez_modal_title":"","simplebeez_modal_input_text":"","simplebeez_modal_valid_text":"","simplebeez_modal_checkbox_title":"","simplebeez_modal_btn_send":"","simplebeez_modal_btn_close":"","simplebeez_contact_us_contact_title":"","simplebeez_contact_us_open_hours_title":"","simplebeez_contact_us_open_hours_description":"","simplebeez_contact_us_title":"","simplebeez_contact_us_description":"","simplebeez_contact_us_group_image":[],"latest_blog_post_title":"Nejnov\u011bj\u0161\u00ed p\u0159\u00edsp\u011bvky","latest_blog_post_btn_text":""},"_links":{"self":[{"href":"https:\/\/www.simplebeez.com\/cs\/wp-json\/wp\/v2\/pages\/544","targetHints":{"allow":["GET"]}}],"collection":[{"href":"https:\/\/www.simplebeez.com\/cs\/wp-json\/wp\/v2\/pages"}],"about":[{"href":"https:\/\/www.simplebeez.com\/cs\/wp-json\/wp\/v2\/types\/page"}],"author":[{"embeddable":true,"href":"https:\/\/www.simplebeez.com\/cs\/wp-json\/wp\/v2\/users\/1"}],"replies":[{"embeddable":true,"href":"https:\/\/www.simplebeez.com\/cs\/wp-json\/wp\/v2\/comments?post=544"}],"version-history":[{"count":2,"href":"https:\/\/www.simplebeez.com\/cs\/wp-json\/wp\/v2\/pages\/544\/revisions"}],"predecessor-version":[{"id":794,"href":"https:\/\/www.simplebeez.com\/cs\/wp-json\/wp\/v2\/pages\/544\/revisions\/794"}],"up":[{"embeddable":true,"href":"https:\/\/www.simplebeez.com\/cs\/wp-json\/wp\/v2\/pages\/504"}],"wp:attachment":[{"href":"https:\/\/www.simplebeez.com\/cs\/wp-json\/wp\/v2\/media?parent=544"}],"curies":[{"name":"wp","href":"https:\/\/api.w.org\/{rel}","templated":true}]}}