{"id":542,"date":"2023-06-01T13:13:04","date_gmt":"2023-06-01T11:13:04","guid":{"rendered":"https:\/\/simplebeez.com\/our-services\/managed-support-services\/"},"modified":"2023-09-07T16:24:54","modified_gmt":"2023-09-07T14:24:54","slug":"managed-support-services","status":"publish","type":"page","link":"https:\/\/www.simplebeez.com\/cs\/our-services\/managed-support-services\/","title":{"rendered":"Slu\u017eby podpory &#038; outsourcing"},"content":{"rendered":"","protected":false},"excerpt":{"rendered":"","protected":false},"author":1,"featured_media":0,"parent":504,"menu_order":7,"comment_status":"closed","ping_status":"closed","template":"","meta":{"footnotes":""},"class_list":["post-542","page","type-page","status-publish","hentry"],"meta_box":{"simplebeez_hero_title":"","simplebeez_hero_subtitle":"","simplebeez_hero_btn_text":"","simplebeez_hero_btn_url":"","simplebeez_hero_btn_image_left":[],"simplebeez_hero_btn_image_right":[],"simplebeez_cta_field_title":"Jsme tu, abychom v\u00e1m pomohli","simplebeez_cta_field_subtitle":"Napl\u00e1nujte si bezplatn\u00fd hovor s na\u0161\u00edm konzultantem","simplebeez_cta_field_btntext":"Kontaktujte n\u00e1s","simplebeez_cta_field_btn_url":462,"radio":"color_primary","simplebeez_who_we_are_field_title":"","simplebeez_who_we_are_field_description":"","simplebeez_who_we_are_field_text_btn":"","simplebeez_who_we_are_field_btn_link":"","simplebeez_who_we_are_field_images":[],"simplebeez_our_services_title":"Co poskytujeme \u010di dod\u00e1v\u00e1me","simplebeez_our_services_box_group":[{"simplebeez_our_services_box_title":"Podpora u\u017eivatel\u016f a helpdesk","simplebeez_our_services_box_description":"poskytov\u00e1n\u00ed t\u00fdmu podpory, kter\u00fd pom\u016f\u017ee va\u0161im u\u017eivatel\u016fm s technick\u00fdmi nebo funk\u010dn\u00edmi probl\u00e9my, se kter\u00fdmi se mohou setkat p\u0159i pou\u017e\u00edv\u00e1n\u00ed na\u0161ich \u0159e\u0161en\u00ed CPM"},{"simplebeez_our_services_box_title":"\u0158\u00edzen\u00ed a \u0159e\u0161en\u00ed incident\u016f","simplebeez_our_services_box_description":"umo\u017e\u0148ujeme va\u0161im u\u017eivatel\u016fm \u010di administr\u00e1tor\u016fm hl\u00e1sit probl\u00e9my t\u00fdmu podpory, kter\u00fd incident pro\u0161et\u0159\u00ed, diagnostikuje a v\u010das vy\u0159e\u0161\u00ed"},{"simplebeez_our_services_box_title":"Vylep\u0161en\u00ed a upgrady syst\u00e9mu","simplebeez_our_services_box_description":"spr\u00e1va syst\u00e9mov\u00fdch upgrad\u016f a vylep\u0161en\u00ed, co\u017e zaji\u0161\u0165uje, \u017ee na\u0161e \u0159e\u0161en\u00ed CPM roste a vyv\u00edj\u00ed se podle pot\u0159eb klienta"},{"simplebeez_our_services_box_title":"Konfigurace a p\u0159izp\u016fsoben\u00ed syst\u00e9mu","simplebeez_our_services_box_description":"pomoc p\u0159i p\u0159izp\u016fsoben\u00ed \u0159e\u0161en\u00ed CPM specifick\u00fdm pot\u0159eb\u00e1m klienta vylep\u0161en\u00edm workflow, reportingu, byznys skript\u016f \u010di kalkulac\u00ed"},{"simplebeez_our_services_box_title":"\u0160kolen\u00ed a zlep\u0161en\u00ed kompetenc\u00ed","simplebeez_our_services_box_description":"nab\u00edz\u00ed \u0161kolic\u00ed programy pro vzd\u011bl\u00e1v\u00e1n\u00ed u\u017eivatel\u016f o funkc\u00edch syst\u00e9mu, osv\u011bd\u010den\u00fdch postupech a nov\u00fdch funkc\u00edch"},{"simplebeez_our_services_box_title":"Kr\u00e1tkodob\u00fd outsourcing kompletn\u00ed spr\u00e1vy CPM","simplebeez_our_services_box_description":"ve zvl\u00e1\u0161tn\u00edch p\u0159\u00edpadech m\u016f\u017eeme poskytnout dedikovan\u00fd do\u010dasn\u00fd zdroj, kter\u00fd se postar\u00e1 o spr\u00e1vu va\u0161eho \u0159e\u0161en\u00ed CPM"}],"simplebeez_company_number_title":"","simplebeez_company_number_description":"","simplebeez_company_number_btn_text":"","simplebeez_company_number_btn_link":"","simplebeez_company_number_group":[],"simplebeez_header_image":[],"simplebeez_tiles_group":[],"simplebeez_contact_form_title":"","simplebeez_contact_form_description":"","simplebeez_solution_first_section_title":"","simplebeez_solution_first_section_description":"","simplebeez_solution_first_section_sub_description":"","simplebeez_solution_first_section_images":[],"simplebeez_image_boxes_heading_h2":"","simplebeez_image_boxes_group":[],"simplebeez_navigation_tabs_group":[{"simplebeez_navigation_tabs_field_icon":["246"],"simplebeez_navigation_tabs_field_title":"Spolehliv\u00e9 partnerstv\u00ed","simplebeez_navigation_tabs_field_description":"Proaktivn\u00ed dlouhodob\u00fd vztah kritick\u00fd pro \u00fadr\u017ebu va\u0161e prost\u0159ed\u00ed a aplikac\u00ed. V\u017edy zajist\u00edme, aby klienti nez\u016fstali sami a jejich CPM \u0159e\u0161en\u00ed byla dob\u0159e udr\u017eovan\u00e1, optimalizovan\u00e1 a v souladu s jejich konkr\u00e9tn\u00edmi funk\u010dn\u00edmi po\u017eadavky. Vzhledem k tomu, \u017ee po\u017eadavky, zm\u011bny intern\u00edch zdroj\u016f nebo pot\u0159eba aplikace p\u0159izp\u016fsobovat se nov\u00fdm pot\u0159eb\u00e1m je pr\u016fb\u011b\u017en\u00e1, usilujeme o \u00fazk\u00fd dlouhodob\u00fd vztah zalo\u017een\u00fd na vz\u00e1jemn\u00e9m porozum\u011bn\u00ed."},{"simplebeez_navigation_tabs_field_icon":["246"],"simplebeez_navigation_tabs_field_title":"Uvol\u0148ujeme ruce va\u0161eho intern\u00edho IT","simplebeez_navigation_tabs_field_description":"Va\u0161e intern\u00ed IT t\u00fdmy nemus\u00ed ve v\u011bt\u0161in\u011b p\u0159\u00edpad\u016f poskytovat t\u00e9m\u011b\u0159 \u017e\u00e1dnou podporu. Vzhledem k tomu, \u017ee v\u011bt\u0161ina \u0159e\u0161en\u00ed CPM je nasazov\u00e1na a poskytov\u00e1na v modelu SaaS, mohou na\u0161i klienti v\u011bnovat sv\u00e9 intern\u00ed zdroje p\u0159edev\u0161\u00edm podpo\u0159e podnik\u00e1n\u00ed sp\u00ed\u0161e ne\u017e \u00fadr\u017eb\u011b aplikac\u00ed a z\u00e1kladn\u00edch funkc\u00ed."},{"simplebeez_navigation_tabs_field_icon":["246"],"simplebeez_navigation_tabs_field_title":"Neust\u00e1l\u00e9 zlep\u0161ov\u00e1n\u00ed a upgrady","simplebeez_navigation_tabs_field_description":"Na\u0161i odborn\u00edci jsou neust\u00e1le informov\u00e1ni o nejnov\u011bj\u0161\u00edch funkc\u00edch, n\u00e1stroj\u00edch a CPM trendech. Vyu\u017eit\u00edm na\u0161ich odborn\u00fdch znalost\u00ed mohou organizace t\u011b\u017eit z vylep\u0161en\u00ed syst\u00e9mu, nov\u00fdch mo\u017enost\u00ed a zlep\u0161en\u00ed v\u00fdkonu. Neust\u00e1l\u00e9 zlep\u0161ov\u00e1n\u00ed zaji\u0161\u0165uje, \u017ee na\u0161e \u0159e\u0161en\u00ed CPM z\u016fstanou v souladu s vyv\u00edjej\u00edc\u00edmi se funk\u010dn\u00edmi pot\u0159ebami a technologick\u00fdm pokrokem. V\u017edy v\u00e1m pom\u016f\u017eeme nejen s vylep\u0161en\u00edm \u0159e\u0161en\u00ed CPM, ale tak\u00e9 s definov\u00e1n\u00edm a pochopen\u00edm konkr\u00e9tn\u00edch m\u011bn\u00edc\u00edch se po\u017eadavk\u016f a nejlep\u0161\u00edm sm\u011brem, jak je \u0159e\u0161it."},{"simplebeez_navigation_tabs_field_icon":["246"],"simplebeez_navigation_tabs_field_title":"V\u010dasn\u00e1 podpora a asistence","simplebeez_navigation_tabs_field_description":"U\u017eivatel\u016fm nab\u00edz\u00edme v\u010dasnou podporu a pomoc. V z\u00e1vislosti na po\u017eadavc\u00edch podpory m\u016f\u017eeme \u0161k\u00e1lovat dostupn\u00e9 t\u00fdmy podpory, aby odpov\u00eddaly na dotazy u\u017eivatel\u016f, odstra\u0148ovaly probl\u00e9my a poskytovaly poradenstv\u00ed. V\u010dasn\u00e1 podpora minimalizuje naru\u0161en\u00ed pr\u00e1ce u\u017eivatel\u016f, zvy\u0161uje spokojenost u\u017eivatel\u016f a umo\u017e\u0148uje organizac\u00edm maximalizovat hodnotu odvozenou z \u0159e\u0161en\u00ed CPM."},{"simplebeez_navigation_tabs_field_icon":["246"],"simplebeez_navigation_tabs_field_title":"Specializace na OneStream a Oracle HFM","simplebeez_navigation_tabs_field_description":"Nab\u00edz\u00edme hlubok\u00e9 praktick\u00e9 odborn\u00e9 znalosti a zku\u0161enosti s platformou OneStream CPM, kter\u00e1 je l\u00eddrem v r\u016fzn\u00fdch oblastech \u0159\u00edzen\u00ed podnikov\u00e9ho v\u00fdkonu v oblasti podnikov\u00fdch proces\u016f. Tak\u00e9 nab\u00edz\u00edme na\u0161e zku\u0161enosti s implementac\u00ed nebo \u00fadr\u017ebou HFM EPM, FDMEE a dal\u0161\u00edch n\u00e1stroj\u016f a pom\u00e1h\u00e1me klient\u016fm s pl\u00e1nov\u00e1n\u00edm, hodnocen\u00edm a konverz\u00ed z HFM na OneStream CPM."}],"simplebeez_heading_h2_title":"Va\u0161e benefity","simplebeez_our_features_heading_h2":"","simplebeez_our_features_field_title":"","simplebeez_our_features_box_group":[],"simplebeez_our_features_and_more_field_title":"","simplebeez_faq_title":"","simplebeez_faq_box_group":[],"simplebeez_carrers_title":"","simplebeez_carrers_subtitle":"","simplebeez_carrers_description":"","simplebeez_carrers_blockquet_right":"","simplebeez_carrers_title_jobs":"","simplebeez_carrers_group_jobs":[],"simplebeez_carrers_group_image_carousel":[],"simplebeez_carrers_group_benefits":[],"simplebeez_partners_group":[],"simplebeez_white_papers_group":[],"simplebeez_modal_title":"","simplebeez_modal_input_text":"","simplebeez_modal_valid_text":"","simplebeez_modal_checkbox_title":"","simplebeez_modal_btn_send":"","simplebeez_modal_btn_close":"","simplebeez_contact_us_contact_title":"","simplebeez_contact_us_open_hours_title":"","simplebeez_contact_us_open_hours_description":"","simplebeez_contact_us_title":"","simplebeez_contact_us_description":"","simplebeez_contact_us_group_image":[],"latest_blog_post_title":"Nejnov\u011bj\u0161\u00ed p\u0159\u00edsp\u011bvky","latest_blog_post_btn_text":"ZOBRAZIT V\u00cdCE"},"_links":{"self":[{"href":"https:\/\/www.simplebeez.com\/cs\/wp-json\/wp\/v2\/pages\/542","targetHints":{"allow":["GET"]}}],"collection":[{"href":"https:\/\/www.simplebeez.com\/cs\/wp-json\/wp\/v2\/pages"}],"about":[{"href":"https:\/\/www.simplebeez.com\/cs\/wp-json\/wp\/v2\/types\/page"}],"author":[{"embeddable":true,"href":"https:\/\/www.simplebeez.com\/cs\/wp-json\/wp\/v2\/users\/1"}],"replies":[{"embeddable":true,"href":"https:\/\/www.simplebeez.com\/cs\/wp-json\/wp\/v2\/comments?post=542"}],"version-history":[{"count":4,"href":"https:\/\/www.simplebeez.com\/cs\/wp-json\/wp\/v2\/pages\/542\/revisions"}],"predecessor-version":[{"id":790,"href":"https:\/\/www.simplebeez.com\/cs\/wp-json\/wp\/v2\/pages\/542\/revisions\/790"}],"up":[{"embeddable":true,"href":"https:\/\/www.simplebeez.com\/cs\/wp-json\/wp\/v2\/pages\/504"}],"wp:attachment":[{"href":"https:\/\/www.simplebeez.com\/cs\/wp-json\/wp\/v2\/media?parent=542"}],"curies":[{"name":"wp","href":"https:\/\/api.w.org\/{rel}","templated":true}]}}