{"id":540,"date":"2023-06-01T13:12:35","date_gmt":"2023-06-01T11:12:35","guid":{"rendered":"https:\/\/simplebeez.com\/our-services\/cpm-infrastructure-data-integrations\/"},"modified":"2023-09-07T16:06:27","modified_gmt":"2023-09-07T14:06:27","slug":"cpm-infrastructure-data-integrations","status":"publish","type":"page","link":"https:\/\/www.simplebeez.com\/cs\/our-services\/cpm-infrastructure-data-integrations\/","title":{"rendered":"CPM infrastruktura &#038; datov\u00e9 integrace"},"content":{"rendered":"","protected":false},"excerpt":{"rendered":"","protected":false},"author":1,"featured_media":0,"parent":504,"menu_order":6,"comment_status":"closed","ping_status":"closed","template":"","meta":{"footnotes":""},"class_list":["post-540","page","type-page","status-publish","hentry"],"meta_box":{"simplebeez_hero_title":"","simplebeez_hero_subtitle":"","simplebeez_hero_btn_text":"","simplebeez_hero_btn_url":"","simplebeez_hero_btn_image_left":[],"simplebeez_hero_btn_image_right":[],"simplebeez_cta_field_title":"Jsme tu, abychom v\u00e1m pomohli","simplebeez_cta_field_subtitle":"Napl\u00e1nujte si bezplatn\u00fd hovor s na\u0161\u00edm konzultantem","simplebeez_cta_field_btntext":"Kontaktujte n\u00e1s","simplebeez_cta_field_btn_url":462,"radio":"color_primary","simplebeez_who_we_are_field_title":"","simplebeez_who_we_are_field_description":"","simplebeez_who_we_are_field_text_btn":"","simplebeez_who_we_are_field_btn_link":"","simplebeez_who_we_are_field_images":[],"simplebeez_our_services_title":"Co poskytujeme \u010di dod\u00e1v\u00e1me","simplebeez_our_services_box_group":[{"simplebeez_our_services_box_title":"Instalace a konfigurace aplikac\u00ed","simplebeez_our_services_box_description":"Pomoc s po\u010d\u00e1te\u010dn\u00edmi instalacemi a konfiguracemi. Nasazujeme r\u016fzn\u00e9 instance aplikace v\u010d. DEV, Testing \u010di Production"},{"simplebeez_our_services_box_title":"Asistence p\u0159i p\u0159echodu na cloud","simplebeez_our_services_box_description":"Pokud uva\u017eujete o p\u0159echodu na cloud, poskytneme v\u00e1m poradenstv\u00ed a pomoc, abyste pochopili v\u0161echny technick\u00e9 d\u016fsledky"},{"simplebeez_our_services_box_title":"Poradenstv\u00ed v oblasti bezpe\u010dnosti dat a aplikac\u00ed","simplebeez_our_services_box_description":"Zajist\u00edme, abyste byli spokojeni se zabezpe\u010den\u00edm dat a aplikac\u00ed nebo konzultujeme va\u0161e z\u00e1le\u017eitosti zabezpe\u010den\u00ed cloudu"},{"simplebeez_our_services_box_title":"Datov\u00e9 integrace a datov\u00e9 transformace","simplebeez_our_services_box_description":"Realizujeme vhodn\u00e9 a flexibiln\u00ed z\u00edsk\u00e1v\u00e1n\u00ed dat do va\u0161eho CPM \u0159e\u0161en\u00ed v\u010d. datov\u00e9 transformace"},{"simplebeez_our_services_box_title":"Migrace dat nebo \u010di\u0161t\u011bn\u00ed dat","simplebeez_our_services_box_description":"N\u00e1\u0161 t\u00fdm vyvinul metodiky migrace dat a pom\u00e1h\u00e1 s prov\u00e1d\u011bn\u00edm datov\u00fdch p\u0159enos\u016f"},{"simplebeez_our_services_box_title":"Asistence s upgrady","simplebeez_our_services_box_description":"Podpora pl\u00e1nov\u00e1n\u00ed a prov\u00e1d\u011bn\u00ed upgradu (obvykle model SaaS) a podpora aktualizac\u00ed aplikac\u00ed"}],"simplebeez_company_number_title":"","simplebeez_company_number_description":"","simplebeez_company_number_btn_text":"","simplebeez_company_number_btn_link":"","simplebeez_company_number_group":[],"simplebeez_header_image":[],"simplebeez_tiles_group":[],"simplebeez_contact_form_title":"","simplebeez_contact_form_description":"","simplebeez_solution_first_section_title":"","simplebeez_solution_first_section_description":"","simplebeez_solution_first_section_sub_description":"","simplebeez_solution_first_section_images":[],"simplebeez_image_boxes_heading_h2":"","simplebeez_image_boxes_group":[],"simplebeez_navigation_tabs_group":[{"simplebeez_navigation_tabs_field_icon":["246"],"simplebeez_navigation_tabs_field_title":"Siln\u00e9 partnerstv\u00ed pro v\u00e1\u0161 r\u016fst","simplebeez_navigation_tabs_field_description":"Nav\u00e1z\u00e1n\u00ed dlouhodob\u00e9ho technologick\u00e9ho a funk\u010dn\u00edho partnerstv\u00ed, kter\u00e9 zaji\u0161\u0165uje udr\u017eov\u00e1n\u00ed a zlep\u0161ov\u00e1n\u00ed va\u0161ich kl\u00ed\u010dov\u00fdch aplika\u010dn\u00edch \u0159e\u0161en\u00ed v oblasti Corporate Performance."},{"simplebeez_navigation_tabs_field_icon":["246"],"simplebeez_navigation_tabs_field_title":"Zlep\u0161ov\u00e1n\u00ed va\u0161\u00ed schopnosti rozhodov\u00e1n\u00ed","simplebeez_navigation_tabs_field_description":"Nejen\u017ee p\u0159in\u00e1\u0161\u00edme a dod\u00e1v\u00e1me nejlep\u0161\u00ed \u0159e\u0161en\u00ed z\u00edsk\u00e1v\u00e1n\u00ed dat ve sv\u00e9 t\u0159\u00edd\u011b, transformace dat, validac\u00ed a zlep\u0161ov\u00e1n\u00ed jejich kvality. Z\u00edsk\u00e1te odbornou pomoc s pomoc\u00ed p\u0159i \u010di\u0161t\u011bn\u00ed zdrojov\u00fdch dat, vyhodnocov\u00e1n\u00ed rizik a metodick\u00fdch nesrovnalost\u00ed dle pot\u0159eby. Tato vylep\u0161en\u00ed a v\u00fdstupy v\u00fdrazn\u011b zlep\u0161uj\u00ed va\u0161e schopnosti rozhodov\u00e1n\u00ed."},{"simplebeez_navigation_tabs_field_icon":["246"],"simplebeez_navigation_tabs_field_title":"Sjednocen\u00ed a transformace datov\u00e9 struktury","simplebeez_navigation_tabs_field_description":"P\u0159in\u00e1\u0161\u00edme data v r\u016fzn\u00fdch datov\u00fdch struktur\u00e1ch a form\u00e1tech a p\u0159ev\u00e1d\u00edme je do jednotn\u00fdch datov\u00fdch model\u016f pro r\u016fzn\u00e9 podnikov\u00e9 procesy v r\u00e1mci Corporate Performance. Vyu\u017eit\u00edm n\u00e1stroje pro kvalitu dat OneStream v\u00e1m umo\u017e\u0148ujeme z\u00edskat smyslupln\u011bj\u0161\u00ed p\u0159ehled o finan\u010dn\u00ed v\u00fdkonnosti va\u0161eho podnik\u00e1n\u00ed."},{"simplebeez_navigation_tabs_field_icon":["246"],"simplebeez_navigation_tabs_field_title":"Zjednodu\u0161en\u00ed prost\u0159ed\u00ed IT aplikac\u00ed","simplebeez_navigation_tabs_field_description":"Pom\u016f\u017eeme v\u00e1m s p\u0159echodem na cloud, zjednodu\u0161\u00edme a sn\u00ed\u017e\u00edme n\u00e1klady na infrastrukturu a hardware."},{"simplebeez_navigation_tabs_field_icon":["246"],"simplebeez_navigation_tabs_field_title":"Rozs\u00e1hl\u00e1 znalost v r\u00e1mci security","simplebeez_navigation_tabs_field_description":"Z\u00edsk\u00e1n\u00ed partnera s rozs\u00e1hl\u00fdmi zku\u0161enostmi s \u0159e\u0161en\u00edm slo\u017eit\u00fdch po\u017eadavk\u016f na zabezpe\u010den\u00ed spr\u00e1vy dat nebo modelov\u00e1n\u00ed zabezpe\u010den\u00ed p\u0159\u00edstupu k aplikac\u00edm v\u010d. SOX."}],"simplebeez_heading_h2_title":"Va\u0161e benefity","simplebeez_our_features_heading_h2":"","simplebeez_our_features_field_title":"","simplebeez_our_features_box_group":[],"simplebeez_our_features_and_more_field_title":"","simplebeez_faq_title":"","simplebeez_faq_box_group":[],"simplebeez_carrers_title":"","simplebeez_carrers_subtitle":"","simplebeez_carrers_description":"","simplebeez_carrers_blockquet_right":"","simplebeez_carrers_title_jobs":"","simplebeez_carrers_group_jobs":[],"simplebeez_carrers_group_image_carousel":[],"simplebeez_carrers_group_benefits":[],"simplebeez_partners_group":[],"simplebeez_white_papers_group":[],"simplebeez_modal_title":"","simplebeez_modal_input_text":"","simplebeez_modal_valid_text":"","simplebeez_modal_checkbox_title":"","simplebeez_modal_btn_send":"","simplebeez_modal_btn_close":"","simplebeez_contact_us_contact_title":"","simplebeez_contact_us_open_hours_title":"","simplebeez_contact_us_open_hours_description":"","simplebeez_contact_us_title":"","simplebeez_contact_us_description":"","simplebeez_contact_us_group_image":[],"latest_blog_post_title":"Nejnov\u011bj\u0161\u00ed p\u0159\u00edsp\u011bvky","latest_blog_post_btn_text":"ZOBRAZIT V\u00cdCE"},"_links":{"self":[{"href":"https:\/\/www.simplebeez.com\/cs\/wp-json\/wp\/v2\/pages\/540","targetHints":{"allow":["GET"]}}],"collection":[{"href":"https:\/\/www.simplebeez.com\/cs\/wp-json\/wp\/v2\/pages"}],"about":[{"href":"https:\/\/www.simplebeez.com\/cs\/wp-json\/wp\/v2\/types\/page"}],"author":[{"embeddable":true,"href":"https:\/\/www.simplebeez.com\/cs\/wp-json\/wp\/v2\/users\/1"}],"replies":[{"embeddable":true,"href":"https:\/\/www.simplebeez.com\/cs\/wp-json\/wp\/v2\/comments?post=540"}],"version-history":[{"count":3,"href":"https:\/\/www.simplebeez.com\/cs\/wp-json\/wp\/v2\/pages\/540\/revisions"}],"predecessor-version":[{"id":788,"href":"https:\/\/www.simplebeez.com\/cs\/wp-json\/wp\/v2\/pages\/540\/revisions\/788"}],"up":[{"embeddable":true,"href":"https:\/\/www.simplebeez.com\/cs\/wp-json\/wp\/v2\/pages\/504"}],"wp:attachment":[{"href":"https:\/\/www.simplebeez.com\/cs\/wp-json\/wp\/v2\/media?parent=540"}],"curies":[{"name":"wp","href":"https:\/\/api.w.org\/{rel}","templated":true}]}}