{"id":538,"date":"2023-06-01T13:11:29","date_gmt":"2023-06-01T11:11:29","guid":{"rendered":"https:\/\/simplebeez.com\/our-services\/management-reporting-analysis\/"},"modified":"2023-09-07T11:33:51","modified_gmt":"2023-09-07T09:33:51","slug":"management-reporting-analysis","status":"publish","type":"page","link":"https:\/\/www.simplebeez.com\/cs\/our-services\/management-reporting-analysis\/","title":{"rendered":"Mana\u017eersk\u00fd reporting &#038; anal\u00fdza"},"content":{"rendered":"","protected":false},"excerpt":{"rendered":"","protected":false},"author":1,"featured_media":0,"parent":504,"menu_order":3,"comment_status":"closed","ping_status":"closed","template":"","meta":{"footnotes":""},"class_list":["post-538","page","type-page","status-publish","hentry"],"meta_box":{"simplebeez_hero_title":"","simplebeez_hero_subtitle":"","simplebeez_hero_btn_text":"","simplebeez_hero_btn_url":"","simplebeez_hero_btn_image_left":[],"simplebeez_hero_btn_image_right":[],"simplebeez_cta_field_title":"Jsme tu, abychom v\u00e1m pomohli","simplebeez_cta_field_subtitle":"Napl\u00e1nujte si bezplatn\u00fd hovor s na\u0161\u00edm konzultantem","simplebeez_cta_field_btntext":"Kontaktujte n\u00e1s","simplebeez_cta_field_btn_url":462,"radio":"color_primary","simplebeez_who_we_are_field_title":"","simplebeez_who_we_are_field_description":"","simplebeez_who_we_are_field_text_btn":"","simplebeez_who_we_are_field_btn_link":"","simplebeez_who_we_are_field_images":[],"simplebeez_our_services_title":"Co poskytujeme a dod\u00e1v\u00e1me","simplebeez_our_services_box_group":[{"simplebeez_our_services_box_title":"V\u00fdkonnostn\u00ed reporting na m\u00edru","simplebeez_our_services_box_description":"umo\u017e\u0148uj\u00edc\u00ed reportovat a zpracov\u00e1vat velk\u00e9 objemy dat, jako jsou prodeje podle distribu\u010dn\u00edch kan\u00e1l\u016f, segment\u016f, produktov\u00fdch \u0159ad nebo SKU"},{"simplebeez_our_services_box_title":"Unifikovan\u00e9 reportingov\u00e9 \u0159e\u0161en\u00ed","simplebeez_our_services_box_description":"integracuj\u00edc\u00ed data z v\u00edce syst\u00e9m\u016f pro zaji\u0161t\u011bn\u00ed jednotn\u00e9ho a spolehliv\u00e9ho zdroje dat pro mana\u017eersk\u00e9 v\u00fdkaznictv\u00ed"},{"simplebeez_our_services_box_title":"Automatizace generov\u00e1n\u00ed report\u016f","simplebeez_our_services_box_description":"v\u00fdvoj mechanism\u016f pl\u00e1nov\u00e1n\u00ed pro pravideln\u00e9 vytv\u00e1\u0159en\u00ed reportingu a sn\u00ed\u017een\u00ed manu\u00e1ln\u00edho \u00fasil\u00ed"},{"simplebeez_our_services_box_title":"Propojen\u00ed mana\u017eersk\u00e9ho a skupinov\u00e9ho reportingu","simplebeez_our_services_box_description":"pomoc\u00ed unik\u00e1tn\u00ed technologie OneStream Extensibility k zaji\u0161t\u011bn\u00ed souladu v\u00fdkaznictv\u00ed s konsolidac\u00ed skupiny"},{"simplebeez_our_services_box_title":"Roz\u0161i\u0159iteln\u00e9 datov\u00e9 modelov\u00e1n\u00ed podle procesu","simplebeez_our_services_box_description":"navrhov\u00e1n\u00ed integrovan\u00fdch datov\u00fdch model\u016f, kter\u00e9 jsou v souladu s r\u016fzn\u00fdmi obchodn\u00edmi c\u00edli a po\u017eadavky na v\u00fdkaznictv\u00ed"},{"simplebeez_our_services_box_title":"Varian\u010dn\u00ed anal\u00fdzy nebo ad-hoc reporting","simplebeez_our_services_box_description":"v\u00fdvoj metodologi\u00ed anal\u00fdzy varianc\u00ed pro identifikaci kl\u00ed\u010dov\u00fdch oblast\u00ed a podporu rozhodov\u00e1n\u00ed zalo\u017een\u00e9ho na datech"}],"simplebeez_company_number_title":"","simplebeez_company_number_description":"","simplebeez_company_number_btn_text":"","simplebeez_company_number_btn_link":"","simplebeez_company_number_group":[],"simplebeez_header_image":[],"simplebeez_tiles_group":[],"simplebeez_contact_form_title":"","simplebeez_contact_form_description":"","simplebeez_solution_first_section_title":"","simplebeez_solution_first_section_description":"","simplebeez_solution_first_section_sub_description":"","simplebeez_solution_first_section_images":[],"simplebeez_image_boxes_heading_h2":"","simplebeez_image_boxes_group":[],"simplebeez_navigation_tabs_group":[{"simplebeez_navigation_tabs_field_icon":["246"],"simplebeez_navigation_tabs_field_title":"Pochopte kontext va\u0161ich dat","simplebeez_navigation_tabs_field_description":"P\u0159i anal\u00fdze vykazovan\u00fdch v\u00fdsledk\u016f budete moci snadno drillovat a\u017e na zdrojov\u00e1 data a vr\u00e1tit se zp\u011bt k p\u0159\u00ed\u010din\u00e1m kl\u00ed\u010dov\u00fdch ukazatel\u016f v\u00fdkonnosti nebo analytick\u00fdch poznatk\u016f, ani\u017e byste museli \u017e\u00e1dat lidi o vysv\u011btlen\u00ed. To v\u00e1m poskytne v\u011bt\u0161\u00ed d\u016fv\u011bru v p\u0159esnost a spr\u00e1vnost dat."},{"simplebeez_navigation_tabs_field_icon":["246"],"simplebeez_navigation_tabs_field_title":"U\u017eivatelsk\u00e1 ad-hoc anal\u00fdza & reporting","simplebeez_navigation_tabs_field_description":"S na\u0161imi \u0159e\u0161en\u00edmi umo\u017e\u0148ujeme podnikov\u00fdm u\u017eivatel\u016fm prov\u00e1d\u011bt samoobslu\u017en\u00e9 anal\u00fdzy bez velk\u00e9ho spol\u00e9h\u00e1n\u00ed se na IT nebo finan\u010dn\u00ed t\u00fdmy. S u\u017eivatelsky p\u0159\u00edv\u011btiv\u00fdm rozhran\u00edm OneStream CPM a intuitivn\u00edmi n\u00e1stroji pro vytv\u00e1\u0159en\u00ed reportingu mohou u\u017eivatel\u00e9 snadno p\u0159istupovat k dat\u016fm a analyzovat je, vytv\u00e1\u0159et sestavy a vizualizace a z\u00edsk\u00e1vat cenn\u00e9 poznatky. Tato samoobslu\u017en\u00e1 schopnost podporuje agilitu, sni\u017euje z\u00e1vislost a umo\u017e\u0148uje rychlej\u0161\u00ed rozhodov\u00e1n\u00ed v cel\u00e9 organizaci."},{"simplebeez_navigation_tabs_field_icon":["246"],"simplebeez_navigation_tabs_field_title":"Jedin\u00fd zdroj r\u016fzn\u00e9ho reportingu","simplebeez_navigation_tabs_field_description":"Mnoho organizac\u00ed se sna\u017e\u00ed \u0159e\u0161it r\u016fzn\u00e9 po\u017eadavky na v\u00fdkaznictv\u00ed pomoc\u00ed r\u016fzn\u00fdch n\u00e1stroj\u016f a datov\u00fdch proces\u016f. Vznik\u00e1 tak fragmentovan\u00e9 prost\u0159ed\u00ed, kde koncov\u00ed u\u017eivatel\u00e9 ztr\u00e1cej\u00ed agilitu a kontrolu. D\u00edky jedine\u010dn\u00fdm schopnostem OneStream, jako je modelov\u00e1n\u00ed v\u00edce datov\u00fdch kostek, horizont\u00e1ln\u00ed nebo vertik\u00e1ln\u00ed roz\u0161i\u0159itelnost, jej m\u016f\u017eeme navrhnout tak, \u017ee bude podporovat r\u016fznorod\u00e9 reportingov\u00e9 slu\u017eby pro specifick\u00e9 decentralizovan\u00e9 pot\u0159eby a z\u00e1rove\u0148 je integrovat s reportingem pro skupinu na nejvy\u0161\u0161\u00ed \u00farovni."},{"simplebeez_navigation_tabs_field_icon":["246"],"simplebeez_navigation_tabs_field_title":"Kompletn\u00ed a sjednocen\u00fd organiza\u010dn\u00ed reporting","simplebeez_navigation_tabs_field_description":"Slu\u010dov\u00e1n\u00ed finan\u010dn\u00edch a provozn\u00edch dat, abyste z\u00edskali p\u0159ehled o v\u00fdkonnostn\u00edch indik\u00e1torech, jako je ziskovost z\u00e1kazn\u00edk\u016f a produkt\u016f podle regionu nebo kan\u00e1l\u016f."}],"simplebeez_heading_h2_title":"Va\u0161e benefity","simplebeez_our_features_heading_h2":"","simplebeez_our_features_field_title":"","simplebeez_our_features_box_group":[],"simplebeez_our_features_and_more_field_title":"","simplebeez_faq_title":"","simplebeez_faq_box_group":[],"simplebeez_carrers_title":"","simplebeez_carrers_subtitle":"","simplebeez_carrers_description":"","simplebeez_carrers_blockquet_right":"","simplebeez_carrers_title_jobs":"","simplebeez_carrers_group_jobs":[],"simplebeez_carrers_group_image_carousel":[],"simplebeez_carrers_group_benefits":[],"simplebeez_partners_group":[],"simplebeez_white_papers_group":[],"simplebeez_modal_title":"","simplebeez_modal_input_text":"","simplebeez_modal_valid_text":"","simplebeez_modal_checkbox_title":"","simplebeez_modal_btn_send":"","simplebeez_modal_btn_close":"","simplebeez_contact_us_contact_title":"","simplebeez_contact_us_open_hours_title":"","simplebeez_contact_us_open_hours_description":"","simplebeez_contact_us_title":"","simplebeez_contact_us_description":"","simplebeez_contact_us_group_image":[],"latest_blog_post_title":"Nejnov\u011bj\u0161\u00ed p\u0159\u00edsp\u011bvky","latest_blog_post_btn_text":"ZOBRAZIT V\u00cdCE"},"_links":{"self":[{"href":"https:\/\/www.simplebeez.com\/cs\/wp-json\/wp\/v2\/pages\/538","targetHints":{"allow":["GET"]}}],"collection":[{"href":"https:\/\/www.simplebeez.com\/cs\/wp-json\/wp\/v2\/pages"}],"about":[{"href":"https:\/\/www.simplebeez.com\/cs\/wp-json\/wp\/v2\/types\/page"}],"author":[{"embeddable":true,"href":"https:\/\/www.simplebeez.com\/cs\/wp-json\/wp\/v2\/users\/1"}],"replies":[{"embeddable":true,"href":"https:\/\/www.simplebeez.com\/cs\/wp-json\/wp\/v2\/comments?post=538"}],"version-history":[{"count":2,"href":"https:\/\/www.simplebeez.com\/cs\/wp-json\/wp\/v2\/pages\/538\/revisions"}],"predecessor-version":[{"id":784,"href":"https:\/\/www.simplebeez.com\/cs\/wp-json\/wp\/v2\/pages\/538\/revisions\/784"}],"up":[{"embeddable":true,"href":"https:\/\/www.simplebeez.com\/cs\/wp-json\/wp\/v2\/pages\/504"}],"wp:attachment":[{"href":"https:\/\/www.simplebeez.com\/cs\/wp-json\/wp\/v2\/media?parent=538"}],"curies":[{"name":"wp","href":"https:\/\/api.w.org\/{rel}","templated":true}]}}