{"id":537,"date":"2023-06-01T13:11:13","date_gmt":"2023-06-01T11:11:13","guid":{"rendered":"https:\/\/simplebeez.com\/our-services\/financial-planning-xpa\/"},"modified":"2023-09-07T11:26:38","modified_gmt":"2023-09-07T09:26:38","slug":"financial-planning-xpa","status":"publish","type":"page","link":"https:\/\/www.simplebeez.com\/cs\/our-services\/financial-planning-xpa\/","title":{"rendered":"Finan\u010dn\u00ed pl\u00e1nov\u00e1n\u00ed &#038; xP&#038;A"},"content":{"rendered":"","protected":false},"excerpt":{"rendered":"","protected":false},"author":1,"featured_media":0,"parent":504,"menu_order":2,"comment_status":"closed","ping_status":"closed","template":"","meta":{"footnotes":""},"class_list":["post-537","page","type-page","status-publish","hentry"],"meta_box":{"simplebeez_hero_title":"","simplebeez_hero_subtitle":"","simplebeez_hero_btn_text":"","simplebeez_hero_btn_url":"","simplebeez_hero_btn_image_left":[],"simplebeez_hero_btn_image_right":[],"simplebeez_cta_field_title":"Jsme tu, abychom v\u00e1m pomohli","simplebeez_cta_field_subtitle":"Napl\u00e1nujte si bezplatn\u00fd hovor s na\u0161\u00edm konzultantem","simplebeez_cta_field_btntext":"Kontaktujte n\u00e1s","simplebeez_cta_field_btn_url":462,"radio":"color_primary","simplebeez_who_we_are_field_title":"","simplebeez_who_we_are_field_description":"","simplebeez_who_we_are_field_text_btn":"","simplebeez_who_we_are_field_btn_link":"","simplebeez_who_we_are_field_images":[],"simplebeez_our_services_title":"Co poskytujeme a dod\u00e1v\u00e1me","simplebeez_our_services_box_group":[{"simplebeez_our_services_box_title":"P\u0159\u00ednos prost\u0159ednictv\u00edm roz\u0161\u00ed\u0159en\u00e9ho organiza\u010dn\u00edho pl\u00e1nov\u00e1n\u00ed","simplebeez_our_services_box_description":"propojen\u00ed finan\u010dn\u00edch a provozn\u00edch proces\u016f do inovativn\u00edch pl\u00e1novac\u00edch \u0159e\u0161en\u00ed vytv\u00e1\u0159ej\u00edc\u00edch strategickou hodnotu"},{"simplebeez_our_services_box_title":"Schopnost pl\u00e1novat a m\u011b\u0159it velk\u00fd objem provozn\u00edch dat","simplebeez_our_services_box_description":"jako jsou tr\u017eby \/ COGS podle distribu\u010dn\u00edch kan\u00e1l\u016f, produktov\u00fdch \u0159ad, produkt\u016f \u010di SKU ve v\u011bt\u0161\u00edm datov\u00e9m m\u011b\u0159\u00edtku"},{"simplebeez_our_services_box_title":"V\u00fdkonn\u00e9 a intuitivn\u00ed n\u00e1stroje pl\u00e1nov\u00e1n\u00ed s podporou ML a AI","simplebeez_our_services_box_description":"v\u010d. dlouhodob\u00e9 pl\u00e1nov\u00e1n\u00ed, rozpo\u010dtov\u00e1n\u00ed, speci\u00e1ln\u00edho pl\u00e1nov\u00e1n\u00ed, simulac\u00ed, klouzav\u00e9ho forecastingu nebo strojov\u00e9ho u\u010den\u00ed"},{"simplebeez_our_services_box_title":"Roz\u0161\u00ed\u0159en\u00ed pl\u00e1nov\u00e1n\u00ed o konsolida\u010dn\u00ed pravidla","simplebeez_our_services_box_description":"umo\u017e\u0148uj\u00edc\u00ed konsolida\u010dn\u00ed, konverzn\u00ed a elimina\u010dn\u00ed pravidla a kalkulace pro r\u016fzn\u00e9 sc\u00e9n\u00e1\u0159e pl\u00e1nov\u00e1n\u00ed\r\n"},{"simplebeez_our_services_box_title":"Modely alokac\u00ed p\u0159\u00edm\u00fdch \u010di nep\u0159\u00edm\u00fdch n\u00e1klad\u016f","simplebeez_our_services_box_description":"poskytuj\u00edc\u00ed spolehliv\u00e9 informace o tom, jak n\u00e1klady p\u0159isp\u00edvaj\u00ed k v\u00fdkonnosti"},{"simplebeez_our_services_box_title":"Pl\u00e1nov\u00e1n\u00ed sjednocen\u00e9 s finan\u010dn\u00edm a ESG v\u00fdkaznictv\u00edm na jednom m\u00edst\u011b","simplebeez_our_services_box_description":"nahrazuj\u00edc\u00ed star\u0161\u00ed \u010di fragmentovan\u00e9 syst\u00e9my modern\u00ed jednotnou platformou pro kompletn\u00ed CPM procesy"}],"simplebeez_company_number_title":"","simplebeez_company_number_description":"","simplebeez_company_number_btn_text":"","simplebeez_company_number_btn_link":"","simplebeez_company_number_group":[],"simplebeez_header_image":[],"simplebeez_tiles_group":[],"simplebeez_contact_form_title":"","simplebeez_contact_form_description":"","simplebeez_solution_first_section_title":"","simplebeez_solution_first_section_description":"","simplebeez_solution_first_section_sub_description":"","simplebeez_solution_first_section_images":[],"simplebeez_image_boxes_heading_h2":"","simplebeez_image_boxes_group":[{"simplebeez_image_boxes_field_image":["196"],"simplebeez_image_boxes_field_title":"Integrovan\u00e9 Provozn\u00ed & Finan\u010dn\u00ed Pl\u00e1nov\u00e1n\u00ed","simplebeez_image_boxes_field_description":"Poskytov\u00e1n\u00ed agiln\u00edho a automatizovan\u00e9ho pln\u00e9ho celoorganiza\u010dn\u00edho pl\u00e1nov\u00e1n\u00ed propojuj\u00edc\u00ed pl\u00e1nova\u010de a osoby s rozhodovac\u00ed pravomoc\u00ed do jedin\u00e9ho zdroje r\u016fzn\u00e9ho pl\u00e1nov\u00e1n\u00ed"},{"simplebeez_image_boxes_field_image":["195"],"simplebeez_image_boxes_field_title":"Propojte Pl\u00e1nov\u00e1n\u00ed s V\u00fdkonnostn\u00edm Reportingem & Konsolidac\u00ed","simplebeez_image_boxes_field_description":"Nab\u00eddka platformy OneStream CPM skute\u010dn\u011b sjednocuj\u00edc\u00ed procesy pl\u00e1nov\u00e1n\u00ed, v\u00fdkaznictv\u00ed nebo konsolidace v jedin\u00e9m softwaru a propojuj\u00edc\u00ed va\u0161e funk\u010dn\u00ed t\u00fdmy"},{"simplebeez_image_boxes_field_image":["295"],"simplebeez_image_boxes_field_title":"Inovativn\u00ed Operativn\u00ed Modely pro Pl\u00e1nov\u00e1n\u00ed","simplebeez_image_boxes_field_description":"P\u0159edstavujeme inovativn\u00ed roz\u0161\u00ed\u0159en\u00e9 modely pl\u00e1nov\u00e1n\u00ed a pom\u00e1h\u00e1me p\u0159i zav\u00e1d\u011bn\u00ed modern\u00edch postup\u016f xP&A pro zaji\u0161t\u011bn\u00ed p\u0159esnosti a hodnoty"}],"simplebeez_navigation_tabs_group":[{"simplebeez_navigation_tabs_field_icon":["246"],"simplebeez_navigation_tabs_field_title":"Nahra\u010fte odtr\u017een\u00e9 r\u016fzn\u00e9 pl\u00e1ny","simplebeez_navigation_tabs_field_description":"Zm\u011b\u0148te p\u0159edpoklady v oblasti prodeje, HR nebo v\u00fdroby a dynamicky porozum\u011bjte jejich finan\u010dn\u00edmu dopadu v re\u00e1ln\u00e9m \u010dase.\r\n\r\nProbl\u00e9m neprov\u00e1zanosti a od\u0159\u00edznut\u00ed provozn\u00edch a finan\u010dn\u00edch pl\u00e1n\u016f spo\u010d\u00edv\u00e1 v potenci\u00e1lu neefektivnosti, chybn\u00e9 komunikace a promarn\u011bn\u00fdch p\u0159\u00edle\u017eitost\u00ed, kter\u00e9 mohou nastat, kdy\u017e jsou tyto dva kl\u00ed\u010dov\u00e9 aspekty organiza\u010dn\u00edho pl\u00e1nov\u00e1n\u00ed nepropojeny. K p\u0159ekon\u00e1n\u00ed tohoto probl\u00e9mu by podniky m\u011bly usilovat o \u00fa\u010dinnou koordinaci a integraci mezi t\u011bmito procesy pl\u00e1nov\u00e1n\u00ed, aby byl zaji\u0161t\u011bn holistick\u00fd a koherentn\u00ed p\u0159\u00edstup k \u0159\u00edzen\u00ed jejich operac\u00ed a financ\u00ed."},{"simplebeez_navigation_tabs_field_icon":["246"],"simplebeez_navigation_tabs_field_title":"Zlep\u0161en\u00ed rozhodov\u00e1n\u00ed","simplebeez_navigation_tabs_field_description":"Kdy\u017e jsou finan\u010dn\u00ed a provozn\u00ed pl\u00e1ny prov\u00e1z\u00e1ny, maj\u00ed osoby s rozhodovac\u00ed pravomoc\u00ed holistick\u00fd pohled na c\u00edle, zdroje a limitace organizace. Toto komplexn\u00ed porozum\u011bn\u00ed umo\u017e\u0148uje informovan\u011bj\u0161\u00ed a efektivn\u011bj\u0161\u00ed rozhodov\u00e1n\u00ed, proto\u017ee finan\u010dn\u00ed i provozn\u00ed d\u016fsledky lze posuzovat sou\u010dasn\u011b. Usnad\u0148uje hodnocen\u00ed r\u016fzn\u00fdch mo\u017enost\u00ed, kompromis\u016f a potenci\u00e1ln\u00edch rizik, co\u017e vede k lep\u0161\u00edm strategick\u00fdm volb\u00e1m a alokaci zdroj\u016f."},{"simplebeez_navigation_tabs_field_icon":["246"],"simplebeez_navigation_tabs_field_title":"Z\u00edskejte agilitu a adaptabilitu","simplebeez_navigation_tabs_field_description":"Integrovan\u00e9 finan\u010dn\u00ed a provozn\u00ed pl\u00e1ny umo\u017e\u0148uj\u00ed organizac\u00edm rychle a efektivn\u011b reagovat na m\u011bn\u00edc\u00ed se tr\u017en\u00ed podm\u00ednky, po\u017eadavky z\u00e1kazn\u00edk\u016f nebo vnit\u0159n\u00ed dynamiku. Slad\u011bn\u00edm t\u011bchto pl\u00e1n\u016f mohou podniky v\u010das identifikovat potenci\u00e1ln\u00ed rizika a p\u0159\u00edle\u017eitosti, podle toho upravit sv\u00e9 strategie a alokovat zdroje do nejkriti\u010dt\u011bj\u0161\u00edch oblast\u00ed. Tato agilita pom\u00e1h\u00e1 organizac\u00edm udr\u017eet si konkurenceschopnost a \u00fasp\u011b\u0161n\u011bji se p\u0159izp\u016fsobovat vyv\u00edjej\u00edc\u00edm se okolnostem."},{"simplebeez_navigation_tabs_field_icon":["246"],"simplebeez_navigation_tabs_field_title":"Jedin\u00fd zdroj pravdy","simplebeez_navigation_tabs_field_description":"Z\u00edsk\u00e1n\u00ed skute\u010dn\u011b jednotn\u00e9 platformy p\u0159esouv\u00e1n\u00edm pl\u00e1nov\u00e1n\u00ed, reportingu nebo konsolidace do jedin\u00e9 aplikace v\u00e1m poskytne konkuren\u010dn\u00ed v\u00fdhodu. Propojen\u00ed finan\u010dn\u00edch a provozn\u00edch pl\u00e1n\u016f podporuje lep\u0161\u00ed spolupr\u00e1ci a komunikaci mezi r\u016fzn\u00fdmi odd\u011blen\u00edmi a t\u00fdmy v r\u00e1mci organizace. Slad\u00ed c\u00edle, podporuje sd\u00edlen\u00e9 porozum\u011bn\u00ed a podporuje koordinaci mezi t\u00fdmi. Tato integrace odbour\u00e1v\u00e1 izolovanost, usnad\u0148uje sd\u00edlen\u00ed informac\u00ed a zlep\u0161uje celkovou organiza\u010dn\u00ed soudr\u017enost."},{"simplebeez_navigation_tabs_field_icon":["246"],"simplebeez_navigation_tabs_field_title":"Z\u00edskejte d\u016fv\u011bru","simplebeez_navigation_tabs_field_description":"Slad\u011bn\u00ed finan\u010dn\u00edch a provozn\u00edch pl\u00e1n\u016f zvy\u0161uje transparentnost a d\u016fv\u011bryhodnost a vytv\u00e1\u0159\u00ed d\u016fv\u011bru u z\u00fa\u010dastn\u011bn\u00fdch stran jako jsou investo\u0159i, v\u011b\u0159itel\u00e9 a \u010dlenov\u00e9 p\u0159edstavenstva. Ukazuje se pak, \u017ee organizace jasn\u011b rozum\u00ed sv\u00fdm finan\u010dn\u00edm faktor\u016fm, provozn\u00edm schopnostem a schopnosti efektivn\u011b prov\u00e1d\u011bt sv\u00e9 strategie."}],"simplebeez_heading_h2_title":"Va\u0161e benefity","simplebeez_our_features_heading_h2":"","simplebeez_our_features_field_title":"","simplebeez_our_features_box_group":[],"simplebeez_our_features_and_more_field_title":"","simplebeez_faq_title":"","simplebeez_faq_box_group":[],"simplebeez_carrers_title":"","simplebeez_carrers_subtitle":"","simplebeez_carrers_description":"","simplebeez_carrers_blockquet_right":"","simplebeez_carrers_title_jobs":"","simplebeez_carrers_group_jobs":[],"simplebeez_carrers_group_image_carousel":[],"simplebeez_carrers_group_benefits":[],"simplebeez_partners_group":[],"simplebeez_white_papers_group":[],"simplebeez_modal_title":"","simplebeez_modal_input_text":"","simplebeez_modal_valid_text":"","simplebeez_modal_checkbox_title":"","simplebeez_modal_btn_send":"","simplebeez_modal_btn_close":"","simplebeez_contact_us_contact_title":"","simplebeez_contact_us_open_hours_title":"","simplebeez_contact_us_open_hours_description":"","simplebeez_contact_us_title":"","simplebeez_contact_us_description":"","simplebeez_contact_us_group_image":[],"latest_blog_post_title":"Nejnov\u011bj\u0161\u00ed p\u0159\u00edsp\u011bvky","latest_blog_post_btn_text":"ZOBRAZIT V\u00cdCE"},"_links":{"self":[{"href":"https:\/\/www.simplebeez.com\/cs\/wp-json\/wp\/v2\/pages\/537","targetHints":{"allow":["GET"]}}],"collection":[{"href":"https:\/\/www.simplebeez.com\/cs\/wp-json\/wp\/v2\/pages"}],"about":[{"href":"https:\/\/www.simplebeez.com\/cs\/wp-json\/wp\/v2\/types\/page"}],"author":[{"embeddable":true,"href":"https:\/\/www.simplebeez.com\/cs\/wp-json\/wp\/v2\/users\/1"}],"replies":[{"embeddable":true,"href":"https:\/\/www.simplebeez.com\/cs\/wp-json\/wp\/v2\/comments?post=537"}],"version-history":[{"count":2,"href":"https:\/\/www.simplebeez.com\/cs\/wp-json\/wp\/v2\/pages\/537\/revisions"}],"predecessor-version":[{"id":782,"href":"https:\/\/www.simplebeez.com\/cs\/wp-json\/wp\/v2\/pages\/537\/revisions\/782"}],"up":[{"embeddable":true,"href":"https:\/\/www.simplebeez.com\/cs\/wp-json\/wp\/v2\/pages\/504"}],"wp:attachment":[{"href":"https:\/\/www.simplebeez.com\/cs\/wp-json\/wp\/v2\/media?parent=537"}],"curies":[{"name":"wp","href":"https:\/\/api.w.org\/{rel}","templated":true}]}}