{"id":509,"date":"2023-06-01T13:16:43","date_gmt":"2023-06-01T11:16:43","guid":{"rendered":"https:\/\/simplebeez.com\/consolidation-starter-pack\/"},"modified":"2023-09-07T09:35:22","modified_gmt":"2023-09-07T07:35:22","slug":"consolidation-starter-pack","status":"publish","type":"page","link":"https:\/\/www.simplebeez.com\/cs\/solutions\/financial-consolidation-reporting\/consolidation-starter-pack\/","title":{"rendered":"Konsolida\u010dn\u00ed Starter Kit"},"content":{"rendered":"","protected":false},"excerpt":{"rendered":"","protected":false},"author":1,"featured_media":0,"parent":511,"menu_order":1,"comment_status":"closed","ping_status":"closed","template":"","meta":{"footnotes":""},"class_list":["post-509","page","type-page","status-publish","hentry"],"meta_box":{"simplebeez_hero_title":"","simplebeez_hero_subtitle":"","simplebeez_hero_btn_text":"","simplebeez_hero_btn_url":"","simplebeez_hero_btn_image_left":[],"simplebeez_hero_btn_image_right":[],"simplebeez_cta_field_title":"","simplebeez_cta_field_subtitle":"","simplebeez_cta_field_btntext":"","simplebeez_cta_field_btn_url":"","radio":"","simplebeez_who_we_are_field_title":"","simplebeez_who_we_are_field_description":"","simplebeez_who_we_are_field_text_btn":"","simplebeez_who_we_are_field_btn_link":"","simplebeez_who_we_are_field_images":[],"simplebeez_our_services_title":"","simplebeez_our_services_box_group":[],"simplebeez_company_number_title":"","simplebeez_company_number_description":"","simplebeez_company_number_btn_text":"","simplebeez_company_number_btn_link":"","simplebeez_company_number_group":[],"simplebeez_header_image":[],"simplebeez_tiles_group":[],"simplebeez_contact_form_title":"","simplebeez_contact_form_description":"","simplebeez_solution_first_section_title":"Best-practise & urychlen\u00ed implementace konsolidace","simplebeez_solution_first_section_description":"<p>Na z\u00e1klad\u011b na\u0161ich p\u0159edchoz\u00edch projekt\u016f jsme vyvinuli p\u0159edem sestaven\u00fd aplika\u010dn\u00ed r\u00e1mec nazvan\u00fd Konsolida\u010dn\u00ed Starter Kit. P\u0159evzali jsme v\u011bt\u0161inu na\u0161ich osv\u011bd\u010den\u00fdch p\u0159\u00edstup\u016f a funkc\u00ed pou\u017e\u00edvan\u00fdch men\u0161\u00edmi nebo dokonce nejv\u011bt\u0161\u00edmi organizacemi, vyu\u017eili p\u0159edn\u00ed platformu OneStream CPM a vyvinuli pln\u011b funk\u010dn\u00ed v\u00fdchoz\u00ed konsolida\u010dn\u00ed a reportingov\u00fd model. To m\u016f\u017ee slou\u017eit jako skv\u011bl\u00fd v\u00fdchoz\u00ed bod pro z\u00e1v\u011brkov\u00e9 a konsolida\u010dn\u00ed projekty a umo\u017e\u0148uje n\u00e1m dod\u00e1vat \u0159e\u0161en\u00ed rychleji a zav\u00e1d\u011bt procesn\u00ed inovace efektivn\u011bji.<\/p>\n<p>Starter Kit m\u00e1 mnoho mo\u017enost\u00ed integrace zdrojov\u00fdch syst\u00e9m\u016f, podporuje leg\u00e1ln\u00ed nebo mana\u017eersk\u00e9 konsolida\u010dn\u00ed pot\u0159eby a pokr\u00fdv\u00e1 v\u011bt\u0161inu transak\u010dn\u00edch p\u0159\u00edpad\u016f konsolidace investic a kapit\u00e1lu. P\u0159edem vytvo\u0159en\u00fd vzorov\u00fd model zalo\u017een\u00fd na platform\u011b OneStream CPM je vysoce \u0161k\u00e1lovateln\u00fd pro organizace r\u016fzn\u00e9 vysp\u011blosti a dob\u0159e poslou\u017e\u00ed t\u011bm, kte\u0159\u00ed bu\u010f p\u0159ech\u00e1zej\u00ed z praxe zalo\u017een\u00e9 na tabulkov\u00fdch procesorech nebo se sna\u017e\u00ed zefektivnit vysoce slo\u017eit\u00e9 po\u017eadavky na v\u00fdkaznictv\u00ed a dodr\u017eov\u00e1n\u00ed p\u0159edpis\u016f. N\u00e1\u0161 Starter Kit tak\u00e9 dob\u0159e poslou\u017e\u00ed ve v\u0161ech p\u0159\u00edpadech, kdy klienti cht\u011bj\u00ed migrovat z jak\u00e9hokoli star\u0161\u00edho zastaral\u00e9ho syst\u00e9mu EPM.<\/p>\n<p>OneStream Konsolida\u010dn\u00ed Starter Kit vyu\u017e\u00edv\u00e1 knihovnu aplika\u010dn\u00edch objekt\u016f, pravidel a vzorov\u00fdch dimenz\u00ed pokr\u00fdvaj\u00edc\u00edch standardn\u00ed pot\u0159eby konsolidace. Tak\u00e9 obsahuje knihovnu p\u0159izp\u016fsobiteln\u00fdch datov\u00fdch formul\u00e1\u0159\u016f (Cube Views nebo Dashboards) pro finan\u010dn\u00ed a nefinan\u010dn\u00ed reporting a \"disclosures\".<\/p>\n","simplebeez_solution_first_section_sub_description":"<p>Starter Kit tak reflektuje na\u0161e dlouholet\u00e9 dom\u00e9nov\u00e9 know-how v oblasti konsolidac\u00ed a je garanc\u00ed efektivnosti investice ka\u017ed\u00e9ho na\u0161eho klienta. Zat\u00edmco se dr\u017e\u00edme p\u0159edem vytvo\u0159en\u00fdch osv\u011bd\u010den\u00fdch postup\u016f, zam\u011b\u0159ujeme se na konkr\u00e9tn\u00ed po\u017eadavky, bolestiv\u00e1 m\u00edsta, zlep\u0161ov\u00e1n\u00ed proces\u016f a odraz DNA va\u0161\u00ed organizace.<\/p>\n","simplebeez_solution_first_section_images":[{"width":285,"height":150,"file":"2023\/07\/2020_SMPartnerPosts_FB2.jpg","filesize":96194,"sizes":{"medium":{"file":"2020_SMPartnerPosts_FB2-571x300.jpg","width":571,"height":300,"mime-type":"image\/jpeg","filesize":30844,"url":"https:\/\/www.simplebeez.com\/wp-content\/uploads\/2023\/07\/2020_SMPartnerPosts_FB2-571x300.jpg"},"large":{"file":"2020_SMPartnerPosts_FB2-1110x583.jpg","width":1110,"height":583,"mime-type":"image\/jpeg","filesize":82064,"url":"https:\/\/www.simplebeez.com\/wp-content\/uploads\/2023\/07\/2020_SMPartnerPosts_FB2-1110x583.jpg"},"thumbnail":{"file":"2020_SMPartnerPosts_FB2-285x150.jpg","width":285,"height":150,"mime-type":"image\/jpeg","filesize":10712,"url":"https:\/\/www.simplebeez.com\/wp-content\/uploads\/2023\/07\/2020_SMPartnerPosts_FB2-285x150.jpg"},"medium_large":{"file":"2020_SMPartnerPosts_FB2-768x403.jpg","width":768,"height":403,"mime-type":"image\/jpeg","filesize":48459,"url":"https:\/\/www.simplebeez.com\/wp-content\/uploads\/2023\/07\/2020_SMPartnerPosts_FB2-768x403.jpg"}},"image_meta":{"aperture":"0","credit":"","camera":"","caption":"","created_timestamp":"0","copyright":"","focal_length":"0","iso":"0","shutter_speed":"0","title":"","orientation":"0","keywords":[]},"ID":"419","name":"2020_SMPartnerPosts_FB2.jpg","path":"\/home\/simplebeezcom\/public_html\/wp-content\/uploads\/2023\/07\/2020_SMPartnerPosts_FB2.jpg","url":"https:\/\/www.simplebeez.com\/wp-content\/uploads\/2023\/07\/2020_SMPartnerPosts_FB2-285x150.jpg","full_url":"https:\/\/www.simplebeez.com\/wp-content\/uploads\/2023\/07\/2020_SMPartnerPosts_FB2.jpg","title":"2020_SMPartnerPosts_FB2","caption":"","description":"","alt":"","srcset":"https:\/\/www.simplebeez.com\/wp-content\/uploads\/2023\/07\/2020_SMPartnerPosts_FB2-285x150.jpg 285w, https:\/\/www.simplebeez.com\/wp-content\/uploads\/2023\/07\/2020_SMPartnerPosts_FB2-571x300.jpg 571w, https:\/\/www.simplebeez.com\/wp-content\/uploads\/2023\/07\/2020_SMPartnerPosts_FB2-1110x583.jpg 1110w, https:\/\/www.simplebeez.com\/wp-content\/uploads\/2023\/07\/2020_SMPartnerPosts_FB2-768x403.jpg 768w, https:\/\/www.simplebeez.com\/wp-content\/uploads\/2023\/07\/2020_SMPartnerPosts_FB2.jpg 1200w"}],"simplebeez_image_boxes_heading_h2":"Starter Kit v kostce","simplebeez_image_boxes_group":[{"simplebeez_image_boxes_field_image":["296"],"simplebeez_image_boxes_field_title":"Konfigurovateln\u00e9 Multi-dimenzion\u00e1ln\u00ed Datov\u00e9 Modely","simplebeez_image_boxes_field_description":"Vzorov\u00e9 dimenze a hierarchie \u0159\u00edd\u00edc\u00ed chov\u00e1n\u00ed konsolidace a tvorbu reportingu"},{"simplebeez_image_boxes_field_image":["297"],"simplebeez_image_boxes_field_title":"Vzorov\u00e9 Datov\u00e9 Formul\u00e1\u0159e & \"Disclosures\"","simplebeez_image_boxes_field_description":"Vysoce konfigurovateln\u00e9 datov\u00e9 formul\u00e1\u0159e a reporty jako z\u00e1klad reportovac\u00edch bal\u00ed\u010dk\u016f"},{"simplebeez_image_boxes_field_image":["298"],"simplebeez_image_boxes_field_title":"Intercompany P\u00e1rov\u00e1n\u00ed & Standardn\u00ed Eliminace","simplebeez_image_boxes_field_description":"Umo\u017en\u011bn\u00ed stran\u00e1m ICO odsouhlasen\u00ed, ov\u011b\u0159en\u00ed nebo p\u0159\u00edmo kolaboraci v r\u00e1mci procesu z\u00e1v\u011brky"},{"simplebeez_image_boxes_field_image":["299"],"simplebeez_image_boxes_field_title":"Spreadsheet nebo nativn\u00ed Excel Add-in","simplebeez_image_boxes_field_description":"U\u017eivatelsky p\u0159\u00edv\u011btiv\u00e9 rozhran\u00ed bl\u00edzk\u00e9 DNA finan\u010dn\u00ed u\u017eivatelsk\u00e9 komunity"},{"simplebeez_image_boxes_field_image":["300"],"simplebeez_image_boxes_field_title":"Registr Prodej\u016f ve Skupin\u011b","simplebeez_image_boxes_field_description":"Umo\u017e\u0148uje sledovat vlo\u017eenou mar\u017ei a jej\u00ed eliminaci v r\u00e1mci konsolidace"},{"simplebeez_image_boxes_field_image":["301"],"simplebeez_image_boxes_field_title":"Kontroln\u00ed seznamy validac\u00ed v re\u00e1ln\u00e9m \u010dase","simplebeez_image_boxes_field_description":"Kontroluj\u00edc\u00ed p\u0159esnost a \u00faplnost dat v procesu reportingu a vykazov\u00e1n\u00ed"}],"simplebeez_navigation_tabs_group":[],"simplebeez_heading_h2_title":"","simplebeez_our_features_heading_h2":"Co je k dispozici Out-of-the Box","simplebeez_our_features_field_title":"Kl\u00ed\u010dov\u00e9 vlastnosti","simplebeez_our_features_box_group":[{"simplebeez_our_features_box_title":"IFRS & Multi-GAAP reporting","simplebeez_our_features_box_description":"Schopnost spravovat v\u00edce GAAP jako CAS nebo IFRS v\u010d. reportingov\u00fdch \u00faprav a GAAP rozd\u00edl\u016f"},{"simplebeez_our_features_box_title":"Vzorov\u00e1 procesn\u00ed workflow z\u00e1v\u011brky","simplebeez_our_features_box_description":"Obsahuje konfigurovateln\u00e9 workflow, kter\u00e9 v\u00e1m pomohou efektivn\u011b pl\u00e1novat a \u0159\u00eddit z\u00e1v\u011brku"},{"simplebeez_our_features_box_title":"Flexibilita pro podporu r\u016fzn\u00fdch specifick\u00fdch konsolidac\u00ed","simplebeez_our_features_box_description":"Integrovan\u00e9 leg\u00e1ln\u00ed konsolidace s konsolidac\u00ed na \u00farovni geografie \u010di segmentu pro r\u016fzn\u00e9 pot\u0159eby"},{"simplebeez_our_features_box_title":"Knihovna vzorov\u00fdch formul\u00e1\u0159\u016f a \"disclosures\"","simplebeez_our_features_box_description":"Knihovna konfigurovateln\u00fdch datov\u00fdch formul\u00e1\u0159\u016f a \"disclosures\" jako z\u00e1klad pro reportovac\u00ed bal\u00ed\u010dky"},{"simplebeez_our_features_box_title":"Intercompany p\u00e1rov\u00e1n\u00ed & standardn\u00ed eliminace","simplebeez_our_features_box_description":"P\u00e1rov\u00e1n\u00ed a odsouhlasen\u00ed ICO vztah\u016f bu\u010f na transak\u010dn\u00ed nebo bilan\u010dn\u00ed \u00farovni"},{"simplebeez_our_features_box_title":"Eliminace investic & kapit\u00e1lu nebo \u00fa\u010dtov\u00e1n\u00ed minorit","simplebeez_our_features_box_description":"Spr\u00e1va transak\u010dn\u00edch M&A aktivit ve skupin\u011b umo\u017e\u0148uj\u00edc\u00edch automatick\u00e9 eliminace a konsolida\u010dn\u00ed \u00fapravy"},{"simplebeez_our_features_box_title":"Eliminace mar\u017e\u00ed z prodej\u016f ve skupin\u011b","simplebeez_our_features_box_description":"Trasov\u00e1n\u00ed vlo\u017een\u00e9 mar\u017ee na vnitroskupinov\u00fdch prodej\u00edch pro jejich automatick\u00e9 eliminace"},{"simplebeez_our_features_box_title":"Specifick\u00e9 historick\u00e9 FX kurzy a kalkulace CTA","simplebeez_our_features_box_description":"Automatizovan\u00e9 p\u0159epo\u010dty se zvl\u00e1\u0161tn\u00edmi kurzy, p\u0159episuj\u00edc\u00ed standardn\u00ed konverze v\u010d. auditovateln\u00e9 CTA"},{"simplebeez_our_features_box_title":"Pln\u00e1 nebo ekvivalen\u010dn\u00ed metoda konsolidace","simplebeez_our_features_box_description":"Podpora b\u011b\u017en\u00fdch metod konsolidace, kter\u00e9 se mohou li\u0161it podle \u010dasu nebo sc\u00e9n\u00e1\u0159\u016f"},{"simplebeez_our_features_box_title":"Prvot\u0159\u00eddn\u00ed audit trail & podpora auditu","simplebeez_our_features_box_description":"Kombinac\u00ed Origin dimenze OneStream se zdroji dat a p\u0159ed-konfigurovanou dimenz\u00ed auditu"}],"simplebeez_our_features_and_more_field_title":"... a mnoho dal\u0161\u00edch","simplebeez_faq_title":"\u010casto kladen\u00e9 dotazy","simplebeez_faq_box_group":[{"simplebeez_faq_box_title":"Jak CFO \/ CTO t\u011b\u017e\u00ed z vyu\u017eit\u00ed na\u0161eho Starter Kitu pro konsolidaci?","simplebeez_faq_box_description":"Budete t\u011b\u017eit ze zrychlen\u00ed dod\u00e1vky \u0159e\u0161en\u00ed a zkr\u00e1cen\u00ed doby dosa\u017een\u00ed p\u0159idan\u00e9 hodnoty oproti tomu za\u010d\u00ednat od nuly. Vzhledem k tomu, \u017ee z\u00e1kladn\u00ed pravidla finan\u010dn\u00ed konsolidace jsou v\u00edce standardizovan\u00e1 nap\u0159\u00ed\u010d odv\u011btv\u00edmi, je velk\u00fdm p\u0159\u00ednosem vyu\u017e\u00edt osv\u011bd\u010den\u00e1 p\u0159ed-konfigurovan\u00e9 pravidla a kalkulace a zam\u011b\u0159it se na va\u0161e specifick\u00e9 po\u017eadavky v oblastech z\u00edsk\u00e1v\u00e1n\u00ed dat, transformac\u00ed, workflow nebo po\u017eadovan\u00e9 dimenzionality datov\u00e9ho modelu. To zkr\u00e1t\u00ed dobu zm\u011bny a adaptace, sn\u00ed\u017e\u00ed naru\u0161en\u00ed operativy v pr\u016fb\u011bhu projektu a zv\u00fd\u0161\u00ed efektivitu vynalo\u017een\u00fdch n\u00e1klad\u016f."},{"simplebeez_faq_box_title":"Jak pou\u017eit\u00ed Starter Kitu p\u0159isp\u00edv\u00e1 k dosa\u017een\u00ed maxim\u00e1ln\u00edho zlep\u0161en\u00ed procesu?","simplebeez_faq_box_description":"N\u00e1\u0161 Starter Kit vyu\u017eijeme jako funk\u010dn\u00ed aplika\u010dn\u00ed prost\u0159ed\u00ed pro objasn\u011bn\u00ed a definov\u00e1n\u00ed kone\u010dn\u00fdch funk\u010dn\u00edch po\u017eadavk\u016f a procesn\u00edch inovac\u00ed a umo\u017en\u00edme tak hned z po\u010d\u00e1tku va\u0161emu t\u00fdmu si vizu\u00e1ln\u011b l\u00e9pe p\u0159edstavit, jak\u00fdch zlep\u0161en\u00ed a c\u00edl\u016f lze v r\u00e1mci modernizace z\u00e1v\u011brky a konsolidace fin\u00e1ln\u011b dos\u00e1hnout. To je z\u00e1sadn\u00ed pro veden\u00ed va\u0161ich t\u00fdm\u016f ke zm\u011bn\u011b a pro identifikaci toho, kde existuj\u00ed skute\u010dn\u00e9 p\u0159\u00edle\u017eitosti ke zlep\u0161en\u00ed. To tak\u00e9 vede k minimalizaci nedorozum\u011bn\u00ed, rychlej\u0161\u00edmu zapojen\u00ed va\u0161eho t\u00fdmu a dosa\u017een\u00ed v\u00fdznamn\u011bj\u0161\u00edch zlep\u0161en\u00ed a p\u0159idan\u00e9 hodnoty, ne\u017e se p\u016fvodn\u011b p\u0159edpokl\u00e1dalo."},{"simplebeez_faq_box_title":"Pro\u010d je rozumn\u00e9 p\u0159ijmout ji\u017e osv\u011bd\u010den\u00e1 pravidla a konsolida\u010dn\u00ed kalkulace?","simplebeez_faq_box_description":"Starter Kit byl vyv\u00edjen b\u011bhem posledn\u00edch n\u011bkolika let a obsahuje funkce pou\u017e\u00edvan\u00e9 n\u011bkolika organizacemi. P\u0159ijet\u00ed a vylep\u0161en\u00ed ji\u017e p\u0159edem vytvo\u0159en\u00e9ho obsahu sni\u017euje na\u0161im z\u00e1kazn\u00edk\u016fm rizika t\u00edm, \u017ee se vyu\u017e\u00edv\u00e1 ji\u017e osv\u011bd\u010den\u00fdch model\u016f v\u00fdpo\u010dtu a konsolidace pro z\u00e1kladn\u00ed funkce. Nen\u00ed to samo\u0159ejm\u011b podm\u00ednkou, ale jde o zna\u010dn\u00fd benefit. Proto\u017ee konsolida\u010dn\u00ed fundamenty mus\u00ed dob\u0159e fungovat, spole\u010dn\u011b se zam\u011b\u0159ujeme p\u0159edev\u0161\u00edm na va\u0161e specifick\u00e9 pot\u0159eby, po\u017eadavky a inovace proces\u016f."},{"simplebeez_faq_box_title":"Jak se ujist\u00edte, \u017ee v\u00e1\u0161 Starter Kit zapad\u00e1 do na\u0161\u00ed organiza\u010dn\u00ed reality?","simplebeez_faq_box_description":"Nikdy nelze v\u0161e zobecnit. N\u011bkter\u00e9 organizace si kladou za c\u00edl transformovat sv\u00e9 procesy z\u00e1v\u011brky a konsolidace do CPM z proces\u016f postaven\u00fdch na Excelu, jin\u00e9 maj\u00ed za c\u00edl zefektivnit slo\u017eit\u00e9 po\u017eadavky na v\u00fdkaznictv\u00ed nebo nahradit zastaral\u00fd software EPM modern\u00edm \u0159e\u0161en\u00edm. Tak\u00e9 vysp\u011blost organizace se li\u0161\u00ed z hlediska zku\u0161enost\u00ed lid\u00ed, slo\u017eitosti proces\u016f nebo technologick\u00e9ho prost\u0159ed\u00ed. Na\u0161\u00edm c\u00edlem je p\u0159izp\u016fsobit n\u00e1\u0161 p\u0159\u00edstup, slu\u017eby a \u0159e\u0161en\u00ed tak, aby co nejv\u00edce zapadaly do DNA va\u0161\u00ed organizace a reality a z\u00e1rove\u0148 inovovat procesy p\u0159ijet\u00edm ji\u017e p\u0159edkonfigurovan\u00fdm \"best-practice\" postup\u016f p\u0159edem vytvo\u0159en\u00fdch v r\u00e1mci na\u0161eho Starter Kitu, proto\u017ee fundamenty konsolidace mus\u00ed fungovat pro v\u0161echny. V oblasti z\u00e1v\u011brky a konsolidace je p\u0159ijet\u00ed osv\u011bd\u010den\u00fdch postup\u016f obvykle jednodu\u0161\u0161\u00ed, chyt\u0159ej\u0161\u00ed a smyslupln\u011bj\u0161\u00ed."},{"simplebeez_faq_box_title":"Pro kter\u00e9 organizace je Konsolida\u010dn\u00ed Starter Kit zalo\u017een\u00fd na OneStream CPM vhodn\u00fd?","simplebeez_faq_box_description":"S platformou OneStream CPM jsme s na\u0161imi \u0159e\u0161en\u00edmi vysoce flexibiln\u00ed a \u0161k\u00e1lovateln\u00ed. V\u011bt\u0161inu po\u017eadavk\u016f na workflow, procesy, zdroje dat, integraci a transformace, v\u00fdkaznictv\u00ed nebo v\u00fdpo\u010dty lze snadno p\u0159izp\u016fsobit va\u0161im pot\u0159eb\u00e1m. Jsme schopni podpo\u0159it jak jednodu\u0161\u0161\u00ed po\u017eadavky st\u0159edn\u011b velk\u00fdch skupin, tak nejslo\u017eit\u011bj\u0161\u00ed r\u016fznorod\u00e9 a rychle se m\u011bn\u00edc\u00ed multi-GAAP konsolidace nejv\u011bt\u0161\u00edch z\u00e1kazn\u00edk\u016f, kte\u0159\u00ed kladou d\u016fraz na restrukturalizace, simulace a vysokou \u0161k\u00e1lovatelnost \u0159e\u0161en\u00ed."},{"simplebeez_faq_box_title":"Umo\u017e\u0148uje Starter Kit u\u017eivatel\u016fm rychle navn\u00edmat jak budou procesy zmodernizov\u00e1ny?","simplebeez_faq_box_description":"Ano, absolutn\u011b. Proch\u00e1zen\u00ed na\u0161eho Konsolida\u010dn\u00edho Starter Kitu ji\u017e v ran\u00e9 f\u00e1zi projektu n\u00e1m a va\u0161emu t\u00fdmu umo\u017en\u00ed si mnohem l\u00e9pe p\u0159edstavit a definovat c\u00edlov\u00fd provozn\u00ed model a po\u017eadavky na procesy v\u010d. v\u0161ech o\u010dek\u00e1van\u00fdch vylep\u0161en\u00ed. Vzhledem k tomu, \u017ee jsme velmi flexibiln\u00ed, pokud jde o zm\u011bny, na\u0161\u00edm c\u00edlem je spustit projekt v hybridn\u00edm agiln\u00edm iterativn\u00edm p\u0159\u00edstupu nasazov\u00e1n\u00ed funkcionalit a jejich pr\u016fb\u011b\u017en\u00fdch \u00faprav za chodu"},{"simplebeez_faq_box_title":"Jste schopni vyu\u017e\u00edt nebo roz\u0161\u00ed\u0159it \u0159e\u0161en\u00ed mimo oblast z\u00e1v\u011brky a konsolidace?","simplebeez_faq_box_description":"Ano. Platforma OneStream CPM m\u00e1 jedine\u010dn\u00e9 mo\u017enosti pro spr\u00e1vu v\u0161ech podnikov\u00fdch kl\u00ed\u010dov\u00fdch proces\u016f v r\u00e1mci jedin\u00e9 aplikace. Implementac\u00ed \u0159e\u0161en\u00ed pro z\u00e1v\u011brku \u010di konsolidaci jste p\u0159ipraveni snadno roz\u0161\u00ed\u0159it platformu OneStream o rozpo\u010dtov\u00e1n\u00ed, pl\u00e1nov\u00e1n\u00ed nebo ESG nefinan\u010dn\u00ed reporting."}],"simplebeez_carrers_title":"","simplebeez_carrers_subtitle":"","simplebeez_carrers_description":"","simplebeez_carrers_blockquet_right":"","simplebeez_carrers_title_jobs":"","simplebeez_carrers_group_jobs":[],"simplebeez_carrers_group_image_carousel":[],"simplebeez_carrers_group_benefits":[],"simplebeez_partners_group":[],"simplebeez_white_papers_group":[],"simplebeez_modal_title":"","simplebeez_modal_input_text":"","simplebeez_modal_valid_text":"","simplebeez_modal_checkbox_title":"","simplebeez_modal_btn_send":"","simplebeez_modal_btn_close":"","simplebeez_contact_us_contact_title":"","simplebeez_contact_us_open_hours_title":"","simplebeez_contact_us_open_hours_description":"","simplebeez_contact_us_title":"","simplebeez_contact_us_description":"","simplebeez_contact_us_group_image":[],"latest_blog_post_title":"","latest_blog_post_btn_text":""},"_links":{"self":[{"href":"https:\/\/www.simplebeez.com\/cs\/wp-json\/wp\/v2\/pages\/509","targetHints":{"allow":["GET"]}}],"collection":[{"href":"https:\/\/www.simplebeez.com\/cs\/wp-json\/wp\/v2\/pages"}],"about":[{"href":"https:\/\/www.simplebeez.com\/cs\/wp-json\/wp\/v2\/types\/page"}],"author":[{"embeddable":true,"href":"https:\/\/www.simplebeez.com\/cs\/wp-json\/wp\/v2\/users\/1"}],"replies":[{"embeddable":true,"href":"https:\/\/www.simplebeez.com\/cs\/wp-json\/wp\/v2\/comments?post=509"}],"version-history":[{"count":2,"href":"https:\/\/www.simplebeez.com\/cs\/wp-json\/wp\/v2\/pages\/509\/revisions"}],"predecessor-version":[{"id":514,"href":"https:\/\/www.simplebeez.com\/cs\/wp-json\/wp\/v2\/pages\/509\/revisions\/514"}],"up":[{"embeddable":true,"href":"https:\/\/www.simplebeez.com\/cs\/wp-json\/wp\/v2\/pages\/511"}],"wp:attachment":[{"href":"https:\/\/www.simplebeez.com\/cs\/wp-json\/wp\/v2\/media?parent=509"}],"curies":[{"name":"wp","href":"https:\/\/api.w.org\/{rel}","templated":true}]}}