{"id":504,"date":"2023-06-01T13:04:26","date_gmt":"2023-06-01T11:04:26","guid":{"rendered":"https:\/\/simplebeez.com\/our-services\/"},"modified":"2023-09-07T10:54:11","modified_gmt":"2023-09-07T08:54:11","slug":"our-services","status":"publish","type":"page","link":"https:\/\/www.simplebeez.com\/cs\/our-services\/","title":{"rendered":"Na\u0161e slu\u017eby"},"content":{"rendered":"","protected":false},"excerpt":{"rendered":"","protected":false},"author":1,"featured_media":0,"parent":0,"menu_order":3,"comment_status":"closed","ping_status":"closed","template":"","meta":{"footnotes":""},"class_list":["post-504","page","type-page","status-publish","hentry"],"meta_box":{"simplebeez_hero_title":"","simplebeez_hero_subtitle":"","simplebeez_hero_btn_text":"","simplebeez_hero_btn_url":"","simplebeez_hero_btn_image_left":[],"simplebeez_hero_btn_image_right":[],"simplebeez_cta_field_title":"Jsme tu, abychom V\u00e1m pomohli","simplebeez_cta_field_subtitle":"Napl\u00e1nujte si hovor s na\u0161imi odborn\u00edky","simplebeez_cta_field_btntext":"Kontaktujte n\u00e1s","simplebeez_cta_field_btn_url":462,"radio":"color_primary","simplebeez_who_we_are_field_title":"","simplebeez_who_we_are_field_description":"","simplebeez_who_we_are_field_text_btn":"","simplebeez_who_we_are_field_btn_link":"","simplebeez_who_we_are_field_images":[],"simplebeez_our_services_title":"Co poskytujeme a dod\u00e1v\u00e1me","simplebeez_our_services_box_group":[{"simplebeez_our_services_box_title":"Finan\u010dn\u00ed z\u00e1v\u011brka a konsolidace","simplebeez_our_services_box_description":"poskytov\u00e1n\u00ed \u0161k\u00e1lovateln\u00fdch konsolida\u010dn\u00edch CPM \u0159e\u0161en\u00ed jako z\u00e1klad transformace financ\u00ed","simplebeez_our_services_link":"469"},{"simplebeez_our_services_box_title":"Finan\u010dn\u00ed pl\u00e1nov\u00e1n\u00ed & xP&A","simplebeez_our_services_box_description":"zav\u00e1d\u011bn\u00ed inovativn\u00edch metod, proces\u016f a \u0159e\u0161en\u00ed CPM pro z\u00edsk\u00e1n\u00ed strategick\u00e9 v\u00fdhody p\u0159i pl\u00e1nov\u00e1n\u00ed","simplebeez_our_services_link":"537"},{"simplebeez_our_services_box_title":"Mana\u017eersk\u00fd reporting & anal\u00fdza","simplebeez_our_services_box_description":"umo\u017en\u011bn\u00ed organizac\u00edm s rozli\u010dn\u00fdmi mana\u017eersk\u00fdmi pot\u0159ebami reportovat v jedin\u00e9 renomovan\u00e9 aplikaci CPM","simplebeez_our_services_link":"538"},{"simplebeez_our_services_box_title":"Spr\u00e1va master dat","simplebeez_our_services_box_description":"nasazen\u00ed prvot\u0159\u00eddn\u00edch \u0159e\u0161en\u00ed pro spr\u00e1vu finan\u010dn\u00edch a nefinan\u010dn\u00edch kmenov\u00fdch dat v\u010d. auditov\u00e1n\u00ed","simplebeez_our_services_link":"539"},{"simplebeez_our_services_box_title":"CPM infrastruktura a datov\u00e1 integrace","simplebeez_our_services_box_description":"pomoc p\u0159i p\u0159echodu do cloudu a zaji\u0161t\u011bn\u00ed bezprobl\u00e9mov\u00e9 integrace dat","simplebeez_our_services_link":"540"},{"simplebeez_our_services_box_title":"ESG pl\u00e1nov\u00e1n\u00ed a reporting","simplebeez_our_services_box_description":"vyu\u017eit\u00ed OneStream ESG Blueprintu a sjednocen\u00ed finan\u010dn\u00edho a nefinan\u010dn\u00edho ESG reportingu","simplebeez_our_services_link":"569"},{"simplebeez_our_services_box_title":"Podp\u016frn\u00e9 slu\u017eby & outsourcing","simplebeez_our_services_box_description":"\u00fadr\u017eba va\u0161eho \u0159e\u0161en\u00ed CPM a poskytov\u00e1n\u00ed podpory, \u0161kolen\u00ed a vylep\u0161ov\u00e1n\u00ed","simplebeez_our_services_link":"542"},{"simplebeez_our_services_box_title":"Realizace transformace financ\u00ed","simplebeez_our_services_box_description":"vyhrnut\u00ed ruk\u00e1v\u016f, za\u010dlen\u011bn\u00ed se do va\u0161eho t\u00fdmu a uskute\u010dn\u011bn\u00ed po\u017eadovan\u00e9 transforma\u010dn\u00ed zm\u011bny","simplebeez_our_services_link":"544"},{"simplebeez_our_services_box_title":"Architektura podnikov\u00fdch syst\u00e9m\u016f","simplebeez_our_services_box_description":"pomoc s definic\u00ed provozn\u00edch model\u016f a z\u00e1kladn\u00ed IT infrastruktury se zam\u011b\u0159en\u00edm na CPM, ERP a BI","simplebeez_our_services_link":"544"}],"simplebeez_company_number_title":"","simplebeez_company_number_description":"","simplebeez_company_number_btn_text":"","simplebeez_company_number_btn_link":"","simplebeez_company_number_group":[],"simplebeez_header_image":[],"simplebeez_tiles_group":[],"simplebeez_contact_form_title":"","simplebeez_contact_form_description":"","simplebeez_solution_first_section_title":"","simplebeez_solution_first_section_description":"","simplebeez_solution_first_section_sub_description":"","simplebeez_solution_first_section_images":[],"simplebeez_image_boxes_heading_h2":"","simplebeez_image_boxes_group":[{"simplebeez_image_boxes_field_image":["145"],"simplebeez_image_boxes_field_title":"PARTNERS FOR MID-SIZE OR LARGEST MULTINATIONAL HOLDINGS","simplebeez_image_boxes_field_description":"There is not one size fits all approach. We always respect and undestand your specifics, complexity and maturity.\r\nOur solutions are scalable and flexible to support fast growing mid-sized organizations or largest multinational complex organizations requiring properly experienced, scaled competency and support, best-practices and international reach and globally proven OneStream CPM unified platform.\r\n","simplebeez_image_boxes_field_link":"96"},{"simplebeez_image_boxes_field_image":["145"],"simplebeez_image_boxes_field_title":"GAP ANALYSIS & PROJECT TARGETS","simplebeez_image_boxes_field_description":"We work with you to reveal, identify and confirm existing consolidation process gaps vs. desired end state.\r\nHelping you to implement new group methodologies across group, as a part of new group solution deliveries.\r\nWe build mutual collaborative understanding to arrive to common broader project goals and context.\r\n","simplebeez_image_boxes_field_link":"92"},{"simplebeez_image_boxes_field_image":["145"],"simplebeez_image_boxes_field_title":"HANDS-ON CONSOLIDATION EXPERIENCE IS IN OUR DNA","simplebeez_image_boxes_field_description":"Bringing modern consolidation CPM solutions can't be an IT projects. You as finance must own and understand it. Therefore, we speak finance language.\r\nOur passion is in leveraging CPM technologies to make your life simpler and give you confidence in results. We don't bother you with technicalities.\r\nWe will never just take your AS-IS requirements. We will collaborativelly drive value improvements.\r\n","simplebeez_image_boxes_field_link":"88"},{"simplebeez_image_boxes_field_image":["145"],"simplebeez_image_boxes_field_title":"MATRIX CONSOLIDATION & EXTENSIBILITY","simplebeez_image_boxes_field_description":"Bringing flexibility in need for legal \/ statutory, management, country specific or segmental consolidations, restatements or restructurings.\r\nvarious integrated specific data models for different needs and users, such as group consolidation, country specific reporting, product profitability reporting or segmental reporting.\r\nWe also enable diferent models by scenario or time, driving different levels of granularity for planning scenarios that for actuals reporting.","simplebeez_image_boxes_field_link":"86"},{"simplebeez_image_boxes_field_image":["145"],"simplebeez_image_boxes_field_title":"BEST-PRACTICES DATA FLOW","simplebeez_image_boxes_field_description":"We implement seamless data integrations and flexible data sourcing methods from your systems to ensure we stick to your reality.","simplebeez_image_boxes_field_link":"88"}],"simplebeez_navigation_tabs_group":[{"simplebeez_navigation_tabs_field_icon":["157"],"simplebeez_navigation_tabs_field_title":"Trust in data","simplebeez_navigation_tabs_field_description":"More trust to data and financials collected from your entities and units."},{"simplebeez_navigation_tabs_field_icon":["157"],"simplebeez_navigation_tabs_field_title":"Performance reporting","simplebeez_navigation_tabs_field_description":"Streamlined consolidation process and bookings enabling your move from annual \"must have\" to performance reporting."},{"simplebeez_navigation_tabs_field_icon":["157"],"simplebeez_navigation_tabs_field_title":"Automation","simplebeez_navigation_tabs_field_description":"Automate and streamline your manual close activities."},{"simplebeez_navigation_tabs_field_icon":["157"],"simplebeez_navigation_tabs_field_title":"Simplification","simplebeez_navigation_tabs_field_description":"Simplify the close process from task planning to reporting and disclosures."},{"simplebeez_navigation_tabs_field_icon":["157"],"simplebeez_navigation_tabs_field_title":"Unification","simplebeez_navigation_tabs_field_description":"Get an easy-to-use consolidation, scalable and extensible towards planning, forecasting and budgeting."},{"simplebeez_navigation_tabs_field_icon":["157"],"simplebeez_navigation_tabs_field_title":"Process redesign","simplebeez_navigation_tabs_field_description":"Redesigned processes driven by our desire to push your finance teams into stronger business focused role. "},{"simplebeez_navigation_tabs_field_icon":["157"],"simplebeez_navigation_tabs_field_title":"Move from spreadsheets","simplebeez_navigation_tabs_field_description":"Reduced reliance on spreadsheets, prone of errors, difficult to maintain or not giving you confidence in results."}],"simplebeez_heading_h2_title":"Va\u0161e benefity","simplebeez_our_features_heading_h2":"","simplebeez_our_features_field_title":"","simplebeez_our_features_box_group":[],"simplebeez_our_features_and_more_field_title":"","simplebeez_faq_title":"","simplebeez_faq_box_group":[],"simplebeez_carrers_title":"","simplebeez_carrers_subtitle":"","simplebeez_carrers_description":"","simplebeez_carrers_blockquet_right":"","simplebeez_carrers_title_jobs":"","simplebeez_carrers_group_jobs":[],"simplebeez_carrers_group_image_carousel":[],"simplebeez_carrers_group_benefits":[],"simplebeez_partners_group":[],"simplebeez_white_papers_group":[],"simplebeez_modal_title":"","simplebeez_modal_input_text":"","simplebeez_modal_valid_text":"","simplebeez_modal_checkbox_title":"","simplebeez_modal_btn_send":"","simplebeez_modal_btn_close":"","simplebeez_contact_us_contact_title":"","simplebeez_contact_us_open_hours_title":"","simplebeez_contact_us_open_hours_description":"","simplebeez_contact_us_title":"","simplebeez_contact_us_description":"","simplebeez_contact_us_group_image":[],"latest_blog_post_title":"","latest_blog_post_btn_text":""},"_links":{"self":[{"href":"https:\/\/www.simplebeez.com\/cs\/wp-json\/wp\/v2\/pages\/504","targetHints":{"allow":["GET"]}}],"collection":[{"href":"https:\/\/www.simplebeez.com\/cs\/wp-json\/wp\/v2\/pages"}],"about":[{"href":"https:\/\/www.simplebeez.com\/cs\/wp-json\/wp\/v2\/types\/page"}],"author":[{"embeddable":true,"href":"https:\/\/www.simplebeez.com\/cs\/wp-json\/wp\/v2\/users\/1"}],"replies":[{"embeddable":true,"href":"https:\/\/www.simplebeez.com\/cs\/wp-json\/wp\/v2\/comments?post=504"}],"version-history":[{"count":4,"href":"https:\/\/www.simplebeez.com\/cs\/wp-json\/wp\/v2\/pages\/504\/revisions"}],"predecessor-version":[{"id":776,"href":"https:\/\/www.simplebeez.com\/cs\/wp-json\/wp\/v2\/pages\/504\/revisions\/776"}],"wp:attachment":[{"href":"https:\/\/www.simplebeez.com\/cs\/wp-json\/wp\/v2\/media?parent=504"}],"curies":[{"name":"wp","href":"https:\/\/api.w.org\/{rel}","templated":true}]}}