{"id":493,"date":"2023-06-01T13:05:55","date_gmt":"2023-06-01T11:05:55","guid":{"rendered":"https:\/\/simplebeez.com\/why-to-reach-out\/"},"modified":"2023-09-07T10:44:02","modified_gmt":"2023-09-07T08:44:02","slug":"why-to-reach-out","status":"publish","type":"page","link":"https:\/\/www.simplebeez.com\/cs\/why-to-reach-out\/","title":{"rendered":"Pro\u010d n\u00e1s oslovit"},"content":{"rendered":"\n<p>Ka\u017ed\u00e9 partnerstv\u00ed n\u011bkde za\u010d\u00edn\u00e1. Co prim\u00e1rn\u011b hled\u00e1te?<\/p>\n\n\n\n<ul class=\"wp-block-list\">\n<li>HLED\u00c1TE ODBORN\u00c9 <strong><a href=\"https:\/\/simplebeez.com\/cs\/our-services\/finance-transformation-advisory\/\" data-type=\"page\" data-id=\"544\">PORADENSTV\u00cd<\/a><\/strong>?<\/li>\n\n\n\n<li>HLED\u00c1TE V\u00ddKONNOU <strong><a href=\"https:\/\/simplebeez.com\/cs\/our-services\/finance-transformation-advisory\/\" data-type=\"page\" data-id=\"544\">INTERIM PODPORU<\/a><\/strong> PROJEKTU?<\/li>\n\n\n\n<li>HLED\u00c1TE INOVATIVN\u00cd <strong><a href=\"https:\/\/simplebeez.com\/cs\/solutions\/\" data-type=\"page\" data-id=\"685\">SOFTWAROV\u00c1 \u0158E\u0160EN\u00cd CPM<\/a><\/strong>?<\/li>\n\n\n\n<li>HLED\u00c1TE <strong><a href=\"https:\/\/simplebeez.com\/cs\/our-services\/managed-support-services\/\" data-type=\"page\" data-id=\"542\">PODPORU SYST\u00c9MU CPM<\/a><\/strong>?<\/li>\n<\/ul>\n\n\n\n<p><\/p>\n\n\n\n<p><\/p>\n\n\n\n<p>Partnerstv\u00edm se SIMPLEBEEZ z\u00edsk\u00e1te n\u011bkolik v\u00fdhod rozhoduj\u00edc\u00edch pro \u00fasp\u011bch finan\u010dn\u00ed transformace a realizaci p\u0159idan\u00e9 hodnoty:<\/p>\n\n\n\n<ul class=\"wp-block-list\">\n<li><strong>Hlubok\u00e9 odborn\u00e9 znalosti:<\/strong> Transforma\u010dn\u00ed odborn\u00e9 znalosti pot\u0159ebn\u00e9 v dob\u011b zm\u011bny a p\u0159\u00edstup k osv\u011bd\u010den\u00fdm postup\u016fm, kter\u00e9 \u010dasto intern\u011b chyb\u00ed.<\/li>\n<\/ul>\n\n\n\n<ul class=\"wp-block-list\">\n<li><strong>Objektivita:<\/strong> Holistick\u00fd pohled na finan\u010dn\u00ed funkci a procesy organizace, bez politika\u0159en\u00ed, rezistenc\u00ed a p\u0159edsudk\u016f.<\/li>\n<\/ul>\n\n\n\n<ul class=\"wp-block-list\">\n<li><strong>Rychlost:<\/strong> Z\u00edsk\u00e1n\u00ed do\u010dasn\u00e9ho t\u00fdmu schopn\u00e9ho rychle implementovat finan\u010dn\u00ed transformace, zkr\u00e1tit \u010das na zhodnocen\u00ed a eliminovat rizika.<\/li>\n<\/ul>\n\n\n\n<ul class=\"wp-block-list\">\n<li><strong>\u00daspora n\u00e1klad\u016f:<\/strong> Sn\u00ed\u017een\u00ed n\u00e1klad\u016f a zlep\u0161en\u00ed efektivity zefektivn\u011bn\u00edm proces\u016f a optimalizac\u00ed finan\u010dn\u00edch syst\u00e9m\u016f<\/li>\n<\/ul>\n\n\n\n<ul class=\"wp-block-list\">\n<li><strong>P\u0159\u00edstup k technologii:<\/strong> Z\u00edsk\u00e1n\u00ed partnera s p\u0159\u00edstupem k nejmodern\u011bj\u0161\u00ed technologii CPM, kter\u00fd implementuje spr\u00e1vn\u00e9 n\u00e1stroje pro va\u0161e pot\u0159eby.<\/li>\n<\/ul>\n\n\n\n<p><\/p>\n","protected":false},"excerpt":{"rendered":"<p>Ka\u017ed\u00e9 partnerstv\u00ed n\u011bkde za\u010d\u00edn\u00e1. Co prim\u00e1rn\u011b hled\u00e1te? Partnerstv\u00edm se SIMPLEBEEZ z\u00edsk\u00e1te n\u011bkolik v\u00fdhod rozhoduj\u00edc\u00edch pro \u00fasp\u011bch finan\u010dn\u00ed transformace a realizaci p\u0159idan\u00e9 hodnoty:<\/p>\n","protected":false},"author":1,"featured_media":0,"parent":0,"menu_order":2,"comment_status":"closed","ping_status":"closed","template":"","meta":{"footnotes":""},"class_list":["post-493","page","type-page","status-publish","hentry"],"meta_box":{"simplebeez_hero_title":"","simplebeez_hero_subtitle":"","simplebeez_hero_btn_text":"","simplebeez_hero_btn_url":"","simplebeez_hero_btn_image_left":[],"simplebeez_hero_btn_image_right":[],"simplebeez_cta_field_title":"","simplebeez_cta_field_subtitle":"","simplebeez_cta_field_btntext":"","simplebeez_cta_field_btn_url":"","radio":"","simplebeez_who_we_are_field_title":"","simplebeez_who_we_are_field_description":"","simplebeez_who_we_are_field_text_btn":"","simplebeez_who_we_are_field_btn_link":"","simplebeez_who_we_are_field_images":[],"simplebeez_our_services_title":"","simplebeez_our_services_box_group":[],"simplebeez_company_number_title":"","simplebeez_company_number_description":"","simplebeez_company_number_btn_text":"","simplebeez_company_number_btn_link":"","simplebeez_company_number_group":[],"simplebeez_header_image":[],"simplebeez_tiles_group":[],"simplebeez_contact_form_title":"","simplebeez_contact_form_description":"","simplebeez_solution_first_section_title":"","simplebeez_solution_first_section_description":"","simplebeez_solution_first_section_sub_description":"","simplebeez_solution_first_section_images":[],"simplebeez_image_boxes_heading_h2":"","simplebeez_image_boxes_group":[],"simplebeez_navigation_tabs_group":[],"simplebeez_heading_h2_title":"","simplebeez_our_features_heading_h2":"","simplebeez_our_features_field_title":"","simplebeez_our_features_box_group":[],"simplebeez_our_features_and_more_field_title":"","simplebeez_faq_title":"","simplebeez_faq_box_group":[],"simplebeez_carrers_title":"","simplebeez_carrers_subtitle":"","simplebeez_carrers_description":"","simplebeez_carrers_blockquet_right":"","simplebeez_carrers_title_jobs":"","simplebeez_carrers_group_jobs":[],"simplebeez_carrers_group_image_carousel":[],"simplebeez_carrers_group_benefits":[],"simplebeez_partners_group":[],"simplebeez_white_papers_group":[],"simplebeez_modal_title":"","simplebeez_modal_input_text":"","simplebeez_modal_valid_text":"","simplebeez_modal_checkbox_title":"","simplebeez_modal_btn_send":"","simplebeez_modal_btn_close":"","simplebeez_contact_us_contact_title":"","simplebeez_contact_us_open_hours_title":"","simplebeez_contact_us_open_hours_description":"","simplebeez_contact_us_title":"","simplebeez_contact_us_description":"","simplebeez_contact_us_group_image":[],"latest_blog_post_title":"","latest_blog_post_btn_text":""},"_links":{"self":[{"href":"https:\/\/www.simplebeez.com\/cs\/wp-json\/wp\/v2\/pages\/493","targetHints":{"allow":["GET"]}}],"collection":[{"href":"https:\/\/www.simplebeez.com\/cs\/wp-json\/wp\/v2\/pages"}],"about":[{"href":"https:\/\/www.simplebeez.com\/cs\/wp-json\/wp\/v2\/types\/page"}],"author":[{"embeddable":true,"href":"https:\/\/www.simplebeez.com\/cs\/wp-json\/wp\/v2\/users\/1"}],"replies":[{"embeddable":true,"href":"https:\/\/www.simplebeez.com\/cs\/wp-json\/wp\/v2\/comments?post=493"}],"version-history":[{"count":7,"href":"https:\/\/www.simplebeez.com\/cs\/wp-json\/wp\/v2\/pages\/493\/revisions"}],"predecessor-version":[{"id":806,"href":"https:\/\/www.simplebeez.com\/cs\/wp-json\/wp\/v2\/pages\/493\/revisions\/806"}],"wp:attachment":[{"href":"https:\/\/www.simplebeez.com\/cs\/wp-json\/wp\/v2\/media?parent=493"}],"curies":[{"name":"wp","href":"https:\/\/api.w.org\/{rel}","templated":true}]}}