{"id":486,"date":"2023-06-01T13:05:44","date_gmt":"2023-06-01T11:05:44","guid":{"rendered":"https:\/\/simplebeez.com\/our-story\/"},"modified":"2023-09-07T09:41:12","modified_gmt":"2023-09-07T07:41:12","slug":"our-story","status":"publish","type":"page","link":"https:\/\/www.simplebeez.com\/cs\/our-story\/","title":{"rendered":"N\u00e1\u0161 p\u0159\u00edb\u011bh"},"content":{"rendered":"\n<p>V roce 2019 se dva finan\u010dn\u00ed mana\u017ee\u0159i s v\u00e1\u0161n\u00ed pro transformaci financ\u00ed a nejmodern\u011bj\u0161\u00ed technologie rozhodli zalo\u017eit vlastn\u00ed podnik\u00e1n\u00ed. V\u011bd\u011bli, \u017ee mnoho organizac\u00ed se pot\u00fdk\u00e1 se zastaral\u00fdmi a neefektivn\u00edmi finan\u010dn\u00edmi procesy. V\u011b\u0159ili v <strong>jednodu\u0161\u0161\u00ed, chyt\u0159ej\u0161\u00ed a smyslupln\u011bj\u0161\u00ed \u0159e\u0161en\u00ed a tvrdou pr\u00e1ci<\/strong>, aby v\u011bci dot\u00e1hli do konce. Tak se zrodil <strong>SIMPLEBEEZ<\/strong>.<\/p>\n\n\n\n<p>Jejich jedine\u010dn\u00fd p\u0159\u00edstup rychle p\u0159il\u00e1kal dal\u0161\u00ed zku\u0161en\u00e9 lidi, kte\u0159\u00ed m\u011bli touhu inspirovat, podporovat a v\u00e9st organizace a jejich l\u00eddry prost\u0159ednictv\u00edm finan\u010dn\u00ed transformace a digitalizace.<\/p>\n\n\n\n<p>Brzy po zalo\u017een\u00ed spole\u010dnosti t\u00fdm vytvo\u0159il \u00fazk\u00e9 a strategick\u00e9 partnerstv\u00ed s glob\u00e1ln\u00edm l\u00eddrem v \u0159e\u0161en\u00ed CPM: <strong>OneStream Software LLC<\/strong>. Spole\u010dn\u011b vyv\u00edj\u00edme a vylep\u0161ujeme na\u0161e \u0159e\u0161en\u00ed v oblastech jako <a href=\"https:\/\/simplebeez.com\/cs\/our-services\/financial-close-consolidation\/\" data-type=\"page\" data-id=\"469\"><strong>Finan\u010dn\u00ed Z\u00e1v\u011brka &amp; Konsolidace<\/strong><\/a>, <a href=\"https:\/\/simplebeez.com\/cs\/our-services\/financial-planning-xpa\/\" data-type=\"page\" data-id=\"537\"><strong>Finan\u010dn\u00ed Pl\u00e1nov\u00e1n\u00ed &amp; xP&amp;A<\/strong><\/a> nebo <a href=\"https:\/\/simplebeez.com\/cs\/our-services\/management-reporting-analysis\/\" data-type=\"page\" data-id=\"538\"><strong>Mana\u017eersk\u00fd Reporting &amp; Anal\u00fdza<\/strong><\/a> a z\u00e1rove\u0148 p\u0159ech\u00e1z\u00edme na <strong><a href=\"https:\/\/simplebeez.com\/cs\/our-services\/esg-planning-reporting\/\" data-type=\"page\" data-id=\"569\">ESG Pl\u00e1nov\u00e1n\u00ed &amp; Reporting<\/a> <\/strong>a dal\u0161\u00ed. \u00dazce spolupracujeme s experty jednotliv\u00fdch dom\u00e9n OneStream a QA, abychom zajistili 100% \u00fasp\u011bch na\u0161ich z\u00e1kazn\u00edk\u016f.<\/p>\n\n\n\n<p>Zam\u011b\u0159ujeme se na poskytov\u00e1n\u00ed odborn\u00fdch slu\u017eeb podnik\u016fm, kter\u00e9 se p\u0159erostly osobnostn\u011b, technicky nebo procesn\u011b. Nab\u00edz\u00edme na\u0161i inovativn\u00ed metodologii transformace a pom\u00e1h\u00e1me t\u011bmto podnik\u016fm dostat se zp\u011bt na tra\u0165 s <strong>person\u00e1ln\u00edmi dovednostmi, organizovan\u00fdmi procesy a skute\u010dn\u00fdmi podp\u016frn\u00fdmi technologiemi.<\/strong><\/p>\n\n\n\n<p class=\"has-background\" style=\"background:linear-gradient(256deg,rgb(238,238,238) 100%,rgb(169,184,195) 100%)\"><em>&#8222;N\u00e1\u0161 systematick\u00fd p\u0159\u00edstup v kombinaci s rozs\u00e1hl\u00fdmi zku\u0161enostmi, odborn\u00fdmi znalostmi a odhodl\u00e1n\u00edm z n\u00e1s ud\u011blal strategick\u00fd katalyz\u00e1tor pro mnoho organizac\u00ed, kter\u00e9 se sna\u017e\u00ed urychlit sv\u016fj r\u016fst a zefektivnit sv\u00e9 finan\u010dn\u00ed procesy. Jsme hrd\u00ed na transformace, kter\u00fdch jsme ji\u017e doposud dos\u00e1hli, a t\u011b\u0161\u00edme se na spole\u010dn\u00e9 budov\u00e1n\u00ed nov\u00fdch \u00fasp\u011b\u0161n\u00fdch p\u0159\u00edb\u011bh\u016f.&#8220;<\/em><\/p>\n\n\n\n<p><em>Martin Pr\u00e1\u0161ek, CEO &amp; Zakladatel<\/em><\/p>\n\n\n\n<p>U klient\u016f, kde dovednosti lid\u00ed a procesy zaost\u00e1valy za jejich pot\u0159ebami, jsme nasadili nov\u00e9 kompetence, metodiky a n\u00e1stroje, abychom se dostali na spr\u00e1vnou cestu. <strong>Kdy\u017e jsme si uv\u011bdomili, \u017ee n\u00e1\u0161 p\u0159\u00edstup byl a je velmi \u017e\u00e1dan\u00fd, zalo\u017eili jsme na\u0161e exekutivn\u00ed transforma\u010dn\u00ed slu\u017eby.<\/strong><\/p>\n\n\n\n<p>S na\u0161\u00edm siln\u00fdm t\u00fdmem a modern\u00ed platformou OneStream CPM jsme rychle usp\u011bli v poskytov\u00e1n\u00ed nejlep\u0161\u00edch \u0159e\u0161en\u00ed ve sv\u00e9 t\u0159\u00edd\u011b pro na\u0161e prvn\u00ed klienty. <strong>Kontinu\u00e1ln\u011b se v\u011bnujeme roz\u0161i\u0159ov\u00e1n\u00ed a dal\u0161\u00edmu rozvoji na\u0161\u00ed kompetence v&nbsp;oblasti CPM.<\/strong><\/p>\n","protected":false},"excerpt":{"rendered":"<p>V roce 2019 se dva finan\u010dn\u00ed mana\u017ee\u0159i s v\u00e1\u0161n\u00ed pro transformaci financ\u00ed a nejmodern\u011bj\u0161\u00ed technologie rozhodli zalo\u017eit vlastn\u00ed podnik\u00e1n\u00ed. V\u011bd\u011bli, \u017ee mnoho organizac\u00ed se pot\u00fdk\u00e1 se zastaral\u00fdmi a neefektivn\u00edmi finan\u010dn\u00edmi procesy. V\u011b\u0159ili v jednodu\u0161\u0161\u00ed, chyt\u0159ej\u0161\u00ed a smyslupln\u011bj\u0161\u00ed \u0159e\u0161en\u00ed a tvrdou pr\u00e1ci, aby v\u011bci dot\u00e1hli do konce. Tak se zrodil SIMPLEBEEZ. Jejich jedine\u010dn\u00fd p\u0159\u00edstup rychle p\u0159il\u00e1kal [&hellip;]<\/p>\n","protected":false},"author":1,"featured_media":0,"parent":0,"menu_order":1,"comment_status":"closed","ping_status":"closed","template":"","meta":{"footnotes":""},"class_list":["post-486","page","type-page","status-publish","hentry"],"meta_box":{"simplebeez_hero_title":"","simplebeez_hero_subtitle":"","simplebeez_hero_btn_text":"","simplebeez_hero_btn_url":"","simplebeez_hero_btn_image_left":[],"simplebeez_hero_btn_image_right":[],"simplebeez_cta_field_title":"","simplebeez_cta_field_subtitle":"","simplebeez_cta_field_btntext":"","simplebeez_cta_field_btn_url":"","radio":"","simplebeez_who_we_are_field_title":"","simplebeez_who_we_are_field_description":"","simplebeez_who_we_are_field_text_btn":"","simplebeez_who_we_are_field_btn_link":"","simplebeez_who_we_are_field_images":[],"simplebeez_our_services_title":"","simplebeez_our_services_box_group":[],"simplebeez_company_number_title":"","simplebeez_company_number_description":"","simplebeez_company_number_btn_text":"","simplebeez_company_number_btn_link":"","simplebeez_company_number_group":[],"simplebeez_header_image":[],"simplebeez_tiles_group":[],"simplebeez_contact_form_title":"","simplebeez_contact_form_description":"","simplebeez_solution_first_section_title":"","simplebeez_solution_first_section_description":"","simplebeez_solution_first_section_sub_description":"","simplebeez_solution_first_section_images":[],"simplebeez_image_boxes_heading_h2":"","simplebeez_image_boxes_group":[],"simplebeez_navigation_tabs_group":[],"simplebeez_heading_h2_title":"","simplebeez_our_features_heading_h2":"","simplebeez_our_features_field_title":"","simplebeez_our_features_box_group":[],"simplebeez_our_features_and_more_field_title":"","simplebeez_faq_title":"","simplebeez_faq_box_group":[],"simplebeez_carrers_title":"","simplebeez_carrers_subtitle":"","simplebeez_carrers_description":"","simplebeez_carrers_blockquet_right":"","simplebeez_carrers_title_jobs":"","simplebeez_carrers_group_jobs":[],"simplebeez_carrers_group_image_carousel":[],"simplebeez_carrers_group_benefits":[],"simplebeez_partners_group":[],"simplebeez_white_papers_group":[],"simplebeez_modal_title":"","simplebeez_modal_input_text":"","simplebeez_modal_valid_text":"","simplebeez_modal_checkbox_title":"","simplebeez_modal_btn_send":"","simplebeez_modal_btn_close":"","simplebeez_contact_us_contact_title":"","simplebeez_contact_us_open_hours_title":"","simplebeez_contact_us_open_hours_description":"","simplebeez_contact_us_title":"","simplebeez_contact_us_description":"","simplebeez_contact_us_group_image":[],"latest_blog_post_title":"","latest_blog_post_btn_text":""},"_links":{"self":[{"href":"https:\/\/www.simplebeez.com\/cs\/wp-json\/wp\/v2\/pages\/486","targetHints":{"allow":["GET"]}}],"collection":[{"href":"https:\/\/www.simplebeez.com\/cs\/wp-json\/wp\/v2\/pages"}],"about":[{"href":"https:\/\/www.simplebeez.com\/cs\/wp-json\/wp\/v2\/types\/page"}],"author":[{"embeddable":true,"href":"https:\/\/www.simplebeez.com\/cs\/wp-json\/wp\/v2\/users\/1"}],"replies":[{"embeddable":true,"href":"https:\/\/www.simplebeez.com\/cs\/wp-json\/wp\/v2\/comments?post=486"}],"version-history":[{"count":7,"href":"https:\/\/www.simplebeez.com\/cs\/wp-json\/wp\/v2\/pages\/486\/revisions"}],"predecessor-version":[{"id":805,"href":"https:\/\/www.simplebeez.com\/cs\/wp-json\/wp\/v2\/pages\/486\/revisions\/805"}],"wp:attachment":[{"href":"https:\/\/www.simplebeez.com\/cs\/wp-json\/wp\/v2\/media?parent=486"}],"curies":[{"name":"wp","href":"https:\/\/api.w.org\/{rel}","templated":true}]}}