{"id":472,"date":"2023-06-01T13:06:14","date_gmt":"2023-06-01T11:06:14","guid":{"rendered":"https:\/\/simplebeez.com\/our-mission\/"},"modified":"2023-09-07T22:58:32","modified_gmt":"2023-09-07T20:58:32","slug":"our-mission","status":"publish","type":"page","link":"https:\/\/www.simplebeez.com\/cs\/our-mission\/","title":{"rendered":"Na\u0161e mise"},"content":{"rendered":"\n<p>Na\u0161\u00edm posl\u00e1n\u00edm je pom\u00e1hat organizac\u00edm <strong>dosahovat excelentn\u00edho \u0159\u00edzen\u00ed v\u00fdkonnosti t\u00edm, \u017ee zav\u00e1d\u00edme nov\u00e9 dovednosti a postupy v kombinaci s poskytov\u00e1n\u00edm \u0161pi\u010dkov\u00fdch \u0159e\u0161en\u00ed CPM.<\/strong> Jsme odhodl\u00e1ni dod\u00e1vat inovativn\u00ed \u0159e\u0161en\u00ed, kter\u00e1 zefektiv\u0148uj\u00ed finan\u010dn\u00ed operace, zvy\u0161uj\u00ed efektivitu a poskytuj\u00ed cenn\u00e9 vhledy pro informovan\u00e9 rozhodov\u00e1n\u00ed.<\/p>\n\n\n\n<p><strong>Dod\u00e1v\u00e1me <\/strong><a href=\"https:\/\/simplebeez.com\/cs\/solutions\/\" data-type=\"page\" data-id=\"685\"><strong>\u0158<\/strong><\/a><a href=\"https:\/\/simplebeez.com\/cs\/solutions\/\" data-type=\"page\" data-id=\"685\"><strong>e\u0161en\u00ed<\/strong><\/a><strong>,<\/strong> kter\u00e1 transformuj\u00ed finan\u010dn\u00ed procesy, uvol\u0148uj\u00ed potenci\u00e1l finan\u010dn\u00edho \u0159editele a podporuj\u00ed r\u016fst spole\u010dnosti. Na\u0161e anga\u017em\u00e1 umo\u017en\u00ed finan\u010dn\u00edm \u0159editel\u016fm z\u00edskat strategick\u00e9 aktivum, kter\u00e9 je z\u00e1sadn\u00ed pro urychlen\u00ed, proveden\u00ed a dod\u00e1n\u00ed digit\u00e1ln\u00edch a procesn\u011b orientovan\u00fdch finan\u010dn\u00edch transformac\u00ed v dob\u00e1ch, kdy je pot\u0159eba zm\u011bna.<\/p>\n\n\n\n<p><strong>D\u011bl\u00e1me to prost\u0159ednictv\u00edm <\/strong><a href=\"https:\/\/simplebeez.com\/cs\/our-services\/finance-transformation-advisory\/\" data-type=\"page\" data-id=\"544\"><strong>Veden\u00ed a Realizace Transformac\u00ed Financ\u00ed<\/strong><\/a> a z\u00e1rove\u0148 poskytujeme nejlep\u0161\u00ed softwarov\u00e1 \u0159e\u0161en\u00ed CPM ve sv\u00e9 t\u0159\u00edd\u011b. Zam\u011b\u0159ujeme se na budov\u00e1n\u00ed dlouhodob\u00fdch partnerstv\u00ed s na\u0161imi klienty a poskytov\u00e1n\u00ed slu\u017eeb s p\u0159idanou hodnotou prost\u0159ednictv\u00edm ob\u011btavosti a tvrd\u00e9 systematick\u00e9 pr\u00e1ce, kter\u00e9 p\u0159ed\u010d\u00ed va\u0161e o\u010dek\u00e1v\u00e1n\u00ed.<\/p>\n\n\n\n<p>V\u011b\u0159\u00edme ve vlastnictv\u00ed finan\u010dn\u00edch syst\u00e9m\u016f finan\u010dn\u00edmi t\u00fdmy a men\u0161\u00edmu spol\u00e9h\u00e1n\u00ed se na IT. Na\u0161e \u0159e\u0161en\u00ed CPM proto m\u011bn\u00ed komplexitu na <strong>jednodu\u0161\u0161\u00ed, flexibiln\u00ed a intuitivn\u00ed u\u017eivatelsk\u00e9 prost\u0159ed\u00ed, kter\u00e9 se bl\u00ed\u017e\u00ed DNA u\u017eivatel\u016f financ\u00ed. <\/strong>S OneStream CPM nab\u00edz\u00edme jedine\u010dnou schopnost zvl\u00e1dnout v\u0161echny pot\u0159eby \u0159\u00edzen\u00ed podnikov\u00e9ho v\u00fdkonu v jedin\u00e9m softwaru a t\u00edm zv\u00fd\u0161it efektivitu, sn\u00ed\u017eit celkov\u00e9 n\u00e1klady na vlastnictv\u00ed, slo\u017eitost a fragmentaci softwaru.<\/p>\n\n\n\n<p>Na\u0161im z\u00e1kazn\u00edk\u016fm (sou\u010dasn\u00fdm i budouc\u00edm) nab\u00edz\u00edme jedine\u010dn\u00e9 transforma\u010dn\u00ed metodiky a \u0159e\u0161en\u00ed jako nap\u0159. <a href=\"https:\/\/simplebeez.com\/cs\/financial-consolidation-reporting\/consolidation-starter-pack\/\" data-type=\"page\" data-id=\"509\"><strong>Konsolida\u010dn\u00ed Starter Kit<\/strong><\/a>, <a href=\"https:\/\/simplebeez.com\/cs\/rozsirene-planovani-budgeting\/planning-budgeting-forecasting\/\" data-type=\"page\" data-id=\"465\"><strong>Pl\u00e1nov\u00e1n\u00ed, Rozpo\u010dtov\u00e1n\u00ed &amp; Forecasting<\/strong><\/a>, <a href=\"https:\/\/simplebeez.com\/cs\/financial-close\/transaction-matching\/\" data-type=\"page\" data-id=\"467\"><strong>Transak\u010dn\u00ed P\u00e1rov\u00e1n\u00ed<\/strong><\/a>, <a href=\"https:\/\/simplebeez.com\/cs\/financial-close\/account-reconciliation\/\" data-type=\"page\" data-id=\"480\"><strong>Rekonciliace \u00da\u010dt\u016f<\/strong><\/a> nebo <a href=\"https:\/\/simplebeez.com\/cs\/esg\/esg-reporting\/\" data-type=\"page\" data-id=\"463\"><strong>ESG Reporting<\/strong><\/a><strong>.<\/strong><\/p>\n","protected":false},"excerpt":{"rendered":"<p>Na\u0161\u00edm posl\u00e1n\u00edm je pom\u00e1hat organizac\u00edm dosahovat excelentn\u00edho \u0159\u00edzen\u00ed v\u00fdkonnosti t\u00edm, \u017ee zav\u00e1d\u00edme nov\u00e9 dovednosti a postupy v kombinaci s poskytov\u00e1n\u00edm \u0161pi\u010dkov\u00fdch \u0159e\u0161en\u00ed CPM. Jsme odhodl\u00e1ni dod\u00e1vat inovativn\u00ed \u0159e\u0161en\u00ed, kter\u00e1 zefektiv\u0148uj\u00ed finan\u010dn\u00ed operace, zvy\u0161uj\u00ed efektivitu a poskytuj\u00ed cenn\u00e9 vhledy pro informovan\u00e9 rozhodov\u00e1n\u00ed. Dod\u00e1v\u00e1me \u0158e\u0161en\u00ed, kter\u00e1 transformuj\u00ed finan\u010dn\u00ed procesy, uvol\u0148uj\u00ed potenci\u00e1l finan\u010dn\u00edho \u0159editele a podporuj\u00ed r\u016fst spole\u010dnosti. [&hellip;]<\/p>\n","protected":false},"author":1,"featured_media":0,"parent":0,"menu_order":3,"comment_status":"closed","ping_status":"closed","template":"","meta":{"footnotes":""},"class_list":["post-472","page","type-page","status-publish","hentry"],"meta_box":{"simplebeez_hero_title":"","simplebeez_hero_subtitle":"","simplebeez_hero_btn_text":"","simplebeez_hero_btn_url":"","simplebeez_hero_btn_image_left":[],"simplebeez_hero_btn_image_right":[],"simplebeez_cta_field_title":"","simplebeez_cta_field_subtitle":"","simplebeez_cta_field_btntext":"","simplebeez_cta_field_btn_url":"","radio":"","simplebeez_who_we_are_field_title":"","simplebeez_who_we_are_field_description":"","simplebeez_who_we_are_field_text_btn":"","simplebeez_who_we_are_field_btn_link":"","simplebeez_who_we_are_field_images":[],"simplebeez_our_services_title":"","simplebeez_our_services_box_group":[],"simplebeez_company_number_title":"","simplebeez_company_number_description":"","simplebeez_company_number_btn_text":"","simplebeez_company_number_btn_link":"","simplebeez_company_number_group":[],"simplebeez_header_image":[],"simplebeez_tiles_group":[],"simplebeez_contact_form_title":"","simplebeez_contact_form_description":"","simplebeez_solution_first_section_title":"","simplebeez_solution_first_section_description":"","simplebeez_solution_first_section_sub_description":"","simplebeez_solution_first_section_images":[],"simplebeez_image_boxes_heading_h2":"","simplebeez_image_boxes_group":[],"simplebeez_navigation_tabs_group":[],"simplebeez_heading_h2_title":"","simplebeez_our_features_heading_h2":"","simplebeez_our_features_field_title":"","simplebeez_our_features_box_group":[],"simplebeez_our_features_and_more_field_title":"","simplebeez_faq_title":"","simplebeez_faq_box_group":[],"simplebeez_carrers_title":"","simplebeez_carrers_subtitle":"","simplebeez_carrers_description":"","simplebeez_carrers_blockquet_right":"","simplebeez_carrers_title_jobs":"","simplebeez_carrers_group_jobs":[],"simplebeez_carrers_group_image_carousel":[],"simplebeez_carrers_group_benefits":[],"simplebeez_partners_group":[],"simplebeez_white_papers_group":[],"simplebeez_modal_title":"","simplebeez_modal_input_text":"","simplebeez_modal_valid_text":"","simplebeez_modal_checkbox_title":"","simplebeez_modal_btn_send":"","simplebeez_modal_btn_close":"","simplebeez_contact_us_contact_title":"","simplebeez_contact_us_open_hours_title":"","simplebeez_contact_us_open_hours_description":"","simplebeez_contact_us_title":"","simplebeez_contact_us_description":"","simplebeez_contact_us_group_image":[],"latest_blog_post_title":"","latest_blog_post_btn_text":""},"_links":{"self":[{"href":"https:\/\/www.simplebeez.com\/cs\/wp-json\/wp\/v2\/pages\/472","targetHints":{"allow":["GET"]}}],"collection":[{"href":"https:\/\/www.simplebeez.com\/cs\/wp-json\/wp\/v2\/pages"}],"about":[{"href":"https:\/\/www.simplebeez.com\/cs\/wp-json\/wp\/v2\/types\/page"}],"author":[{"embeddable":true,"href":"https:\/\/www.simplebeez.com\/cs\/wp-json\/wp\/v2\/users\/1"}],"replies":[{"embeddable":true,"href":"https:\/\/www.simplebeez.com\/cs\/wp-json\/wp\/v2\/comments?post=472"}],"version-history":[{"count":8,"href":"https:\/\/www.simplebeez.com\/cs\/wp-json\/wp\/v2\/pages\/472\/revisions"}],"predecessor-version":[{"id":814,"href":"https:\/\/www.simplebeez.com\/cs\/wp-json\/wp\/v2\/pages\/472\/revisions\/814"}],"wp:attachment":[{"href":"https:\/\/www.simplebeez.com\/cs\/wp-json\/wp\/v2\/media?parent=472"}],"curies":[{"name":"wp","href":"https:\/\/api.w.org\/{rel}","templated":true}]}}