{"id":469,"date":"2023-06-01T13:10:59","date_gmt":"2023-06-01T11:10:59","guid":{"rendered":"https:\/\/simplebeez.com\/financial-close-consolidation\/"},"modified":"2023-09-07T11:05:53","modified_gmt":"2023-09-07T09:05:53","slug":"financial-close-consolidation","status":"publish","type":"page","link":"https:\/\/www.simplebeez.com\/cs\/our-services\/financial-close-consolidation\/","title":{"rendered":"Finan\u010dn\u00ed z\u00e1v\u011brka &#038; konsolidace"},"content":{"rendered":"","protected":false},"excerpt":{"rendered":"","protected":false},"author":1,"featured_media":0,"parent":504,"menu_order":1,"comment_status":"closed","ping_status":"closed","template":"","meta":{"footnotes":""},"class_list":["post-469","page","type-page","status-publish","hentry"],"meta_box":{"simplebeez_hero_title":"","simplebeez_hero_subtitle":"","simplebeez_hero_btn_text":"","simplebeez_hero_btn_url":"","simplebeez_hero_btn_image_left":[],"simplebeez_hero_btn_image_right":[],"simplebeez_cta_field_title":"Jsme tu, abychom v\u00e1m pomohli","simplebeez_cta_field_subtitle":"Napl\u00e1nujte si bezplatn\u00fd hovor s na\u0161\u00edm konzultantem","simplebeez_cta_field_btntext":"Kontaktujte n\u00e1s","simplebeez_cta_field_btn_url":462,"radio":"color_primary","simplebeez_who_we_are_field_title":"","simplebeez_who_we_are_field_description":"","simplebeez_who_we_are_field_text_btn":"","simplebeez_who_we_are_field_btn_link":"","simplebeez_who_we_are_field_images":[],"simplebeez_our_services_title":"Co poskytujeme a dod\u00e1v\u00e1me","simplebeez_our_services_box_group":[{"simplebeez_our_services_box_title":"Statut\u00e1rn\u00ed & mana\u017eersk\u00e9 konsolidace","simplebeez_our_services_box_description":"v\u00edcevrstv\u00e9 maticov\u00e9 konsolidace (statut\u00e1rn\u00ed, podle zem\u011b, podle segmentu, simulace f\u00faz\u00ed a akvizic apod.)"},{"simplebeez_our_services_box_title":"Regulatorn\u00ed, da\u0148ov\u00fd nebo v\u00fdkonnostn\u00ed reporting","simplebeez_our_services_box_description":"nap\u0159. CAS, IFRS, USGAAP, FinRep, tax reporting, supplementary nebo country by country reporting"},{"simplebeez_our_services_box_title":"Zefektivn\u011bn\u00ed proces\u016f finan\u010dn\u00ed z\u00e1v\u011brky","simplebeez_our_services_box_description":"abyste m\u011bli v\u00edce \u010dasu na anal\u00fdzy, modelov\u00e1n\u00ed a byznys partnering nam\u00edsto rutinn\u00edch \u010dinnost\u00ed"},{"simplebeez_our_services_box_title":"Bezprobl\u00e9mov\u00e9 z\u00edsk\u00e1v\u00e1n\u00ed dat a transformace","simplebeez_our_services_box_description":"abyste v\u011b\u0159ili sv\u00fdm dat\u016fm a z\u00edskali d\u016fv\u011bru ve sv\u00e9 v\u00fdkazy a anal\u00fdzy finan\u010dn\u00ed v\u00fdkonnosti"},{"simplebeez_our_services_box_title":"Automatizace kl\u00ed\u010dov\u00fdch konsolida\u010dn\u00edch \u00faprav","simplebeez_our_services_box_description":"v\u010d. intragroup z\u016fstatk\u016f, realizovan\u00e9ho zisku \u010di investic \/ kapit\u00e1lu nebo CTA kalkulac\u00ed"},{"simplebeez_our_services_box_title":"Praktick\u00fd expertn\u00ed transforma\u010dn\u00ed leadership","simplebeez_our_services_box_description":"vyu\u017e\u00edv\u00e1me na\u0161ich inovativn\u00edch metodologi\u00ed a kombinovan\u00e9ho finan\u010dn\u00edho a IT backgroundu k uvoln\u011bn\u00ed va\u0161eho potenci\u00e1lu"}],"simplebeez_company_number_title":"","simplebeez_company_number_description":"","simplebeez_company_number_btn_text":"","simplebeez_company_number_btn_link":"","simplebeez_company_number_group":[],"simplebeez_header_image":[],"simplebeez_tiles_group":[],"simplebeez_contact_form_title":"","simplebeez_contact_form_description":"","simplebeez_solution_first_section_title":"","simplebeez_solution_first_section_description":"","simplebeez_solution_first_section_sub_description":"","simplebeez_solution_first_section_images":[],"simplebeez_image_boxes_heading_h2":"","simplebeez_image_boxes_group":[{"simplebeez_image_boxes_field_image":["186"],"simplebeez_image_boxes_field_title":"Partne\u0159i pro St\u0159edn\u011b velk\u00e9 nebo Nejv\u011bt\u0161\u00ed nadn\u00e1rodn\u00ed Holdingy","simplebeez_image_boxes_field_description":"Pro organizace, kter\u00e9 p\u0159erostly samy sebe nebo kter\u00e9 pot\u0159ebuj\u00ed zefektivnit velmi slo\u017eit\u00e9 po\u017eadavky na v\u00fdkaznictv\u00ed"},{"simplebeez_image_boxes_field_image":["187"],"simplebeez_image_boxes_field_title":"Siln\u00fd Expertn\u00ed Leadership & Procesn\u00ed Inovace","simplebeez_image_boxes_field_description":"Jako sou\u010d\u00e1st dod\u00e1vek \u0159e\u0161en\u00ed v\u00e1m pom\u00e1h\u00e1me implementovat nov\u00e9 procesn\u00ed metodiky nebo vyplnit mezeru v kompetenc\u00edch"},{"simplebeez_image_boxes_field_image":["188"],"simplebeez_image_boxes_field_title":"Flexibiln\u00ed Reporting, Konsolidace & Roz\u0161i\u0159itelnost","simplebeez_image_boxes_field_description":"Dod\u00e1v\u00e1n\u00ed \u0161k\u00e1lovateln\u00fdch \u0159e\u0161en\u00ed konsolidace a v\u00fdkaznictv\u00ed s c\u00edlem posunout jejich vlastnictv\u00ed zp\u011bt do financ\u00ed"}],"simplebeez_navigation_tabs_group":[{"simplebeez_navigation_tabs_field_icon":["246"],"simplebeez_navigation_tabs_field_title":"D\u016fv\u011bra v data & integrita","simplebeez_navigation_tabs_field_description":"V\u011bt\u0161\u00ed d\u016fv\u011bra v data a finan\u010dn\u00ed \u00fadaje shroma\u017e\u010fovan\u00e9 od va\u0161ich entit a jednotek.\r\n\r\nP\u0159esto\u017ee se entity podl\u00e9haj\u00edc\u00ed konsolidaci, jejich podkladov\u00e9 zdrojov\u00e9 ERP syst\u00e9my, jejich povaha nebo vysp\u011blost mohou v pr\u016fb\u011bhu \u010dasu m\u011bnit, konsolidace a v\u00fdkaznictv\u00ed skupiny mus\u00ed b\u011b\u017eet. S na\u0161imi \u0161k\u00e1lovateln\u00fdmi a flexibiln\u00edmi \u0159e\u0161en\u00edmi v\u00e1m poskytujeme skute\u010dnou flexibilitu v tom, jak lze zajistit kvalitu a zdroje dat. V\u017edy se jedn\u00e1 o rovnov\u00e1hu mezi v\u00fdznamnost\u00ed, riziky, vyzr\u00e1lost\u00ed dce\u0159in\u00fdch spole\u010dnost\u00ed, zdrojov\u00fdmi syst\u00e9my a nal\u00e9havost\u00ed.\r\n\r\nS na\u0161\u00ed silnou odbornost\u00ed v oblasti financ\u00ed tak\u00e9 pom\u00e1h\u00e1me s audity \u00fa\u010detn\u00edch dat, \u010di\u0161t\u011bn\u00edm, hodnocen\u00edm rizik a reviz\u00ed \u00fa\u010detn\u00edch metodologi\u00ed, abychom dod\u00e1vali procesn\u011b a technologicky orientovan\u00e1 inovativn\u00ed \u0159e\u0161en\u00ed."},{"simplebeez_navigation_tabs_field_icon":["246"],"simplebeez_navigation_tabs_field_title":"Bl\u00ed\u017ee k byznysu","simplebeez_navigation_tabs_field_description":"Zjednodu\u0161en\u00fd proces konsolidace a skupinov\u00fdch \u00faprav v\u00e1m umo\u017en\u00ed p\u0159ej\u00edt od koncoro\u010dn\u00edho \u201emust have\u201c k pr\u016fb\u011b\u017en\u00e9mu v\u00fdkonnostn\u00edmu reportingu.\r\n\r\nSkute\u010dn\u00e9 konsolidace holding\u016f a v\u00fdkaznictv\u00ed v pln\u00e9m rozsahu nejsou v r\u016fzn\u00fdch organizac\u00edch mnohdy dostate\u010dn\u011b rozv\u00edjeny a d\u016fraz je kladen p\u0159edev\u0161\u00edm na sledov\u00e1n\u00ed PL v ex-post reportech. CFO mus\u00ed m\u00edt spolehliv\u00fd a trval\u00fd p\u0159ehled o v\u0161ech aspektech finan\u010dn\u00ed v\u00fdkonnosti skupiny, v\u010detn\u011b BS, PL, CF nebo kritick\u00fdch ukazatel\u016f, jako jsou pohyby pracovn\u00edho kapit\u00e1lu. Inovujeme procesy, metodiky a technologie CPM, abychom finan\u010dn\u00edmu \u0159editeli umo\u017enili p\u0159ibl\u00ed\u017eit se bl\u00ed\u017ee k byznysu a \u0159\u00eddit strategick\u00e9 sm\u011b\u0159ov\u00e1n\u00ed firmy prost\u0159ednictv\u00edm informac\u00ed a dat."},{"simplebeez_navigation_tabs_field_icon":["246"],"simplebeez_navigation_tabs_field_title":"Simplifikace","simplebeez_navigation_tabs_field_description":"Vytv\u00e1\u0159en\u00ed konsolidovan\u00fdch finan\u010dn\u00edch v\u00fdsledk\u016f holding\u016f m\u016f\u017ee b\u00fdt velmi slo\u017eit\u00fd \u00fakol. M\u00edt v\u010dasn\u00fd a p\u0159esn\u00fd p\u0159ehled o neust\u00e1le se vyv\u00edjej\u00edc\u00ed finan\u010dn\u00ed v\u00fdkonnosti jednotliv\u00fdch produkt\u016f, segment\u016f, diviz\u00ed nebo dce\u0159in\u00fdch spole\u010dnost\u00ed dokonce nemus\u00ed b\u00fdt mo\u017en\u00e9 bez \u0159\u00e1dn\u00e9 infrastruktury. V sou\u010dasn\u00e9m rychle se m\u011bn\u00edc\u00edm prost\u0159ed\u00ed v\u00e1s tato realita brzd\u00ed a vystavuje riziku.\r\n\r\nVynik\u00e1me v transformaci slo\u017eitosti na jednodu\u0161\u0161\u00ed, chyt\u0159ej\u0161\u00ed a smyslupln\u011bj\u0161\u00ed \u0159e\u0161en\u00ed, \u010d\u00edm\u017e poskytujeme finan\u010dn\u00edmu \u0159editeli skute\u010dnou strategickou hodnotu pro orientaci v podnik\u00e1n\u00ed a z\u00e1rove\u0148 zaji\u0161\u0165ujeme soulad a compliance s regulacemi. Simplifikace je z\u00e1sadn\u00ed pro p\u0159ijet\u00ed finan\u010dn\u00edch inovac\u00ed u\u017eivateli."},{"simplebeez_navigation_tabs_field_icon":["246"],"simplebeez_navigation_tabs_field_title":"Jedin\u00fd zdroj pravdy","simplebeez_navigation_tabs_field_description":"Mnoho i velk\u00fdch organizac\u00ed trp\u00ed rozt\u0159\u00ed\u0161t\u011bn\u00fdmi izolovan\u00fdmi procesy. Procesy jako konsolidace, v\u00fdkaznictv\u00ed ziskovosti, v\u00fdpo\u010dty KPI, v\u00fdpo\u010dty kovenant\u016f, rozpo\u010dty a finan\u010dn\u00ed progn\u00f3zy nejsou jednotn\u00e9. Ka\u017ed\u00fd proces m\u00e1 mnohdy jin\u00fd n\u00e1stroj, r\u016fzn\u00e9ho vlastn\u00edka proces\u016f, spoustu Excel spreadsheet\u016f, komplikovan\u00e1 datov\u00e1 rozhran\u00ed \u010di r\u016fzn\u00e9 datov\u00e9 struktury. \u0158e\u0161en\u00ed? S nejl\u00e9pe hodnocenou platformou OneStream CPM umo\u017e\u0148ujeme v\u011bt\u0161\u00edm organizac\u00edm sjednotit a p\u0159en\u00e9st kritick\u00e9 finan\u010dn\u00ed procesy do jedin\u00e9ho osv\u011bd\u010den\u00e9ho syst\u00e9mu. Nativn\u00ed integrace, jedin\u00e9 u\u017eivatelsk\u00e9 rozhran\u00ed, ov\u011b\u0159en\u00e1 data a pln\u011b integrovan\u00e9 datov\u00e9 modely pro r\u016fzn\u00e9 procesy, jedin\u00e9 licencov\u00e1n\u00ed a v kone\u010dn\u00e9m d\u016fsledku skute\u010dn\u00fd jedin\u00fd zdroj pravdy. U\u017e \u017e\u00e1dn\u00e9 neefektivnosti a diskuze, kdo m\u00e1 lep\u0161\u00ed data. Drillujte konsolidovan\u00e9 finan\u010dn\u00ed v\u00fdkazy na \u00farove\u0148 reportingu profitabillity jednotliv\u00fdch produkt\u016f a snadno porovnejte jejich p\u0159\u00ednos na ziskovost s nejnov\u011bj\u0161\u00edm klouzav\u00fdm forecastem skupiny."},{"simplebeez_navigation_tabs_field_icon":["246"],"simplebeez_navigation_tabs_field_title":"Zam\u011b\u0159en\u00ed na hodnotu","simplebeez_navigation_tabs_field_description":"Z\u00edsk\u00e1te d\u016fv\u011bru v z\u00e1kladn\u00ed finan\u010dn\u00ed procesy z\u00e1v\u011brky a konsolidovan\u00e9ho reportingu. D\u00edky na\u0161im praktick\u00fdm zku\u0161enostem, modern\u00edm \u0159e\u0161en\u00edm CPM a skute\u010dn\u00e9mu partnerstv\u00ed, umo\u017en\u00edme va\u0161im t\u00fdm\u016fm p\u0159evz\u00edt kontrolu a uvolnit jejich \u010das na anal\u00fdzu, navigaci byznysu a zam\u011b\u0159en\u00ed se na hodnotu. Abychom toho dos\u00e1hli, p\u0159in\u00e1\u0161\u00edme nezaujat\u00e9 a apolitick\u00e9 mezin\u00e1rodn\u011b osv\u011bd\u010den\u00e9 postupy. Tak\u00e9 s na\u0161imi p\u0159edkonfigurovan\u00fdmi z\u00e1kladn\u00edmi \u0159e\u0161en\u00edmi CPM (Konsolida\u010dn\u00ed Starter Kit) z\u00edsk\u00e1te rychleji hmatateln\u00e9 v\u00fdsledky."},{"simplebeez_navigation_tabs_field_icon":["246"],"simplebeez_navigation_tabs_field_title":"Zlep\u0161ete kontrolu","simplebeez_navigation_tabs_field_description":"Nahrazen\u00ed fragmentovan\u00fdch a \u010dasto na tabulkov\u00fdch procesorech zalo\u017een\u00fdch komplexn\u00edch reportovac\u00edch proces\u016f \u0161k\u00e1lovateln\u00fdm, automatizovan\u00fdm a auditovateln\u00fdm CPM \u0159e\u0161en\u00edm v\u00e1m poskytne velmi odli\u0161nou \u00farove\u0148 konzistence dat, kontroly a integrity. Tak\u00e9 v\u00e1m pom\u016f\u017eeme dos\u00e1hnout d\u016fv\u011bry ve finan\u010dn\u00ed v\u00fdsledky a stanete se d\u016fv\u011bryhodn\u00fdm partnerem pro v\u0161echny extern\u00ed zainteresovan\u00e9 strany, jako jsou audito\u0159i, bankovn\u00ed instituce, investo\u0159i a dal\u0161\u00ed."}],"simplebeez_heading_h2_title":"Va\u0161e benefity","simplebeez_our_features_heading_h2":"","simplebeez_our_features_field_title":"","simplebeez_our_features_box_group":[],"simplebeez_our_features_and_more_field_title":"","simplebeez_faq_title":"","simplebeez_faq_box_group":[],"simplebeez_carrers_title":"","simplebeez_carrers_subtitle":"","simplebeez_carrers_description":"","simplebeez_carrers_blockquet_right":"","simplebeez_carrers_title_jobs":"","simplebeez_carrers_group_jobs":[],"simplebeez_carrers_group_image_carousel":[],"simplebeez_carrers_group_benefits":[],"simplebeez_partners_group":[],"simplebeez_white_papers_group":[],"simplebeez_modal_title":"","simplebeez_modal_input_text":"","simplebeez_modal_valid_text":"","simplebeez_modal_checkbox_title":"","simplebeez_modal_btn_send":"","simplebeez_modal_btn_close":"","simplebeez_contact_us_contact_title":"","simplebeez_contact_us_open_hours_title":"","simplebeez_contact_us_open_hours_description":"","simplebeez_contact_us_title":"","simplebeez_contact_us_description":"","simplebeez_contact_us_group_image":[],"latest_blog_post_title":"Nejnov\u011bj\u0161\u00ed p\u0159\u00edsp\u011bvky","latest_blog_post_btn_text":"ZOBRAZIT V\u00cdCE"},"_links":{"self":[{"href":"https:\/\/www.simplebeez.com\/cs\/wp-json\/wp\/v2\/pages\/469","targetHints":{"allow":["GET"]}}],"collection":[{"href":"https:\/\/www.simplebeez.com\/cs\/wp-json\/wp\/v2\/pages"}],"about":[{"href":"https:\/\/www.simplebeez.com\/cs\/wp-json\/wp\/v2\/types\/page"}],"author":[{"embeddable":true,"href":"https:\/\/www.simplebeez.com\/cs\/wp-json\/wp\/v2\/users\/1"}],"replies":[{"embeddable":true,"href":"https:\/\/www.simplebeez.com\/cs\/wp-json\/wp\/v2\/comments?post=469"}],"version-history":[{"count":3,"href":"https:\/\/www.simplebeez.com\/cs\/wp-json\/wp\/v2\/pages\/469\/revisions"}],"predecessor-version":[{"id":780,"href":"https:\/\/www.simplebeez.com\/cs\/wp-json\/wp\/v2\/pages\/469\/revisions\/780"}],"up":[{"embeddable":true,"href":"https:\/\/www.simplebeez.com\/cs\/wp-json\/wp\/v2\/pages\/504"}],"wp:attachment":[{"href":"https:\/\/www.simplebeez.com\/cs\/wp-json\/wp\/v2\/media?parent=469"}],"curies":[{"name":"wp","href":"https:\/\/api.w.org\/{rel}","templated":true}]}}