{"id":467,"date":"2023-06-01T13:18:28","date_gmt":"2023-06-01T11:18:28","guid":{"rendered":"https:\/\/simplebeez.com\/transakcni-parovani\/"},"modified":"2023-09-07T10:39:26","modified_gmt":"2023-09-07T08:39:26","slug":"transaction-matching","status":"publish","type":"page","link":"https:\/\/www.simplebeez.com\/cs\/financial-close\/transaction-matching\/","title":{"rendered":"Transak\u010dn\u00ed p\u00e1rov\u00e1n\u00ed"},"content":{"rendered":"","protected":false},"excerpt":{"rendered":"","protected":false},"author":1,"featured_media":0,"parent":475,"menu_order":2,"comment_status":"closed","ping_status":"closed","template":"","meta":{"footnotes":""},"class_list":["post-467","page","type-page","status-publish","hentry"],"meta_box":{"simplebeez_hero_title":"","simplebeez_hero_subtitle":"","simplebeez_hero_btn_text":"","simplebeez_hero_btn_url":"","simplebeez_hero_btn_image_left":[],"simplebeez_hero_btn_image_right":[],"simplebeez_cta_field_title":"","simplebeez_cta_field_subtitle":"","simplebeez_cta_field_btntext":"","simplebeez_cta_field_btn_url":"","radio":"","simplebeez_who_we_are_field_title":"","simplebeez_who_we_are_field_description":"","simplebeez_who_we_are_field_text_btn":"","simplebeez_who_we_are_field_btn_link":"","simplebeez_who_we_are_field_images":[],"simplebeez_our_services_title":"","simplebeez_our_services_box_group":[],"simplebeez_company_number_title":"","simplebeez_company_number_description":"","simplebeez_company_number_btn_text":"","simplebeez_company_number_btn_link":"","simplebeez_company_number_group":[],"simplebeez_header_image":[],"simplebeez_tiles_group":[],"simplebeez_contact_form_title":"","simplebeez_contact_form_description":"","simplebeez_solution_first_section_title":"Akcelerujte z\u00e1v\u011brku s automatick\u00fdm transak\u010dn\u00edm p\u00e1rov\u00e1n\u00edm","simplebeez_solution_first_section_description":"<p>P\u00e1rov\u00e1n\u00ed transakc\u00ed je proces shroma\u017e\u010fov\u00e1n\u00ed a p\u00e1rov\u00e1n\u00ed velk\u00fdch objem\u016f transakc\u00ed (ze dvou nebo v\u00edce zdroj\u016f), identifikace a \u0159e\u0161en\u00ed p\u00e1rovac\u00edch rozd\u00edl\u016f za \u00fa\u010delem zp\u0159esn\u011bn\u00ed a uzav\u0159en\u00ed z\u016fstatk\u016f na konci obdob\u00ed a dokon\u010den\u00ed finan\u010dn\u00ed z\u00e1v\u011brky skupiny. Efektivita tohoto procesu jako takov\u00e1 m\u00e1 p\u0159\u00edm\u00fd dopad na rychlost, p\u0159esnost a d\u016fv\u011bru ve finan\u010dn\u00ed v\u00fdkazy. Mezi b\u011b\u017en\u00e9 p\u0159\u00edklady p\u0159\u00edpad\u016f pou\u017eit\u00ed p\u00e1rov\u00e1n\u00ed transakc\u00ed pat\u0159\u00ed oblasti jako je p\u00e1rov\u00e1n\u00ed bankovn\u00edch v\u00fdpis\u016f s pen\u011b\u017en\u00edmi \u00fa\u010dty hlavn\u00ed knihy nebo p\u00e1rov\u00e1n\u00ed transakc\u00ed ve skupin\u011b na \u00farovni faktury\/transakce.<\/p>\n<p>Vzhledem k objemu transakc\u00ed, kter\u00e9 mus\u00ed b\u00fdt sp\u00e1rov\u00e1ny a odsouhlaseny, m\u016f\u017ee b\u00fdt p\u00e1rov\u00e1n\u00ed transakc\u00ed obzvl\u00e1\u0161t\u011b n\u00e1ro\u010dn\u00e9 pro organizace, kter\u00e9 p\u0159i \u0159\u00edzen\u00ed procesu spol\u00e9haj\u00ed na Microsoft Excel a manu\u00e1ln\u00ed pr\u00e1ci.<\/p>\n","simplebeez_solution_first_section_sub_description":"<p>Poskytujeme \u0159e\u0161en\u00ed, kter\u00e1 jsou schopna z\u00edskat transak\u010dn\u00ed data z v\u00edce zdroj\u016f, automatizovat p\u00e1rov\u00e1n\u00ed velk\u00fdch objem\u016f transakc\u00ed a pot\u00e9 identifikovat nesp\u00e1rovan\u00e9 transakce pro prioritn\u00ed \u0159e\u0161en\u00ed. Krit\u00e9ria p\u00e1rov\u00e1n\u00ed by byla definov\u00e1na a stanovena jako p\u0159ednastaven\u00fd proces \u0159\u00edzen\u00fd pravidly, iniciovan\u00fd bu\u010f jako sou\u010d\u00e1st \u00fakol\u016f v r\u00e1mci skupinov\u00e9 z\u00e1v\u011brky \u010di je\u0161t\u011b p\u0159ed n\u00ed.<\/p>\n<p>Vyu\u017e\u00edv\u00e1me jak na\u0161e funk\u010dn\u00ed odborn\u00e9 znalosti, tak metodologii a \u0159e\u0161en\u00ed pro p\u00e1rov\u00e1n\u00ed transakc\u00ed od OneStream a p\u0159izp\u016fsobujeme je va\u0161im specifick\u00fdm pot\u0159eb\u00e1m a DNA.<\/p>\n","simplebeez_solution_first_section_images":[{"width":285,"height":150,"file":"2023\/07\/137594729_l_normal_none.jpg","filesize":139695,"sizes":{"medium":{"file":"137594729_l_normal_none-471x300.jpg","width":471,"height":300,"mime-type":"image\/jpeg","filesize":34964,"url":"https:\/\/www.simplebeez.com\/wp-content\/uploads\/2023\/07\/137594729_l_normal_none-471x300.jpg"},"thumbnail":{"file":"137594729_l_normal_none-285x150.jpg","width":285,"height":150,"mime-type":"image\/jpeg","filesize":12541,"url":"https:\/\/www.simplebeez.com\/wp-content\/uploads\/2023\/07\/137594729_l_normal_none-285x150.jpg"},"medium_large":{"file":"137594729_l_normal_none-768x489.jpg","width":768,"height":489,"mime-type":"image\/jpeg","filesize":76387,"url":"https:\/\/www.simplebeez.com\/wp-content\/uploads\/2023\/07\/137594729_l_normal_none-768x489.jpg"}},"image_meta":{"aperture":"0","credit":"","camera":"","caption":"","created_timestamp":"0","copyright":"","focal_length":"0","iso":"0","shutter_speed":"0","title":"","orientation":"0","keywords":[]},"ID":"437","name":"137594729_l_normal_none.jpg","path":"\/home\/simplebeezcom\/public_html\/wp-content\/uploads\/2023\/07\/137594729_l_normal_none.jpg","url":"https:\/\/www.simplebeez.com\/wp-content\/uploads\/2023\/07\/137594729_l_normal_none-285x150.jpg","full_url":"https:\/\/www.simplebeez.com\/wp-content\/uploads\/2023\/07\/137594729_l_normal_none.jpg","title":"137594729_l_normal_none","caption":"","description":"","alt":"","srcset":false}],"simplebeez_image_boxes_heading_h2":"Transak\u010dn\u00ed p\u00e1rov\u00e1n\u00ed v kostce","simplebeez_image_boxes_group":[{"simplebeez_image_boxes_field_image":["314"],"simplebeez_image_boxes_field_title":"Oboustrann\u00fd pohled na Transakce pro Validaci","simplebeez_image_boxes_field_description":"v\u010d. 1 : 1, 1 : mnoho, mnoho : 1 nebo mnoho : mnoho p\u00e1rovac\u00edch krit\u00e9ri\u00ed a p\u0159i\u0159aditeln\u00fdch \"reason\" k\u00f3d\u016f"},{"simplebeez_image_boxes_field_image":["315"],"simplebeez_image_boxes_field_title":"P\u0159ehled nad P\u00e1rov\u00e1n\u00edm v Re\u00e1ln\u00e9m \u010case","simplebeez_image_boxes_field_description":"umo\u017e\u0148uj\u00edc\u00ed procesn\u00edm vlastn\u00edk\u016fm \u0159\u00eddit proces a rychle identifikovat a \u0159e\u0161it problematick\u00e9 oblasti"}],"simplebeez_navigation_tabs_group":[],"simplebeez_heading_h2_title":"","simplebeez_our_features_heading_h2":"Co je k dispozici Out-of-the Box","simplebeez_our_features_field_title":"Kl\u00ed\u010dov\u00e9 vlastnosti","simplebeez_our_features_box_group":[{"simplebeez_our_features_box_title":"Mo\u017enosti p\u00e1rovat transakce z r\u016fzn\u00fdch zdrojov\u00fdch syst\u00e9m\u016f","simplebeez_our_features_box_description":"umo\u017e\u0148uj\u00edc\u00ed importovat a transformovat transak\u010dn\u00ed data z r\u016fzn\u00fdch zdroj\u016f a p\u00e1rovat je v jednotn\u00e9m form\u00e1tu"},{"simplebeez_our_features_box_title":"Podpora pro interco transak\u010dn\u00ed p\u00e1rov\u00e1n\u00ed ve skupin\u011b","simplebeez_our_features_box_description":"poskytuj\u00edc\u00ed vysokou flexibilitu p\u00e1rovac\u00edch krit\u00e9ri\u00ed v\u010d. transak\u010dn\u00edho typu, atribut\u016f, m\u011bn nebo \u00fa\u010dty skupiny"},{"simplebeez_our_features_box_title":"Flexibiln\u00ed krit\u00e9ria p\u00e1rov\u00e1n\u00ed zalo\u017een\u00e1 na automatick\u00fdch pravidlech","simplebeez_our_features_box_description":"nastavuj\u00edc\u00ed vlastn\u00ed pravidla systematick\u00e9ho p\u00e1rov\u00e1n\u00ed automatizuj\u00edc\u00ed proces rekonciliace a p\u00e1rov\u00e1n\u00ed"},{"simplebeez_our_features_box_title":"Schopnost drillovat na zdrojov\u00e1 transak\u010dn\u00ed data","simplebeez_our_features_box_description":"poskytuj\u00edc\u00ed v\u00fdrazn\u011b vy\u0161\u0161\u00ed vhled a kontrolu transak\u010dn\u00edch dat pro rychlej\u0161\u00ed z\u00e1v\u011brku"},{"simplebeez_our_features_box_title":"Konfigurovateln\u00e9 workflow a u\u017eivatelsk\u00e1 pr\u00e1va","simplebeez_our_features_box_description":"zaji\u0161\u0165uj\u00edc\u00ed flexibilitu p\u0159i organizaci p\u0159\u00edstup\u016f a segregace rol\u00ed, aby odpov\u00eddaly va\u0161\u00ed organiza\u010dn\u00ed strategii"},{"simplebeez_our_features_box_title":"Pln\u00e1 integrace s \u0159e\u0161en\u00edm z\u00e1v\u011brky & konsolidace","simplebeez_our_features_box_description":"odstran\u011bn\u00ed pot\u0159eby fragmentovat va\u0161e procesy a rychl\u00e9 zefektivn\u011bn\u00ed cel\u00e9ho z\u00e1v\u011brkov\u00e9ho cyklu"}],"simplebeez_our_features_and_more_field_title":"... a mnoho dal\u0161\u00edch","simplebeez_faq_title":"\u010casto kladen\u00e9 dotazy","simplebeez_faq_box_group":[{"simplebeez_faq_box_title":"Jak\u00e9 jsou hlavn\u00ed v\u00fdhody zefektivn\u011bn\u00ed procesu p\u00e1rov\u00e1n\u00ed a rekonciliace transakc\u00ed?","simplebeez_faq_box_description":"Na\u0161\u00edm prim\u00e1rn\u00edm c\u00edlem je pomoci va\u0161im lidem omezit manu\u00e1ln\u00ed opakuj\u00edc\u00ed se \u010dinnosti s velk\u00fdm objemem a umo\u017enit jejich posun k \u010dinnostem s v\u011bt\u0161\u00ed p\u0159idanou hodnotou. Benefitem je pak v\u00fdrazn\u00e9 zp\u0159esn\u011bn\u00ed a urychlen\u00ed skupinov\u00e9 z\u00e1v\u011brky, motivace lidi a mnohdy sn\u00ed\u017een\u00ed odpis\u016f nevysv\u011btlen\u00fdch rozd\u00edl\u016f ve va\u0161em skupinov\u00e9m reportingu."},{"simplebeez_faq_box_title":"Lze \u0159e\u0161en\u00ed pro p\u00e1rov\u00e1n\u00ed transakc\u00ed implementovat jako samostatnou aplikaci?","simplebeez_faq_box_description":"Ano. M\u016f\u017ee b\u00fdt implementov\u00e1no jako samostatn\u00e9 \u0159e\u0161en\u00ed, nicm\u00e9n\u011b ve v\u011bt\u0161in\u011b p\u0159\u00edpad\u016f je \u0159e\u0161en\u00ed nasazov\u00e1no jako sou\u010d\u00e1st \u0161ir\u0161\u00edho projektu digitalizace z\u00e1v\u011brky a konsolidace, proto\u017ee v\u011b\u0159\u00edme, \u017ee skute\u010dn\u00e1 p\u0159idan\u00e1 hodnota p\u0159ich\u00e1z\u00ed se sjednocen\u00edm aktivit v r\u00e1mci z\u00e1v\u011brky a ne jeho fragmentaci co se procesn\u00edho \u010di technologick\u00e9ho hlediska t\u00fd\u010de."}],"simplebeez_carrers_title":"","simplebeez_carrers_subtitle":"","simplebeez_carrers_description":"","simplebeez_carrers_blockquet_right":"","simplebeez_carrers_title_jobs":"","simplebeez_carrers_group_jobs":[],"simplebeez_carrers_group_image_carousel":[],"simplebeez_carrers_group_benefits":[],"simplebeez_partners_group":[],"simplebeez_white_papers_group":[],"simplebeez_modal_title":"","simplebeez_modal_input_text":"","simplebeez_modal_valid_text":"","simplebeez_modal_checkbox_title":"","simplebeez_modal_btn_send":"","simplebeez_modal_btn_close":"","simplebeez_contact_us_contact_title":"","simplebeez_contact_us_open_hours_title":"","simplebeez_contact_us_open_hours_description":"","simplebeez_contact_us_title":"","simplebeez_contact_us_description":"","simplebeez_contact_us_group_image":[],"latest_blog_post_title":"","latest_blog_post_btn_text":""},"_links":{"self":[{"href":"https:\/\/www.simplebeez.com\/cs\/wp-json\/wp\/v2\/pages\/467","targetHints":{"allow":["GET"]}}],"collection":[{"href":"https:\/\/www.simplebeez.com\/cs\/wp-json\/wp\/v2\/pages"}],"about":[{"href":"https:\/\/www.simplebeez.com\/cs\/wp-json\/wp\/v2\/types\/page"}],"author":[{"embeddable":true,"href":"https:\/\/www.simplebeez.com\/cs\/wp-json\/wp\/v2\/users\/1"}],"replies":[{"embeddable":true,"href":"https:\/\/www.simplebeez.com\/cs\/wp-json\/wp\/v2\/comments?post=467"}],"version-history":[{"count":3,"href":"https:\/\/www.simplebeez.com\/cs\/wp-json\/wp\/v2\/pages\/467\/revisions"}],"predecessor-version":[{"id":772,"href":"https:\/\/www.simplebeez.com\/cs\/wp-json\/wp\/v2\/pages\/467\/revisions\/772"}],"up":[{"embeddable":true,"href":"https:\/\/www.simplebeez.com\/cs\/wp-json\/wp\/v2\/pages\/475"}],"wp:attachment":[{"href":"https:\/\/www.simplebeez.com\/cs\/wp-json\/wp\/v2\/media?parent=467"}],"curies":[{"name":"wp","href":"https:\/\/api.w.org\/{rel}","templated":true}]}}