{"id":465,"date":"2023-06-01T13:18:53","date_gmt":"2023-06-01T11:18:53","guid":{"rendered":"https:\/\/simplebeez.com\/rozsirene-planovani-budgeting\/planovani-rozpoctovani-forecasting\/"},"modified":"2023-09-06T11:34:20","modified_gmt":"2023-09-06T09:34:20","slug":"planning-budgeting-forecasting","status":"publish","type":"page","link":"https:\/\/www.simplebeez.com\/cs\/rozsirene-planovani-budgeting\/planning-budgeting-forecasting\/","title":{"rendered":"Pl\u00e1nov\u00e1n\u00ed, rozpo\u010dtov\u00e1n\u00ed &#038; forecasting"},"content":{"rendered":"","protected":false},"excerpt":{"rendered":"","protected":false},"author":1,"featured_media":0,"parent":464,"menu_order":1,"comment_status":"closed","ping_status":"closed","template":"","meta":{"footnotes":""},"class_list":["post-465","page","type-page","status-publish","hentry"],"meta_box":{"simplebeez_hero_title":"","simplebeez_hero_subtitle":"","simplebeez_hero_btn_text":"","simplebeez_hero_btn_url":"","simplebeez_hero_btn_image_left":[],"simplebeez_hero_btn_image_right":[],"simplebeez_cta_field_title":"","simplebeez_cta_field_subtitle":"","simplebeez_cta_field_btntext":"","simplebeez_cta_field_btn_url":"","radio":"","simplebeez_who_we_are_field_title":"","simplebeez_who_we_are_field_description":"","simplebeez_who_we_are_field_text_btn":"","simplebeez_who_we_are_field_btn_link":"","simplebeez_who_we_are_field_images":[],"simplebeez_our_services_title":"","simplebeez_our_services_box_group":[],"simplebeez_company_number_title":"","simplebeez_company_number_description":"","simplebeez_company_number_btn_text":"","simplebeez_company_number_btn_link":"","simplebeez_company_number_group":[],"simplebeez_header_image":[],"simplebeez_tiles_group":[],"simplebeez_contact_form_title":"","simplebeez_contact_form_description":"","simplebeez_solution_first_section_title":"Organiza\u010dn\u00ed pl\u00e1nov\u00e1n\u00ed s podporou CPM modernizuj\u00edc\u00ed provozn\u00ed a finan\u010dn\u00ed pl\u00e1nov\u00e1n\u00ed","simplebeez_solution_first_section_description":"<p>Mnoho i velk\u00fdch organizac\u00ed st\u00e1le prov\u00e1d\u00ed rozpo\u010dtov\u00e1n\u00ed nebo progn\u00f3zov\u00e1n\u00ed p\u0159ev\u00e1\u017en\u011b v des\u00edtk\u00e1ch excelov\u00fdch tabulek. Metodiky pl\u00e1nov\u00e1n\u00ed neb\u00fdvaj\u00ed standardizovan\u011bj\u0161\u00ed, pl\u00e1ny se sestavuj\u00ed typicky maxim\u00e1ln\u011b \u010dtvrtletn\u011b a postr\u00e1daj\u00ed logick\u00e9 systematick\u00e9 vztahy mezi obchodn\u00edmi a provozn\u00edmi v\u00fdhledy a pl\u00e1ny a jejich finan\u010dn\u00edmi dopady. Tak\u00e9 kv\u016fli t\u00e9to z\u00e1vislosti na tabulkov\u00fdch procesorech se vy\u0161\u0161\u00ed management \u010dasto zam\u011b\u0159uje p\u0159ev\u00e1\u017en\u011b jen na m\u011bs\u00ed\u010dn\u00ed v\u00fdkaz zisku a ztr\u00e1t, pl\u00e1ny ziskovosti a alokace n\u00e1klad\u016f po odd\u011blen\u00edch.<\/p>\n<p>Fragmentovan\u00e9 neintegrovan\u00e9 pl\u00e1nov\u00e1n\u00ed m\u016f\u017ee v\u00e9st ke ztr\u00e1t\u011b p\u0159\u00edle\u017eitost\u00ed, nadm\u011brn\u00fdm n\u00e1klad\u016fm a \u0161patn\u00e9 spolupr\u00e1ci v r\u00e1mci odd\u011blen\u00ed. V kone\u010dn\u00e9m d\u016fsledku maj\u00ed l\u00edd\u0159i hor\u0161\u00ed pozici pro p\u0159ij\u00edm\u00e1n\u00ed z\u00e1sadn\u00edch obchodn\u00edch rozhodnut\u00ed, pokud nemaj\u00ed \u00fapln\u00e1, p\u0159esn\u00e1 a v\u010dasn\u00e1 data.<\/p>\n<p>P\u0159in\u00e1\u0161\u00edme inovativn\u00ed metodiky a umo\u017e\u0148ujeme organizac\u00edm zav\u00e9st modern\u00ed procesy FP&amp;A. A nejen to. Na\u0161e \u0159e\u0161en\u00ed umo\u017e\u0148uj\u00ed organizac\u00edm zav\u00e9st inovativn\u00ed mo\u017enosti pl\u00e1nov\u00e1n\u00ed s vyu\u017eit\u00edm CPM a vytv\u00e1\u0159et hodnotu prost\u0159ednictv\u00edm v\u00fdrazn\u011b efektivn\u011bj\u0161\u00edm vhled\u016fm do byznysu a mnohem lep\u0161\u00ed spolupr\u00e1ce.<\/p>\n","simplebeez_solution_first_section_sub_description":"<p>Celkov\u011b lze \u0159\u00edci, \u017ee implementace OneStream CPM, zaveden\u00ed proces\u016f xP&amp;A a digitalizace finan\u010dn\u00edch a provozn\u00edch pl\u00e1n\u016f, nab\u00edz\u00ed organiza\u010dn\u00ed v\u00fdhody, jako je lep\u0161\u00ed rozhodov\u00e1n\u00ed, p\u0159esnost pl\u00e1nov\u00e1n\u00ed, efektivn\u011bj\u0161\u00ed procesy, zv\u00fd\u0161en\u00e1 spolupr\u00e1ce, agilita, sledov\u00e1n\u00ed v\u00fdkonu, dodr\u017eov\u00e1n\u00ed p\u0159edpis\u016f a datov\u011b orientovanou analytiku. Tyto v\u00fdhody umo\u017e\u0148uj\u00ed organizac\u00edm \u0159\u00eddit obchodn\u00ed r\u016fst, optimalizovat v\u00fdkon a udr\u017eet si konkurenceschopnost v rychle se vyv\u00edjej\u00edc\u00edm obchodn\u00edm prost\u0159ed\u00ed.<\/p>\n","simplebeez_solution_first_section_images":[{"width":285,"height":150,"file":"2023\/07\/Untitled2.jpg","filesize":186545,"sizes":{"medium":{"file":"Untitled2-471x300.jpg","width":471,"height":300,"mime-type":"image\/jpeg","filesize":28773,"url":"https:\/\/www.simplebeez.com\/wp-content\/uploads\/2023\/07\/Untitled2-471x300.jpg"},"thumbnail":{"file":"Untitled2-285x150.jpg","width":285,"height":150,"mime-type":"image\/jpeg","filesize":11452,"url":"https:\/\/www.simplebeez.com\/wp-content\/uploads\/2023\/07\/Untitled2-285x150.jpg"},"medium_large":{"file":"Untitled2-768x489.jpg","width":768,"height":489,"mime-type":"image\/jpeg","filesize":58643,"url":"https:\/\/www.simplebeez.com\/wp-content\/uploads\/2023\/07\/Untitled2-768x489.jpg"}},"image_meta":{"aperture":"0","credit":"","camera":"","caption":"","created_timestamp":"0","copyright":"","focal_length":"0","iso":"0","shutter_speed":"0","title":"","orientation":"0","keywords":[]},"ID":"440","name":"Untitled2.jpg","path":"\/home\/simplebeezcom\/public_html\/wp-content\/uploads\/2023\/07\/Untitled2.jpg","url":"https:\/\/www.simplebeez.com\/wp-content\/uploads\/2023\/07\/Untitled2-285x150.jpg","full_url":"https:\/\/www.simplebeez.com\/wp-content\/uploads\/2023\/07\/Untitled2.jpg","title":"Untitled2","caption":"","description":"","alt":"","srcset":false}],"simplebeez_image_boxes_heading_h2":"Co je k dispozici Out-of-the Box","simplebeez_image_boxes_group":[{"simplebeez_image_boxes_field_image":["318"],"simplebeez_image_boxes_field_title":"Driver-based Modelov\u00e1n\u00ed Sc\u00e9n\u00e1\u0159\u016f","simplebeez_image_boxes_field_description":"umo\u017e\u0148uj\u00edc\u00ed v\u00e1m rychle vyhodnotit dopady kl\u00ed\u010dov\u00fdch rozhodnut\u00ed \u010di \"driver\u016f\" a porovnat je"},{"simplebeez_image_boxes_field_image":["320"],"simplebeez_image_boxes_field_title":"Verzov\u00e1n\u00ed Pl\u00e1n\u016f v\u010d. ukl\u00e1dan\u00fdch Reviz\u00ed ","simplebeez_image_boxes_field_description":"co\u017e v\u00e1m umo\u017en\u00ed dob\u0159e porozum\u011bt tomu, co se zm\u011bnilo a pro\u010d, a vybrat si mezi verzemi pl\u00e1n\u016f"},{"simplebeez_image_boxes_field_image":["321"],"simplebeez_image_boxes_field_title":"Prediktivn\u00ed Modelov\u00e1n\u00ed","simplebeez_image_boxes_field_description":"nasazuj\u00edc\u00ed r\u016fzn\u00e9 prediktivn\u00ed metody na podporu va\u0161ich opera\u010dn\u00edch pl\u00e1n\u016f"},{"simplebeez_image_boxes_field_image":["322"],"simplebeez_image_boxes_field_title":"Integrovan\u00e9 Pl\u00e1nov\u00e1n\u00ed Prodej\u016f & V\u00fdnos\u016f","simplebeez_image_boxes_field_description":"spolehliv\u00e9 modelov\u00e1n\u00ed r\u016fzn\u00fdch sc\u00e9n\u00e1\u0159\u016f prodejn\u00edho mixu a souvisej\u00edc\u00edch v\u00fdnos\u016f"},{"simplebeez_image_boxes_field_image":["324"],"simplebeez_image_boxes_field_title":"Klouzav\u00e9 Pl\u00e1nov\u00e1n\u00ed","simplebeez_image_boxes_field_description":"umo\u017e\u0148uj\u00edc\u00ed rychl\u00e9 p\u0159\u00edpravy klouzav\u00e9ho pl\u00e1nu v\u010d. integrace na Actuals"},{"simplebeez_image_boxes_field_image":["325"],"simplebeez_image_boxes_field_title":"Flexibiln\u00ed Alokace n\u00e1klad\u016f & Costing","simplebeez_image_boxes_field_description":"automatizuj\u00edc\u00ed po\u017eadovan\u00e9 smyslupln\u00e9 alokace n\u00e1klad\u016f v r\u00e1mci jak\u00e9hokoli sc\u00e9n\u00e1\u0159e pl\u00e1nov\u00e1n\u00ed"}],"simplebeez_navigation_tabs_group":[],"simplebeez_heading_h2_title":"","simplebeez_our_features_heading_h2":"Na\u0161e nab\u00eddka pl\u00e1novac\u00edch \u0159e\u0161en\u00ed","simplebeez_our_features_field_title":"Kl\u00ed\u010dov\u00e9 vlastnosti","simplebeez_our_features_box_group":[{"simplebeez_our_features_box_title":"Dlouhodob\u00e9 strategick\u00e9 pl\u00e1nov\u00e1n\u00ed","simplebeez_our_features_box_description":"umo\u017e\u0148uj\u00edc\u00ed v\u00e1m sestavit strategick\u00e9 opera\u010dn\u00ed pl\u00e1ny a sm\u011b\u0159ov\u00e1n\u00ed"},{"simplebeez_our_features_box_title":"Top-down nastavov\u00e1n\u00ed c\u00edl\u016f rozpo\u010dtov\u00e1n\u00ed","simplebeez_our_features_box_description":"usnad\u0148uj\u00ed nastaven\u00ed c\u00edl\u016f obchodn\u00edch jednotek \u010di OpCo z pl\u00e1n\u016f nejvy\u0161\u0161\u00ed \u00farovn\u011b"},{"simplebeez_our_features_box_title":"Finan\u010dn\u00ed pl\u00e1nov\u00e1n\u00ed, rozpo\u010dtov\u00e1n\u00ed & forecasting","simplebeez_our_features_box_description":"zav\u00e1d\u011bj\u00edc\u00ed automatizaci, verzov\u00e1n\u00ed, vhled do byznysu a p\u0159esnost"},{"simplebeez_our_features_box_title":"Klouzav\u00e9 pl\u00e1nov\u00e1n\u00ed","simplebeez_our_features_box_description":"umo\u017e\u0148uj\u00edc\u00ed p\u0159echod na pr\u016fb\u011b\u017en\u00e9 klouzav\u00e9 pl\u00e1nov\u00e1n\u00ed reflektuj\u00edc\u00ed zm\u011bny v okolnostech"},{"simplebeez_our_features_box_title":"Pl\u00e1nov\u00e1n\u00ed hotovostn\u00edch tok\u016f","simplebeez_our_features_box_description":"modelov\u00e1n\u00ed cash pohyb\u016f pro zaji\u0161t\u011bn\u00ed likvidity"},{"simplebeez_our_features_box_title":"Pl\u00e1nov\u00e1n\u00ed prodej\u016f & v\u00fdnos\u016f","simplebeez_our_features_box_description":"sjednocuj\u00edc\u00ed v\u00fdhledy prodej\u016f a souvisej\u00edc\u00ed fina\u010dn\u00ed v\u00fdkonnosti"},{"simplebeez_our_features_box_title":"Pl\u00e1nov\u00e1n\u00ed CapEx & OpEx","simplebeez_our_features_box_description":"umo\u017e\u0148uj\u00edc\u00ed v\u00e1m pl\u00e1novat r\u016fzn\u00e9 typy v\u00fddaj\u016f a investic"},{"simplebeez_our_features_box_title":"Pl\u00e1nov\u00e1n\u00ed lidsk\u00fdch zdroj\u016f","simplebeez_our_features_box_description":"integrovan\u00e9 detailn\u00ed pl\u00e1nov\u00e1n\u00ed ucelen\u00e9 HR agendy"},{"simplebeez_our_features_box_title":"Produktov\u00fd costing & alokace n\u00e1klad\u016f","simplebeez_our_features_box_description":"umo\u017e\u0148uj\u00edc\u00ed alokace p\u0159\u00edm\u00fdch a nep\u0159\u00edm\u00fdch n\u00e1klad\u016f na b\u00e1zi pravidel a kalkulac\u00ed"},{"simplebeez_our_features_box_title":"Multi-currency varian\u010dn\u00ed anal\u00fdzy","simplebeez_our_features_box_description":"aplikuj\u00edc\u00ed r\u016fzn\u00e9 FX typy pro srovn\u00e1n\u00ed sc\u00e9n\u00e1\u0159\u016f \"like-for-like\""}],"simplebeez_our_features_and_more_field_title":"... a mnoho dal\u0161\u00edch","simplebeez_faq_title":"\u010casto kladen\u00e9 ot\u00e1zky","simplebeez_faq_box_group":[{"simplebeez_faq_box_title":"Jak\u00fd p\u0159\u00ednos m\u00e1 pro na\u0161i organizaci p\u0159echod od sou\u010dasn\u00e9ho \"omezen\u00e9ho\" pl\u00e1nov\u00e1n\u00ed zalo\u017een\u00e9ho na Excel tabulk\u00e1ch k va\u0161im \u0159e\u0161en\u00edm?","simplebeez_faq_box_description":"Integrac\u00ed finan\u010dn\u00edch a provozn\u00edch pl\u00e1n\u016f do OneStream CPM organizace z\u00edskaj\u00ed holistick\u00fd pohled na sv\u016fj v\u00fdkon a mohou \u010dinit informovan\u011bj\u0161\u00ed rozhodnut\u00ed. Digitalizace pl\u00e1n\u016f umo\u017e\u0148uje p\u0159\u00edstup k dat\u016fm v re\u00e1ln\u00e9m \u010dase, modelov\u00e1n\u00ed sc\u00e9n\u00e1\u0159\u016f a prediktivn\u00ed anal\u00fdzy, co\u017e umo\u017e\u0148uje lep\u0161\u00ed vhled do finan\u010dn\u00edch a provozn\u00edch d\u016fsledk\u016f r\u016fzn\u00fdch strategi\u00ed a akc\u00ed. Tato vylep\u0161en\u00e1 schopnost rozhodov\u00e1n\u00ed m\u016f\u017ee v\u00e9st k lep\u0161\u00edm obchodn\u00edm v\u00fdsledk\u016fm a agilit\u011b."},{"simplebeez_faq_box_title":"Jak n\u00e1m m\u016f\u017eete pomoci vy\u0159e\u0161it probl\u00e9m, kdy\u017e r\u016fzn\u00e9 t\u00fdmy nespolupracuj\u00ed nebo maj\u00ed r\u016fzn\u00e1 data pro na\u0161e pl\u00e1nov\u00e1n\u00ed?","simplebeez_faq_box_description":"S OneStream CPM se sna\u017e\u00edme umo\u017enit p\u0159esn\u00e9 pl\u00e1nov\u00e1n\u00ed t\u00edm, \u017ee organizac\u00edm umo\u017en\u00edme propojit finan\u010dn\u00ed pl\u00e1ny s opera\u010dn\u00edmi pl\u00e1ny. D\u00edky integraci finan\u010dn\u00edch a provozn\u00edch dat mohou organizace zajistit, aby jejich pl\u00e1ny byly realistick\u00e9, dosa\u017eiteln\u00e9 a konzistentn\u00ed. Toto propojen\u00ed pom\u00e1h\u00e1 p\u0159i identifikaci potenci\u00e1ln\u00edch mezer nebo oblast\u00ed zlep\u0161en\u00ed, optimalizaci alokace zdroj\u016f a zlep\u0161en\u00ed p\u0159esnosti pl\u00e1nov\u00e1n\u00ed. A co je nejd\u016fle\u017eit\u011bj\u0161\u00ed, na\u0161\u00edm c\u00edlem je propojit a p\u0159emostit va\u0161e funk\u010dn\u00ed t\u00fdmy do efektivn\u00ed spolupr\u00e1ce na jednom m\u00edst\u011b, abyste l\u00e9pe porozum\u011bli vz\u00e1jemn\u00fdm z\u00e1vislostem. Absence siln\u00e9ho integrovan\u00e9ho \u0159e\u0161en\u00ed vede k rozt\u0159\u00ed\u0161t\u011bn\u00e9mu procesu, kdy funk\u010dn\u00ed t\u00fdmy nespolupracuj\u00ed a vytv\u00e1\u0159\u00ed nadm\u011brn\u00e1 rizika pro celou organizaci."},{"simplebeez_faq_box_title":"Jak zjist\u00edm, zda jsou d\u00edl\u010d\u00ed komponenty pl\u00e1nov\u00e1n\u00ed vz\u00e1jemn\u011b v souladu?","simplebeez_faq_box_description":"Kvalita pl\u00e1n\u016f a p\u0159ijat\u00fdch rozhodnut\u00ed odr\u00e1\u017e\u00ed zp\u016fsob, jak\u00fdm lid\u00e9 spolupracuj\u00ed a jak\u00e9 n\u00e1stroje maj\u00ed pro smyslupln\u00e9 propojuj\u00ed jejich vstup\u016f. Umo\u017e\u0148ujeme spolupr\u00e1ci mezi r\u016fzn\u00fdmi t\u00fdmy a odd\u011blen\u00edmi zapojen\u00fdmi do pl\u00e1nov\u00e1n\u00ed a anal\u00fdzy. Na\u0161e \u0159e\u0161en\u00ed poskytuj\u00ed jednotnou platformu, kde mohou z\u00fa\u010dastn\u011bn\u00e9 strany spolupracovat, sd\u00edlet informace a p\u0159isp\u00edvat k procesu pl\u00e1nov\u00e1n\u00ed. Funkce pro spolupr\u00e1ci, jako je komentov\u00e1n\u00ed, p\u0159id\u011blov\u00e1n\u00ed \u00fakol\u016f a spr\u00e1va pracovn\u00edch postup\u016f (workflow), usnad\u0148uj\u00ed lep\u0161\u00ed koordinaci a slad\u011bn\u00ed, co\u017e vede k p\u0159esn\u011bj\u0161\u00edm a komplexn\u011bj\u0161\u00edm pl\u00e1n\u016fm."},{"simplebeez_faq_box_title":"I kdy\u017e bychom z\u00edskali pl\u00e1novac\u00ed \u0159e\u0161en\u00ed a zimplementovali, jak m\u016f\u017eeme usnadnit skute\u010dn\u00e9 v\u00fdkaznictv\u00ed a \u0159\u00edzen\u00ed v\u00fdkonu oproti pl\u00e1n\u016fm?","simplebeez_faq_box_description":"S OneStream CPM umo\u017e\u0148ujeme organizac\u00edm sledovat a vyhodnocovat v\u00fdkon oproti jejich pl\u00e1n\u016fm v re\u00e1ln\u00e9m \u010dase. D\u00edky integraci skute\u010dn\u00fdch finan\u010dn\u00edch a provozn\u00edch dat mohou organizace porovn\u00e1vat skute\u010dn\u00e9 hodnoty s pl\u00e1novan\u00fdmi c\u00edli, identifikovat odchylky a rychle p\u0159ij\u00edmat n\u00e1pravn\u00e1 opat\u0159en\u00ed. Toto vylep\u0161en\u00e9 sledov\u00e1n\u00ed v\u00fdkonu pom\u00e1h\u00e1 p\u0159i identifikaci trend\u016f, porozum\u011bn\u00ed d\u016fvodu skute\u010dn\u00e9ho v\u00fdkonu a podporuje kulturu odpov\u011bdnosti a neust\u00e1l\u00e9ho zlep\u0161ov\u00e1n\u00ed. Jde o unik\u00e1tn\u00ed schopnost platformy OneStream spravovat v\u0161echny z\u00e1kladn\u00ed procesy v r\u00e1mci jedin\u00e9 aplikace. V\u011bt\u0161ina z\u00e1kazn\u00edk\u016f po cel\u00e9m sv\u011bt\u011b vyu\u017e\u00edv\u00e1 OneStream pro Close & Consolidation, Management Reporting, Pl\u00e1nov\u00e1n\u00ed nebo pr\u016fb\u011b\u017en\u00fd Performance Management a porovn\u00e1v\u00e1n\u00ed s r\u016fzn\u00fdmi pl\u00e1ny."},{"simplebeez_faq_box_title":"Jak\u00fd je v\u00e1\u0161 p\u0159\u00edstup k poskytov\u00e1n\u00ed pl\u00e1novac\u00edch \u0159e\u0161en\u00ed?","simplebeez_faq_box_description":"SIMPLEBEEZ m\u00e1 velmi zku\u0161en\u00fd t\u00fdm se sm\u00ed\u0161en\u00fdmi dovednostmi v oblasti inovac\u00ed a nastavov\u00e1n\u00ed proces\u016f FP&A do organiza\u010dn\u00ed kultury a sou\u010dasn\u011b poskytov\u00e1n\u00ed modern\u00edch a intuitivn\u00edch \u0159e\u0161en\u00ed CPM. Ty umo\u017e\u0148uj\u00ed inovativn\u00ed p\u0159\u00edstupy digitalizovat a zefektiv\u0148uj\u00ed cel\u00fd proces. Ka\u017ed\u00fd projekt je t\u00fdmov\u00fdm \u00fasil\u00edm spolu s va\u0161imi lidmi a jsme odhodl\u00e1ni v\u00e1m pomoci usp\u011bt."}],"simplebeez_carrers_title":"","simplebeez_carrers_subtitle":"","simplebeez_carrers_description":"","simplebeez_carrers_blockquet_right":"","simplebeez_carrers_title_jobs":"","simplebeez_carrers_group_jobs":[],"simplebeez_carrers_group_image_carousel":[],"simplebeez_carrers_group_benefits":[],"simplebeez_partners_group":[],"simplebeez_white_papers_group":[],"simplebeez_modal_title":"","simplebeez_modal_input_text":"","simplebeez_modal_valid_text":"","simplebeez_modal_checkbox_title":"","simplebeez_modal_btn_send":"","simplebeez_modal_btn_close":"","simplebeez_contact_us_contact_title":"","simplebeez_contact_us_open_hours_title":"","simplebeez_contact_us_open_hours_description":"","simplebeez_contact_us_title":"","simplebeez_contact_us_description":"","simplebeez_contact_us_group_image":[],"latest_blog_post_title":"","latest_blog_post_btn_text":""},"_links":{"self":[{"href":"https:\/\/www.simplebeez.com\/cs\/wp-json\/wp\/v2\/pages\/465","targetHints":{"allow":["GET"]}}],"collection":[{"href":"https:\/\/www.simplebeez.com\/cs\/wp-json\/wp\/v2\/pages"}],"about":[{"href":"https:\/\/www.simplebeez.com\/cs\/wp-json\/wp\/v2\/types\/page"}],"author":[{"embeddable":true,"href":"https:\/\/www.simplebeez.com\/cs\/wp-json\/wp\/v2\/users\/1"}],"replies":[{"embeddable":true,"href":"https:\/\/www.simplebeez.com\/cs\/wp-json\/wp\/v2\/comments?post=465"}],"version-history":[{"count":5,"href":"https:\/\/www.simplebeez.com\/cs\/wp-json\/wp\/v2\/pages\/465\/revisions"}],"predecessor-version":[{"id":801,"href":"https:\/\/www.simplebeez.com\/cs\/wp-json\/wp\/v2\/pages\/465\/revisions\/801"}],"up":[{"embeddable":true,"href":"https:\/\/www.simplebeez.com\/cs\/wp-json\/wp\/v2\/pages\/464"}],"wp:attachment":[{"href":"https:\/\/www.simplebeez.com\/cs\/wp-json\/wp\/v2\/media?parent=465"}],"curies":[{"name":"wp","href":"https:\/\/api.w.org\/{rel}","templated":true}]}}