{"id":463,"date":"2023-06-01T13:19:16","date_gmt":"2023-06-01T11:19:16","guid":{"rendered":"https:\/\/simplebeez.com\/esg-reporting\/"},"modified":"2023-09-06T11:36:00","modified_gmt":"2023-09-06T09:36:00","slug":"esg-reporting","status":"publish","type":"page","link":"https:\/\/www.simplebeez.com\/cs\/esg\/esg-reporting\/","title":{"rendered":"ESG reporting"},"content":{"rendered":"","protected":false},"excerpt":{"rendered":"","protected":false},"author":1,"featured_media":0,"parent":549,"menu_order":1,"comment_status":"closed","ping_status":"closed","template":"","meta":{"footnotes":""},"class_list":["post-463","page","type-page","status-publish","hentry"],"meta_box":{"simplebeez_hero_title":"","simplebeez_hero_subtitle":"","simplebeez_hero_btn_text":"","simplebeez_hero_btn_url":"","simplebeez_hero_btn_image_left":[],"simplebeez_hero_btn_image_right":[],"simplebeez_cta_field_title":"","simplebeez_cta_field_subtitle":"","simplebeez_cta_field_btntext":"","simplebeez_cta_field_btn_url":"","radio":"","simplebeez_who_we_are_field_title":"","simplebeez_who_we_are_field_description":"","simplebeez_who_we_are_field_text_btn":"","simplebeez_who_we_are_field_btn_link":"","simplebeez_who_we_are_field_images":[],"simplebeez_our_services_title":"","simplebeez_our_services_box_group":[],"simplebeez_company_number_title":"","simplebeez_company_number_description":"","simplebeez_company_number_btn_text":"","simplebeez_company_number_btn_link":"","simplebeez_company_number_group":[],"simplebeez_header_image":[],"simplebeez_tiles_group":[],"simplebeez_contact_form_title":"","simplebeez_contact_form_description":"","simplebeez_solution_first_section_title":"ESG reporting a finan\u010dn\u00ed reporting v jedin\u00e9 aplikaci","simplebeez_solution_first_section_description":"<p>Vzhledem k tomu, \u017ee v\u00fdkaznictv\u00ed ESG p\u0159ech\u00e1z\u00ed z dobrovoln\u00e9ho na povinn\u00e9, bude to vy\u017eadovat podobn\u00e9 \u0159\u00edzen\u00ed, kontrolu, p\u0159esnost a auditovatelnost jako je standardem u finan\u010dn\u00edho v\u00fdkaznictv\u00ed. A proto\u017ee finan\u010dn\u00ed \u0159editel\u00e9 a finan\u010dn\u00ed t\u00fdmy pln\u011b ch\u00e1pou, jak \u0159\u00eddit kontrolu a p\u0159esnost ve finan\u010dn\u00edm v\u00fdkaznictv\u00ed, jsou tak\u00e9 nejvhodn\u011bj\u0161\u00ed pro dohled nad sb\u011brem, v\u00fdpo\u010dty, konsolidac\u00ed pro v\u00fdkaznictv\u00ed ESG.<\/p>\n<p>Metriky ESG budou vy\u017eadovat, aby byly vykazov\u00e1ny v p\u0159\u00edm\u00e9 souvislosti s \u00fadaji o finan\u010dn\u00ed v\u00fdkonnosti. Vzhledem k tomu, \u017ee se vlastnictv\u00ed proces\u016f sjednot\u00ed pod odpov\u011bdnost\u00ed CFO, na\u0161\u00edm c\u00edlem je poskytnout CFO \u0159e\u0161en\u00ed, kter\u00e1 jsou schopna p\u0159ekonat a \u0159\u00eddit tyto nov\u00e9 slo\u017eitosti v jedin\u00e9 vhodn\u00e9 aplikaci CPM.<\/p>\n<p>C\u00edlem na\u0161ich \u0159e\u0161en\u00ed je roz\u0161\u00ed\u0159it finan\u010dn\u00ed v\u00fdkaznictv\u00ed o nov\u00fd obsah a v\u00fdpo\u010dty souvisej\u00edc\u00ed s ESG a poskytnout organizaci jedin\u00fd zdroj pravdy v\u0161ech finan\u010dn\u00edch i nefinan\u010dn\u00edch dat.<\/p>\n","simplebeez_solution_first_section_sub_description":"<p>S na\u0161\u00edm technologick\u00fdm partnerem OneStream vyu\u017e\u00edv\u00e1me ESG Blueprint jako p\u0159edkonfiguraci aplikace OneStream, p\u016fvodn\u011b zam\u011b\u0159enou na podporu v\u00fdpo\u010dt\u016f uhl\u00edkov\u00e9 stopy ESG Scope 1 a 2, v\u010detn\u011b location nebo market metody. Dopl\u0148uje mo\u017enosti platformy o p\u0159edem vytvo\u0159enou konverzn\u00ed logiku pro v\u00fdpo\u010dty uhl\u00edku podle protokolu GreenHouse Gas (GHG). V oblastech soci\u00e1ln\u00ed (S) a Governance (G) na\u0161i odborn\u00edci dod\u00e1vaj\u00ed specifick\u00e9 roz\u0161\u00ed\u0159en\u00e9 modely nefinan\u010dn\u00edch dat v\u010d. po\u017eadovan\u00fdch pravidel a kalkulac\u00ed a c\u00edlem je zajistit propojen\u00ed mezi finan\u010dn\u00edm v\u00fdkaznictv\u00edm a v\u00fdkaznictv\u00edm ESG.<\/p>\n<p>ESG Blueprint je v\u00fdchoz\u00edm bodem pro realizaci projektu a n\u00e1\u0161 t\u00fdm se postar\u00e1 o spln\u011bn\u00ed va\u0161ich specifick\u00fdch po\u017eadavk\u016f v z\u00e1vislosti na va\u0161ich zdroj\u00edch dat, kvalit\u011b dat a vysp\u011blosti.<\/p>\n","simplebeez_solution_first_section_images":[{"width":285,"height":150,"file":"2023\/07\/2023-07-09_17-57-27.jpg","filesize":69624,"sizes":{"medium":{"file":"2023-07-09_17-57-27-577x300.jpg","width":577,"height":300,"mime-type":"image\/jpeg","filesize":29049,"url":"https:\/\/www.simplebeez.com\/wp-content\/uploads\/2023\/07\/2023-07-09_17-57-27-577x300.jpg"},"thumbnail":{"file":"2023-07-09_17-57-27-285x150.jpg","width":285,"height":150,"mime-type":"image\/jpeg","filesize":10822,"url":"https:\/\/www.simplebeez.com\/wp-content\/uploads\/2023\/07\/2023-07-09_17-57-27-285x150.jpg"},"medium_large":{"file":"2023-07-09_17-57-27-768x399.jpg","width":768,"height":399,"mime-type":"image\/jpeg","filesize":42185,"url":"https:\/\/www.simplebeez.com\/wp-content\/uploads\/2023\/07\/2023-07-09_17-57-27-768x399.jpg"}},"image_meta":{"aperture":"0","credit":"","camera":"","caption":"","created_timestamp":"0","copyright":"","focal_length":"0","iso":"0","shutter_speed":"0","title":"","orientation":"0","keywords":[]},"ID":"453","name":"2023-07-09_17-57-27.jpg","path":"\/home\/simplebeezcom\/public_html\/wp-content\/uploads\/2023\/07\/2023-07-09_17-57-27.jpg","url":"https:\/\/www.simplebeez.com\/wp-content\/uploads\/2023\/07\/2023-07-09_17-57-27-285x150.jpg","full_url":"https:\/\/www.simplebeez.com\/wp-content\/uploads\/2023\/07\/2023-07-09_17-57-27.jpg","title":"2023-07-09_17-57-27","caption":"","description":"","alt":"","srcset":false}],"simplebeez_image_boxes_heading_h2":"ESG reporting \u0159e\u0161en\u00ed v kostce","simplebeez_image_boxes_group":[{"simplebeez_image_boxes_field_image":["326"],"simplebeez_image_boxes_field_title":"ESG Blueprint Reporting & Dashboarding","simplebeez_image_boxes_field_description":"Poskytujeme v\u0161em z\u00fa\u010dastn\u011bn\u00fdm stran\u00e1m vizu\u00e1ln\u00ed drillovateln\u00e9 ESG reporty"},{"simplebeez_image_boxes_field_image":["329"],"simplebeez_image_boxes_field_title":"Konfigurovateln\u00e9 Datov\u00e9 Formul\u00e1\u0159e v\u010d. Konverzn\u00ed Kalkulace","simplebeez_image_boxes_field_description":"Poskytujeme reporty na m\u00edru s vestav\u011bn\u00fdmi v\u00fdpo\u010dty metrik a kalkula\u010dn\u00edmi pravidly"},{"simplebeez_image_boxes_field_image":["327"],"simplebeez_image_boxes_field_title":"Rozs\u00e1hl\u00e9 funkce dashboardingu a reportingov\u00fdch sestav","simplebeez_image_boxes_field_description":"Propojujeme ESG KPI s relevantn\u00edmi \u00fadaji o finan\u010dn\u00ed v\u00fdkonnosti na jednom m\u00edst\u011b"}],"simplebeez_navigation_tabs_group":[],"simplebeez_heading_h2_title":"","simplebeez_our_features_heading_h2":"Co je k dispozici Out-of-the Box","simplebeez_our_features_field_title":"Kl\u00ed\u010dov\u00e9 vlastnosti","simplebeez_our_features_box_group":[{"simplebeez_our_features_box_title":"P\u0159edkonfigurovan\u00e1 konverzn\u00ed logika pro v\u00fdpo\u010dty uhl\u00edkov\u00e9 stopy","simplebeez_our_features_box_description":"jako v\u00fdchoz\u00ed bod pro implementaci \u0159e\u0161en\u00ed"},{"simplebeez_our_features_box_title":"Podpora pro v\u00fdpo\u010dty ESG Scope 1 a 2 uhl\u00edkov\u00fdch kalkulac\u00ed","simplebeez_our_features_box_description":"zaji\u0161\u0165uj\u00edc\u00ed spolehlivost environment\u00e1ln\u00edho v\u00fdkaznictv\u00ed"},{"simplebeez_our_features_box_title":"\u0158\u00edzen\u00ed kvality dat jako nativn\u00ed sou\u010d\u00e1st OneStream CPM","simplebeez_our_features_box_description":"umo\u017e\u0148uj\u00edc\u00ed importovat, transformovat, zpracov\u00e1vat a reportovat nefinan\u010dn\u00ed data ve velk\u00fdch objemech"},{"simplebeez_our_features_box_title":"Funk\u010dnosti drill-down & drill-back","simplebeez_our_features_box_description":"posouvaj\u00edc\u00ed pou\u017eitelnost a auditovatelnost na jinou \u00farove\u0148 standardu pro ne-finan\u010dn\u00ed v\u00fdkaznictv\u00ed"},{"simplebeez_our_features_box_title":"Agregace & konsolidace ESG reportingu","simplebeez_our_features_box_description":"aplikuj\u00edc\u00ed konsolida\u010dn\u00ed pravidla v\u010d. eliminac\u00ed nebo v\u00fdpo\u010dt\u016f \u010d\u00e1ste\u010dn\u00e9ho vlastnictv\u00ed"},{"simplebeez_our_features_box_title":"Neomezen\u011b konfigurovateln\u00e9 dimenze a hierarchie","simplebeez_our_features_box_description":"roz\u0161i\u0159uj\u00edc\u00ed fina\u010dn\u00ed multi-dimenzion\u00e1ln\u00ed modely v\u010d. podpory GRI, SASB a jin\u00fdch reporting standard\u016f"},{"simplebeez_our_features_box_title":"Reporting & anal\u00fdzy propojen\u00e9 s finan\u010dn\u00edm reportingem","simplebeez_our_features_box_description":"zahrnuj\u00edc\u00ed ad-hoc reporting, cube views nebo kombinovan\u00fd dashboarding"},{"simplebeez_our_features_box_title":"Pl\u00e1nov\u00e1n\u00ed & forecasting ESG c\u00edl\u016f","simplebeez_our_features_box_description":"umo\u017e\u0148uj\u00edc\u00ed stanovov\u00e1n\u00ed c\u00edl\u016f a \u0159\u00edzen\u00ed skute\u010dn\u00e9 ESG v\u00fdkonnosti"}],"simplebeez_our_features_and_more_field_title":"... a mnoho dal\u0161\u00edch","simplebeez_faq_title":"\u010casto kladen\u00e9 dotazy","simplebeez_faq_box_group":[{"simplebeez_faq_box_title":"M\u016f\u017eete trochu v\u00edce rozv\u00e9st ESG Blueprint \u0159e\u0161en\u00ed?","simplebeez_faq_box_description":"ESG Blueprint je p\u0159edkonfigurovan\u00e9 \u0159e\u0161en\u00ed vyu\u017e\u00edvan\u00e9 jako v\u00fdchoz\u00ed bod implementace ESG reportingu. Je vyvinut\u00e9 spole\u010dnost\u00ed OneStream v \u00fazk\u00e9 spolupr\u00e1ci s partnery, kte\u0159\u00ed jsou odborn\u00edky na dan\u00e9 t\u00e9ma. \u00da\u010delem je urychlit dod\u00e1vky implementace ESG reportingu st\u00e1vaj\u00edc\u00edm i nov\u00fdm z\u00e1kazn\u00edk\u016fm, proto\u017ee popt\u00e1vka v\u00fdrazn\u011b roste v d\u016fsledku nov\u00fdch regulac\u00ed. B\u011bhem implementa\u010dn\u00edho projektu lze ESG Blueprint v\u00fdrazn\u011b roz\u0161\u00ed\u0159it, upravit a p\u0159izp\u016fsobit va\u0161im specifick\u00fdm pot\u0159eb\u00e1m. "},{"simplebeez_faq_box_title":"Co kdy\u017e ani nem\u00e1m k dispozici spolehliv\u00e1 data pro reporting?","simplebeez_faq_box_description":"Na\u0161e dod\u00e1vka ESG reportingov\u00e9ho \u0159e\u0161en\u00ed p\u0159edpokl\u00e1d\u00e1, \u017ee ji\u017e m\u00e1te nebo p\u0159ipravujete zdrojov\u00e1 data relevantn\u00ed pro ESG reporting a \u017ee m\u00e1te kontrolu nad zdrojov\u00fdmi syst\u00e9my a n\u00e1stroji, kde jsou tato data ulo\u017eena. Zdrojov\u00e1 data lze importovat do na\u0161eho ESG \u0159e\u0161en\u00ed, podobn\u011b jako u finan\u010dn\u00edch dat. Zpracov\u00e1n\u00ed, transformace, kalkulace dat a jejich agregace \u010di konsolidace v r\u00e1mci cel\u00e9 hierarchie entit Skupiny ji\u017e prob\u00edh\u00e1 v na\u0161em \u0159e\u0161en\u00ed. "}],"simplebeez_carrers_title":"","simplebeez_carrers_subtitle":"","simplebeez_carrers_description":"","simplebeez_carrers_blockquet_right":"","simplebeez_carrers_title_jobs":"","simplebeez_carrers_group_jobs":[],"simplebeez_carrers_group_image_carousel":[],"simplebeez_carrers_group_benefits":[],"simplebeez_partners_group":[],"simplebeez_white_papers_group":[],"simplebeez_modal_title":"","simplebeez_modal_input_text":"","simplebeez_modal_valid_text":"","simplebeez_modal_checkbox_title":"","simplebeez_modal_btn_send":"","simplebeez_modal_btn_close":"","simplebeez_contact_us_contact_title":"","simplebeez_contact_us_open_hours_title":"","simplebeez_contact_us_open_hours_description":"","simplebeez_contact_us_title":"","simplebeez_contact_us_description":"","simplebeez_contact_us_group_image":[],"latest_blog_post_title":"","latest_blog_post_btn_text":""},"_links":{"self":[{"href":"https:\/\/www.simplebeez.com\/cs\/wp-json\/wp\/v2\/pages\/463","targetHints":{"allow":["GET"]}}],"collection":[{"href":"https:\/\/www.simplebeez.com\/cs\/wp-json\/wp\/v2\/pages"}],"about":[{"href":"https:\/\/www.simplebeez.com\/cs\/wp-json\/wp\/v2\/types\/page"}],"author":[{"embeddable":true,"href":"https:\/\/www.simplebeez.com\/cs\/wp-json\/wp\/v2\/users\/1"}],"replies":[{"embeddable":true,"href":"https:\/\/www.simplebeez.com\/cs\/wp-json\/wp\/v2\/comments?post=463"}],"version-history":[{"count":2,"href":"https:\/\/www.simplebeez.com\/cs\/wp-json\/wp\/v2\/pages\/463\/revisions"}],"predecessor-version":[{"id":803,"href":"https:\/\/www.simplebeez.com\/cs\/wp-json\/wp\/v2\/pages\/463\/revisions\/803"}],"up":[{"embeddable":true,"href":"https:\/\/www.simplebeez.com\/cs\/wp-json\/wp\/v2\/pages\/549"}],"wp:attachment":[{"href":"https:\/\/www.simplebeez.com\/cs\/wp-json\/wp\/v2\/media?parent=463"}],"curies":[{"name":"wp","href":"https:\/\/api.w.org\/{rel}","templated":true}]}}